{"id":3028,"date":"2025-07-31T11:33:50","date_gmt":"2025-07-31T03:33:50","guid":{"rendered":"https:\/\/www.andelutech.com\/?post_type=product&#038;p=3028"},"modified":"2026-03-26T15:36:53","modified_gmt":"2026-03-26T07:36:53","slug":"three-axis-closed-loop-fiber-optic-gyro-combination-and-3120","status":"publish","type":"product","link":"https:\/\/www.andelutech.com\/es\/product\/three-axis-closed-loop-fiber-optic-gyro-combination-and-3120\/","title":{"rendered":"AND-3120 Three-axis closed-loop fiber optic gyro combination"},"content":{"rendered":"","protected":false},"excerpt":{"rendered":"<p>Principales indicadores de rendimiento<\/p>\n<p>Estabilidad de sesgo cero: \u22640.004 \u00b0 \/ h (100s, 1\u03c3)<\/p>\n<p>Repetibilidad de sesgo cero: \u22640.007\u00b0\/h<\/p>\n<p>Estabilidad de temperatura variable: \u22640.01 \u00b0 \/ h (100s, 1\u03c3, 0.3 \u2103 \/ min)<\/p>\n<p>Factor de escala no linealidad: \u22645ppm<\/p>\n<p>Repetibilidad completa de la escala de temperatura: \u226420ppm (1\u03c3)<\/p>\n<p>Rango din\u00e1mico: \u00b1400\u00b0\/s<\/p>\n<p>Vagando aleatorio: \u22640.0004\u00b0\/\u221ah<\/p>\n<p>Caracter\u00edsticas f\u00edsicas<\/p>\n<p>Dimensiones :<\/p>\n<p>Cabecera \u03a693mm\u00d717mm<\/p>\n<p>Caja electr\u00f3nica 120mm \u00d7 105mm \u00d7 26mm<\/p>\n<p>Peso<\/p>\n<p>Cabecera: 200g x 3<\/p>\n<p>Caja electr\u00f3nica: 250g<\/p>\n<p>Interfaz del producto<\/p>\n<p>Requisitos de alimentaci\u00f3n: \u00b15V<\/p>\n<p>Formulario de salida: salida RS422<\/p>\n<p>Adaptabilidad ambiental<\/p>\n<p>Temperatura de funcionamiento: -45 \u2103 - 75 \u2103<\/p>\n<p>Temperatura de almacenamiento: -55 \u2103 - 75 \u2103<\/p>\n<p>Resistente al impacto: 40g<\/p>\n<p>Resistente a vibraciones aleatorias: 6.85g<\/p>\n<p>Caracter\u00edsticas del producto<\/p>\n<p>Caracter\u00edsticas: El producto adopta una estructura de una sola pieza de tres ejes con protecci\u00f3n de blindaje magn\u00e9tico<\/p>\n<p>Campo de aplicaci\u00f3n: navegaci\u00f3n de alto rendimiento y orientaci\u00f3n de posicionamiento<\/p>","protected":false},"featured_media":2965,"comment_status":"closed","ping_status":"closed","template":"","meta":[],"product_brand":[],"product_cat":[22],"product_tag":[],"class_list":{"0":"post-3028","1":"product","2":"type-product","3":"status-publish","4":"has-post-thumbnail","6":"product_cat-gyro-sensor","8":"first","9":"instock","10":"shipping-taxable","11":"product-type-simple"},"_links":{"self":[{"href":"https:\/\/www.andelutech.com\/es\/wp-json\/wp\/v2\/product\/3028","targetHints":{"allow":["GET"]}}],"collection":[{"href":"https:\/\/www.andelutech.com\/es\/wp-json\/wp\/v2\/product"}],"about":[{"href":"https:\/\/www.andelutech.com\/es\/wp-json\/wp\/v2\/types\/product"}],"replies":[{"embeddable":true,"href":"https:\/\/www.andelutech.com\/es\/wp-json\/wp\/v2\/comments?post=3028"}],"wp:featuredmedia":[{"embeddable":true,"href":"https:\/\/www.andelutech.com\/es\/wp-json\/wp\/v2\/media\/2965"}],"wp:attachment":[{"href":"https:\/\/www.andelutech.com\/es\/wp-json\/wp\/v2\/media?parent=3028"}],"wp:term":[{"taxonomy":"product_brand","embeddable":true,"href":"https:\/\/www.andelutech.com\/es\/wp-json\/wp\/v2\/product_brand?post=3028"},{"taxonomy":"product_cat","embeddable":true,"href":"https:\/\/www.andelutech.com\/es\/wp-json\/wp\/v2\/product_cat?post=3028"},{"taxonomy":"product_tag","embeddable":true,"href":"https:\/\/www.andelutech.com\/es\/wp-json\/wp\/v2\/product_tag?post=3028"}],"curies":[{"name":"wp","href":"https:\/\/api.w.org\/{rel}","templated":true}]}}