{"id":3023,"date":"2025-07-31T11:27:13","date_gmt":"2025-07-31T03:27:13","guid":{"rendered":"https:\/\/www.andelutech.com\/?post_type=product&#038;p=3023"},"modified":"2026-03-26T16:13:04","modified_gmt":"2026-03-26T08:13:04","slug":"three-axis-closed-loop-fiber-optic-gyroscope-and-3140a","status":"publish","type":"product","link":"https:\/\/www.andelutech.com\/es\/product\/three-axis-closed-loop-fiber-optic-gyroscope-and-3140a\/","title":{"rendered":"AND-3140A Three-axis closed-loop fiber optic gyroscope"},"content":{"rendered":"","protected":false},"excerpt":{"rendered":"<p>Principales indicadores de rendimiento<\/p>\n<p>Estabilidad de sesgo cero: \u22640.0006\u00b0\/h (100s, 1\u03c3)<\/p>\n<p>Repetibilidad de sesgo cero: \u22640.0006\u00b0\/h<\/p>\n<p>Estabilidad de temperatura variable: \u22640.005 \u00b0 \/ h (100s, 1\u03c3, 0.3 \u2103 \/ min)<\/p>\n<p>Factor de escala no linealidad: \u22645ppm<\/p>\n<p>Repetibilidad completa de la escala de temperatura: \u226420ppm (1\u03c3)<\/p>\n<p>Rango din\u00e1mico: \u00b1400\u00b0\/s<\/p>\n<p>Vagando aleatorio: \u22640.00007\u00b0\/\u221ah<\/p>\n<p>Caracter\u00edsticas f\u00edsicas<\/p>\n<p>Dimensiones :&#8221; Cabecera: \u03a6140mm \u00d7 29mm<\/p>\n<p>Caja electr\u00f3nica: 132mm x 100mm x 40mm &#8221;<\/p>\n<p>Peso:<\/p>\n<p>&#8220; Cabecera: (820g \u00b1 20g) \u00d7 3<\/p>\n<p>Caja electr\u00f3nica: 450g \u00b1 20g &#8221;<\/p>\n<p>Interfaz del producto<\/p>\n<p>Requisitos de alimentaci\u00f3n: \u00b15V<\/p>\n<p>Formulario de salida: salida RS422<\/p>\n<p>Adaptabilidad ambiental<\/p>\n<p>Temperatura de funcionamiento: -40\u2103- 60\u2103<\/p>\n<p>Temperatura de almacenamiento: -50 \u2103 - 75 \u2103<\/p>\n<p>Caracter\u00edsticas del producto<\/p>\n<p>Caracter\u00edsticas: dise\u00f1o dividido fotoel\u00e9ctrico, dise\u00f1o de blindaje magn\u00e9tico<\/p>\n<p>Campo de aplicaci\u00f3n: navegaci\u00f3n y orientaci\u00f3n de posicionamiento de alta precisi\u00f3n<\/p>","protected":false},"featured_media":2966,"comment_status":"closed","ping_status":"closed","template":"","meta":[],"product_brand":[],"product_cat":[22],"product_tag":[],"class_list":{"0":"post-3023","1":"product","2":"type-product","3":"status-publish","4":"has-post-thumbnail","6":"product_cat-gyro-sensor","8":"first","9":"instock","10":"shipping-taxable","11":"product-type-simple"},"_links":{"self":[{"href":"https:\/\/www.andelutech.com\/es\/wp-json\/wp\/v2\/product\/3023","targetHints":{"allow":["GET"]}}],"collection":[{"href":"https:\/\/www.andelutech.com\/es\/wp-json\/wp\/v2\/product"}],"about":[{"href":"https:\/\/www.andelutech.com\/es\/wp-json\/wp\/v2\/types\/product"}],"replies":[{"embeddable":true,"href":"https:\/\/www.andelutech.com\/es\/wp-json\/wp\/v2\/comments?post=3023"}],"wp:featuredmedia":[{"embeddable":true,"href":"https:\/\/www.andelutech.com\/es\/wp-json\/wp\/v2\/media\/2966"}],"wp:attachment":[{"href":"https:\/\/www.andelutech.com\/es\/wp-json\/wp\/v2\/media?parent=3023"}],"wp:term":[{"taxonomy":"product_brand","embeddable":true,"href":"https:\/\/www.andelutech.com\/es\/wp-json\/wp\/v2\/product_brand?post=3023"},{"taxonomy":"product_cat","embeddable":true,"href":"https:\/\/www.andelutech.com\/es\/wp-json\/wp\/v2\/product_cat?post=3023"},{"taxonomy":"product_tag","embeddable":true,"href":"https:\/\/www.andelutech.com\/es\/wp-json\/wp\/v2\/product_tag?post=3023"}],"curies":[{"name":"wp","href":"https:\/\/api.w.org\/{rel}","templated":true}]}}