{"id":3022,"date":"2025-07-31T11:22:09","date_gmt":"2025-07-31T03:22:09","guid":{"rendered":"https:\/\/www.andelutech.com\/?post_type=product&#038;p=3022"},"modified":"2026-03-26T16:15:39","modified_gmt":"2026-03-26T08:15:39","slug":"photonic-integrated-fiber-optic-gyroscope-and-pfog","status":"publish","type":"product","link":"https:\/\/www.andelutech.com\/es\/product\/photonic-integrated-fiber-optic-gyroscope-and-pfog\/","title":{"rendered":"AND-PFOG Photonic integrated fiber optic gyroscope"},"content":{"rendered":"","protected":false},"excerpt":{"rendered":"<p>Principales indicadores de rendimiento<\/p>\n<p>Estabilidad de sesgo cero: \u22640.5\u00b0\/(10s, 1\u03c3)<\/p>\n<p>Repetibilidad de sesgo cero: \u22640.1\u00b0\/<\/p>\n<p>Estabilidad de temperatura variable: \u22642\u00b0\/h<\/p>\n<p>Factor de escala no linealidad: \u22641000ppm<\/p>\n<p>Repetibilidad completa de la escala de temperatura: \u22641% (p-p)<\/p>\n<p>Rango din\u00e1mico: \u00b1200\u00b0\/s<\/p>\n<p>Vagando aleatorio: \u22640.05\u00b0\/\u221ah<\/p>\n<p>Caracter\u00edsticas f\u00edsicas<\/p>\n<p>Dimensiones: 50mm \u00d7 50mm \u00d7 29.5mm<\/p>\n<p>Peso: 120g\u00b110g<\/p>\n<p>Interfaz del producto<\/p>\n<p>Requisitos de alimentaci\u00f3n: 5V<\/p>\n<p>Formulario de salida: R422output<\/p>\n<p>Adaptabilidad ambiental<\/p>\n<p>Temperatura de funcionamiento: -45 \u2103- 75 \u2103<\/p>\n<p>Temperatura de almacenamiento: -55 \u2103 - 85 \u2103<\/p>\n<p>Resistente al impacto: 500g<\/p>\n<p>Resistente a vibraciones aleatorias: 19g<\/p>\n<p>Resistencia a la aceleraci\u00f3n: 70g<\/p>\n<p>Caracter\u00edsticas del producto<\/p>\n<p>Caracter\u00edsticas del producto: integraci\u00f3n de chip fot\u00f3nico, tama\u00f1o peque\u00f1o, alta fiabilidad<\/p>\n<p>Campos de aplicaci\u00f3n: detecci\u00f3n de velocidad angular, conducci\u00f3n no tripulada, drones<\/p>","protected":false},"featured_media":3303,"comment_status":"closed","ping_status":"closed","template":"","meta":[],"product_brand":[],"product_cat":[22],"product_tag":[],"class_list":{"0":"post-3022","1":"product","2":"type-product","3":"status-publish","4":"has-post-thumbnail","6":"product_cat-gyro-sensor","8":"first","9":"instock","10":"shipping-taxable","11":"product-type-simple"},"_links":{"self":[{"href":"https:\/\/www.andelutech.com\/es\/wp-json\/wp\/v2\/product\/3022","targetHints":{"allow":["GET"]}}],"collection":[{"href":"https:\/\/www.andelutech.com\/es\/wp-json\/wp\/v2\/product"}],"about":[{"href":"https:\/\/www.andelutech.com\/es\/wp-json\/wp\/v2\/types\/product"}],"replies":[{"embeddable":true,"href":"https:\/\/www.andelutech.com\/es\/wp-json\/wp\/v2\/comments?post=3022"}],"wp:featuredmedia":[{"embeddable":true,"href":"https:\/\/www.andelutech.com\/es\/wp-json\/wp\/v2\/media\/3303"}],"wp:attachment":[{"href":"https:\/\/www.andelutech.com\/es\/wp-json\/wp\/v2\/media?parent=3022"}],"wp:term":[{"taxonomy":"product_brand","embeddable":true,"href":"https:\/\/www.andelutech.com\/es\/wp-json\/wp\/v2\/product_brand?post=3022"},{"taxonomy":"product_cat","embeddable":true,"href":"https:\/\/www.andelutech.com\/es\/wp-json\/wp\/v2\/product_cat?post=3022"},{"taxonomy":"product_tag","embeddable":true,"href":"https:\/\/www.andelutech.com\/es\/wp-json\/wp\/v2\/product_tag?post=3022"}],"curies":[{"name":"wp","href":"https:\/\/api.w.org\/{rel}","templated":true}]}}