{"id":3021,"date":"2025-07-31T11:22:34","date_gmt":"2025-07-31T03:22:34","guid":{"rendered":"https:\/\/www.andelutech.com\/?post_type=product&#038;p=3021"},"modified":"2026-03-26T16:14:49","modified_gmt":"2026-03-26T08:14:49","slug":"single-axis-closed-loop-fiber-optic-gyroscope-1140a","status":"publish","type":"product","link":"https:\/\/www.andelutech.com\/es\/product\/single-axis-closed-loop-fiber-optic-gyroscope-1140a\/","title":{"rendered":"AND1140A Single-axis closed-loop fiber optic gyroscope"},"content":{"rendered":"","protected":false},"excerpt":{"rendered":"<p>Tama\u00f1o: 140mm<\/p>\n<p>Modelo\/Nombre: Giroscopio de fibra \u00f3ptica de bucle cerrado de eje \u00fanico AND1140A<\/p>\n<p>Principales indicadores de rendimiento<\/p>\n<p>Estabilidad de sesgo cero: \u22640.0004 \u00b0 \/ h (100s, 1\u03c3)<\/p>\n<p>Repetibilidad de sesgo cero: \u22640.0004\u00b0\/h<\/p>\n<p>Estabilidad de temperatura variable: \u22640.0004 \u00b0 \/ h (100s, 1\u03c3, control de temperatura)<\/p>\n<p>Factor de escala no linealidad: \u22645ppm<\/p>\n<p>Repetibilidad completa de la escala de temperatura: \u22645ppm (1\u03c3, control de temperatura)<\/p>\n<p>Rango din\u00e1mico: \u00b1300\u00b0\/s<\/p>\n<p>Vagando aleatorio: \u22640.00005\u00b0\/\u221ah<\/p>\n<p>Caracter\u00edsticas f\u00edsicas<\/p>\n<p>Dimensiones: Diameter145mm \u00d7 Height40mm<\/p>\n<p>Peso: 1750g \u00b1 50g<\/p>\n<p>Adaptabilidad ambiental<\/p>\n<p>Temperatura de funcionamiento: -40\u2103- 60\u2103<\/p>\n<p>Temperatura de almacenamiento: -50\u2103- 75\u2103<\/p>\n<p>Interfaz del producto<\/p>\n<p>Requisitos de fuente de alimentaci\u00f3n: \u00b15V<\/p>\n<p>Formulario de salida: RS422output<\/p>\n<p>Caracter\u00edsticas del producto<\/p>\n<p>Caracter\u00edsticas: dise\u00f1o dividido fotoel\u00e9ctrico, dise\u00f1o de blindaje magn\u00e9tico doble, dise\u00f1o de control de temperatura<\/p>\n<p>Campo de aplicaci\u00f3n: Navegaci\u00f3n y posicionamiento de alta precisi\u00f3n<\/p>","protected":false},"featured_media":3301,"comment_status":"closed","ping_status":"closed","template":"","meta":[],"product_brand":[],"product_cat":[22],"product_tag":[],"class_list":{"0":"post-3021","1":"product","2":"type-product","3":"status-publish","4":"has-post-thumbnail","6":"product_cat-gyro-sensor","8":"first","9":"instock","10":"shipping-taxable","11":"product-type-simple"},"_links":{"self":[{"href":"https:\/\/www.andelutech.com\/es\/wp-json\/wp\/v2\/product\/3021","targetHints":{"allow":["GET"]}}],"collection":[{"href":"https:\/\/www.andelutech.com\/es\/wp-json\/wp\/v2\/product"}],"about":[{"href":"https:\/\/www.andelutech.com\/es\/wp-json\/wp\/v2\/types\/product"}],"replies":[{"embeddable":true,"href":"https:\/\/www.andelutech.com\/es\/wp-json\/wp\/v2\/comments?post=3021"}],"wp:featuredmedia":[{"embeddable":true,"href":"https:\/\/www.andelutech.com\/es\/wp-json\/wp\/v2\/media\/3301"}],"wp:attachment":[{"href":"https:\/\/www.andelutech.com\/es\/wp-json\/wp\/v2\/media?parent=3021"}],"wp:term":[{"taxonomy":"product_brand","embeddable":true,"href":"https:\/\/www.andelutech.com\/es\/wp-json\/wp\/v2\/product_brand?post=3021"},{"taxonomy":"product_cat","embeddable":true,"href":"https:\/\/www.andelutech.com\/es\/wp-json\/wp\/v2\/product_cat?post=3021"},{"taxonomy":"product_tag","embeddable":true,"href":"https:\/\/www.andelutech.com\/es\/wp-json\/wp\/v2\/product_tag?post=3021"}],"curies":[{"name":"wp","href":"https:\/\/api.w.org\/{rel}","templated":true}]}}