{"id":3019,"date":"2025-07-31T11:18:21","date_gmt":"2025-07-31T03:18:21","guid":{"rendered":"https:\/\/www.andelutech.com\/?post_type=product&#038;p=3019"},"modified":"2026-03-26T16:21:04","modified_gmt":"2026-03-26T08:21:04","slug":"closed-loop-fiber-optic-gyroscope-and1280c","status":"publish","type":"product","link":"https:\/\/www.andelutech.com\/es\/product\/closed-loop-fiber-optic-gyroscope-and1280c\/","title":{"rendered":"AND1280C Closed-loop fiber optic gyroscope"},"content":{"rendered":"","protected":false},"excerpt":{"rendered":"<p>Tama\u00f1o: 120mm<\/p>\n<p>Modelo\/Nombre: Giroscopio de fibra \u00f3ptica de bucle cerrado AND1280C<\/p>\n<p>Principales indicadores de rendimiento<\/p>\n<p>Estabilidad de sesgo cero: \u22640.001 \u00b0 \/ h (100s, 1\u03c3)<\/p>\n<p>Repetibilidad de sesgo cero: \u22640.001 \u00b0 \/ h<\/p>\n<p>Estabilidad de temperatura variable: \u22640.005 \u00b0 \/ h (100s, 1\u03c3, 0.3 \u2103 \/ min)<\/p>\n<p>Factor de escala no linealidad: \u22645ppm<\/p>\n<p>Repetibilidad completa de la escala de temperatura: \u226420ppm (1\u03c3)<\/p>\n<p>Rango din\u00e1mico: \u00b1300\u00b0\/s<\/p>\n<p>Vagando aleatorio: \u22640.00015\u00b0\/\u221ah<\/p>\n<p>Caracter\u00edsticas f\u00edsicas<\/p>\n<p>Dimensiones: 120mm \u00d7 120mm \u00d7 38mm<\/p>\n<p>Peso: 820g \u00b1 20g<\/p>\n<p>Adaptabilidad ambiental<\/p>\n<p>Temperatura de funcionamiento: -40\u2103- 60\u2103<\/p>\n<p>Temperatura de almacenamiento: -50 \u2103 - 75 \u2103<\/p>\n<p>Resistente al impacto: 20g<\/p>\n<p>Resistente a vibraciones aleatorias: 3.2g<\/p>\n<p>Interfaz del producto<\/p>\n<p>Requisitos de fuente de alimentaci\u00f3n: \u00b15V<\/p>\n<p>Formulario de salida: RS422output<\/p>\n<p>Caracter\u00edsticas del producto<\/p>\n<p>Caracter\u00edsticas: Integraci\u00f3n fotoel\u00e9ctrica, dise\u00f1o de blindaje magn\u00e9tico<\/p>\n<p>Campo de aplicaci\u00f3n: navegaci\u00f3n de alta precisi\u00f3n y orientaci\u00f3n de posicionamiento<\/p>","protected":false},"featured_media":3307,"comment_status":"closed","ping_status":"closed","template":"","meta":[],"product_brand":[],"product_cat":[22],"product_tag":[],"class_list":{"0":"post-3019","1":"product","2":"type-product","3":"status-publish","4":"has-post-thumbnail","6":"product_cat-gyro-sensor","8":"first","9":"instock","10":"shipping-taxable","11":"product-type-simple"},"_links":{"self":[{"href":"https:\/\/www.andelutech.com\/es\/wp-json\/wp\/v2\/product\/3019","targetHints":{"allow":["GET"]}}],"collection":[{"href":"https:\/\/www.andelutech.com\/es\/wp-json\/wp\/v2\/product"}],"about":[{"href":"https:\/\/www.andelutech.com\/es\/wp-json\/wp\/v2\/types\/product"}],"replies":[{"embeddable":true,"href":"https:\/\/www.andelutech.com\/es\/wp-json\/wp\/v2\/comments?post=3019"}],"wp:featuredmedia":[{"embeddable":true,"href":"https:\/\/www.andelutech.com\/es\/wp-json\/wp\/v2\/media\/3307"}],"wp:attachment":[{"href":"https:\/\/www.andelutech.com\/es\/wp-json\/wp\/v2\/media?parent=3019"}],"wp:term":[{"taxonomy":"product_brand","embeddable":true,"href":"https:\/\/www.andelutech.com\/es\/wp-json\/wp\/v2\/product_brand?post=3019"},{"taxonomy":"product_cat","embeddable":true,"href":"https:\/\/www.andelutech.com\/es\/wp-json\/wp\/v2\/product_cat?post=3019"},{"taxonomy":"product_tag","embeddable":true,"href":"https:\/\/www.andelutech.com\/es\/wp-json\/wp\/v2\/product_tag?post=3019"}],"curies":[{"name":"wp","href":"https:\/\/api.w.org\/{rel}","templated":true}]}}