{"id":3014,"date":"2025-07-31T11:11:35","date_gmt":"2025-07-31T03:11:35","guid":{"rendered":"https:\/\/www.andelutech.com\/?post_type=product&#038;p=3014"},"modified":"2026-03-26T16:25:08","modified_gmt":"2026-03-26T08:25:08","slug":"photonics-integrated-dual-axis-fiber-optic-gyro-and213","status":"publish","type":"product","link":"https:\/\/www.andelutech.com\/es\/product\/photonics-integrated-dual-axis-fiber-optic-gyro-and213\/","title":{"rendered":"AND213 Photonics integrated dual-axis fiber optic gyro"},"content":{"rendered":"","protected":false},"excerpt":{"rendered":"<p>Principales indicadores de rendimiento<\/p>\n<p>Estabilidad de sesgo cero: \u22642\u00b0\/h (10s, 1\u03c3)<\/p>\n<p>Repetibilidad de sesgo cero: \u22642\u00b0\/h<\/p>\n<p>Estabilidad de temperatura variable: \u226430\u00b0\/h<\/p>\n<p>Factor de escala no linealidad: \u22641000ppm<\/p>\n<p>Repetibilidad completa de la escala de temperatura: \u22641% (p-p)<\/p>\n<p>Rango din\u00e1mico: \u00b1500\u00b0\/s<\/p>\n<p>Vagando aleatorio: \u22640.0015\u00b0\/\u221ah<\/p>\n<p>Caracter\u00edsticas f\u00edsicas<\/p>\n<p>Dimensiones: 74mm x 69mm x 55mm<\/p>\n<p>Peso: 300g\u00b110g<\/p>\n<p>Interfaz del producto<\/p>\n<p>Requisitos de alimentaci\u00f3n: + 5V<\/p>\n<p>Formulario de salida: salida RS422<\/p>\n<p>Adaptabilidad ambiental<\/p>\n<p>Temperatura de funcionamiento: -50 \u2103- 75 \u2103<\/p>\n<p>Temperatura de almacenamiento: -55 \u2103 - 85 \u2103<\/p>\n<p>Resistente al impacto: 500g<\/p>\n<p>Resistente a vibraciones aleatorias: 20g<\/p>\n<p>Resistencia a la aceleraci\u00f3n: 50g<\/p>\n<p>Caracter\u00edsticas del producto<\/p>\n<p>Tama\u00f1o peque\u00f1o, bajo consumo de energ\u00eda, bajo costo, alta fiabilidad<\/p>\n<p>Aplicaciones: buscador, control de actitud<\/p>","protected":false},"featured_media":3310,"comment_status":"closed","ping_status":"closed","template":"","meta":[],"product_brand":[],"product_cat":[22],"product_tag":[],"class_list":{"0":"post-3014","1":"product","2":"type-product","3":"status-publish","4":"has-post-thumbnail","6":"product_cat-gyro-sensor","8":"first","9":"instock","10":"shipping-taxable","11":"product-type-simple"},"_links":{"self":[{"href":"https:\/\/www.andelutech.com\/es\/wp-json\/wp\/v2\/product\/3014","targetHints":{"allow":["GET"]}}],"collection":[{"href":"https:\/\/www.andelutech.com\/es\/wp-json\/wp\/v2\/product"}],"about":[{"href":"https:\/\/www.andelutech.com\/es\/wp-json\/wp\/v2\/types\/product"}],"replies":[{"embeddable":true,"href":"https:\/\/www.andelutech.com\/es\/wp-json\/wp\/v2\/comments?post=3014"}],"wp:featuredmedia":[{"embeddable":true,"href":"https:\/\/www.andelutech.com\/es\/wp-json\/wp\/v2\/media\/3310"}],"wp:attachment":[{"href":"https:\/\/www.andelutech.com\/es\/wp-json\/wp\/v2\/media?parent=3014"}],"wp:term":[{"taxonomy":"product_brand","embeddable":true,"href":"https:\/\/www.andelutech.com\/es\/wp-json\/wp\/v2\/product_brand?post=3014"},{"taxonomy":"product_cat","embeddable":true,"href":"https:\/\/www.andelutech.com\/es\/wp-json\/wp\/v2\/product_cat?post=3014"},{"taxonomy":"product_tag","embeddable":true,"href":"https:\/\/www.andelutech.com\/es\/wp-json\/wp\/v2\/product_tag?post=3014"}],"curies":[{"name":"wp","href":"https:\/\/api.w.org\/{rel}","templated":true}]}}