{"id":3010,"date":"2025-07-31T10:45:48","date_gmt":"2025-07-31T02:45:48","guid":{"rendered":"https:\/\/www.andelutech.com\/?post_type=product&#038;p=3010"},"modified":"2026-03-26T16:34:10","modified_gmt":"2026-03-26T08:34:10","slug":"medium-and-high-precision-laser-gyroscope-type-70","status":"publish","type":"product","link":"https:\/\/www.andelutech.com\/es\/product\/medium-and-high-precision-laser-gyroscope-type-70\/","title":{"rendered":"AND70 Medium and high precision laser gyroscope Type"},"content":{"rendered":"","protected":false},"excerpt":{"rendered":"<p>M\u00e9tricas de rendimiento<\/p>\n<p>Estabilidad de sesgo cero: \u22640.005 \u00b0 \/ h<\/p>\n<p>Repetibilidad de sesgo cero: \u22640.003 \u00b0 \/ h<\/p>\n<p>Repetibilidad de los factores de escala: \u22644ppm<\/p>\n<p>Factor de escala no lineal: \u22644ppm<\/p>\n<p>Rango din\u00e1mico: \u00b1400\u00b0\/s<\/p>\n<p>Caracter\u00edsticas f\u00edsicas<\/p>\n<p>Tipo de sensor<strong><b>:<\/b><\/strong><\/p>\n<p>Tama\u00f1o: 98mm x 82mm x 26mm<\/p>\n<p>Peso: 0,34 kg<\/p>\n<p>Tipo digital<strong><b>:<\/b><\/strong><\/p>\n<p>Tama\u00f1o del paquete: 102mm \u00d7 93.5mm \u00d7 53.5mm<\/p>\n<p>Peso: 1kg<\/p>\n<p>Caracter\u00edsticas de la interfaz<\/p>\n<p>Tipo de sensor<strong><b>:<\/b><\/strong><\/p>\n<p>Modo de salida: se\u00f1al anal\u00f3gica<\/p>\n<p>Tipo digital<strong><b>:<\/b><\/strong><\/p>\n<p>M\u00e9todo de salida: TTL<\/p>\n<p>Interfaz de datos: conector est\u00e1ndar<\/p>\n<p>Aplicaciones<\/p>\n<p>Sistema de gu\u00eda inercial, posicionamiento y orientaci\u00f3n con correa l\u00e1ser est\u00e1ndar para mar, tierra, aire y espacio<\/p>\n<p>Adaptabilidad ambiental<\/p>\n<p>Temperatura de funcionamiento: -45 \u2103 ~ 70 \u2103<\/p>\n<p>Vibraci\u00f3n aleatoria: 7g (20 ~ 2000Hz)<\/p>","protected":false},"featured_media":3314,"comment_status":"closed","ping_status":"closed","template":"","meta":[],"product_brand":[],"product_cat":[22],"product_tag":[],"class_list":{"0":"post-3010","1":"product","2":"type-product","3":"status-publish","4":"has-post-thumbnail","6":"product_cat-gyro-sensor","8":"first","9":"instock","10":"shipping-taxable","11":"product-type-simple"},"_links":{"self":[{"href":"https:\/\/www.andelutech.com\/es\/wp-json\/wp\/v2\/product\/3010","targetHints":{"allow":["GET"]}}],"collection":[{"href":"https:\/\/www.andelutech.com\/es\/wp-json\/wp\/v2\/product"}],"about":[{"href":"https:\/\/www.andelutech.com\/es\/wp-json\/wp\/v2\/types\/product"}],"replies":[{"embeddable":true,"href":"https:\/\/www.andelutech.com\/es\/wp-json\/wp\/v2\/comments?post=3010"}],"wp:featuredmedia":[{"embeddable":true,"href":"https:\/\/www.andelutech.com\/es\/wp-json\/wp\/v2\/media\/3314"}],"wp:attachment":[{"href":"https:\/\/www.andelutech.com\/es\/wp-json\/wp\/v2\/media?parent=3010"}],"wp:term":[{"taxonomy":"product_brand","embeddable":true,"href":"https:\/\/www.andelutech.com\/es\/wp-json\/wp\/v2\/product_brand?post=3010"},{"taxonomy":"product_cat","embeddable":true,"href":"https:\/\/www.andelutech.com\/es\/wp-json\/wp\/v2\/product_cat?post=3010"},{"taxonomy":"product_tag","embeddable":true,"href":"https:\/\/www.andelutech.com\/es\/wp-json\/wp\/v2\/product_tag?post=3010"}],"curies":[{"name":"wp","href":"https:\/\/api.w.org\/{rel}","templated":true}]}}