{"id":2999,"date":"2025-07-30T16:30:11","date_gmt":"2025-07-30T08:30:11","guid":{"rendered":"https:\/\/www.andelutech.com\/?post_type=product&#038;p=2999"},"modified":"2026-01-09T13:40:34","modified_gmt":"2026-01-09T05:40:34","slug":"closed-loop-fiber-optic-gyroscope-and185e","status":"publish","type":"product","link":"https:\/\/www.andelutech.com\/es\/product\/closed-loop-fiber-optic-gyroscope-and185e\/","title":{"rendered":"AND185E Closed-loop fiber optic gyroscope"},"content":{"rendered":"","protected":false},"excerpt":{"rendered":"<p>Principales indicadores de rendimiento<\/p>\n<p>Estabilidad de sesgo cero: \u22640.015 \u00b0 \/ h (10s, 1\u03c3)<\/p>\n<p>Estabilidad de sesgo cero: \u22640.015\u00b0\/h<\/p>\n<p>Estabilidad de temperatura variable: \u22640.05 \u00b0 \/ h (10s, 1\u03c3, 1 \u2103 \/ min)<\/p>\n<p>Factor de escala no linealidad: \u22645ppm<\/p>\n<p>Repetibilidad completa de la escala de temperatura: \u226450ppm (1\u03c3)<\/p>\n<p>Rango din\u00e1mico: \u00b1400\u00b0\/s<\/p>\n<p>Vagando aleatorio: \u22640.0008\u00b0\/\u221ah<\/p>\n<p>Caracter\u00edsticas f\u00edsicas<\/p>\n<p>Dimensiones: 98mm x 98mm x 35mm<\/p>\n<p>Peso: 530g\u00b120g<\/p>\n<p>Adaptabilidad ambiental<\/p>\n<p>Temperatura de funcionamiento: -45 \u2103- 75 \u2103<\/p>\n<p>Temperatura de almacenamiento: -50 \u2103 - 75 \u2103<\/p>\n<p>Resistente al impacto: 20g<\/p>\n<p>Resistente a vibraciones aleatorias: 7.2g<\/p>\n<p>Interfaz del producto<\/p>\n<p>Requisitos de fuente de alimentaci\u00f3n: \u00b15V<\/p>\n<p>Formulario de salida: RS422output<\/p>\n<p>Caracter\u00edsticas del producto<\/p>\n<p>Integraci\u00f3n fotoel\u00e9ctrica, blindaje magn\u00e9tico, sellado a nivel de giroscopio<\/p>\n<p>Campo de aplicaci\u00f3n: Navegaci\u00f3n y orientaci\u00f3n de posicionamiento de precisi\u00f3n media<\/p>","protected":false},"featured_media":3322,"comment_status":"closed","ping_status":"closed","template":"","meta":[],"product_brand":[],"product_cat":[22],"product_tag":[],"class_list":{"0":"post-2999","1":"product","2":"type-product","3":"status-publish","4":"has-post-thumbnail","6":"product_cat-gyro-sensor","8":"first","9":"instock","10":"shipping-taxable","11":"product-type-simple"},"_links":{"self":[{"href":"https:\/\/www.andelutech.com\/es\/wp-json\/wp\/v2\/product\/2999","targetHints":{"allow":["GET"]}}],"collection":[{"href":"https:\/\/www.andelutech.com\/es\/wp-json\/wp\/v2\/product"}],"about":[{"href":"https:\/\/www.andelutech.com\/es\/wp-json\/wp\/v2\/types\/product"}],"replies":[{"embeddable":true,"href":"https:\/\/www.andelutech.com\/es\/wp-json\/wp\/v2\/comments?post=2999"}],"wp:featuredmedia":[{"embeddable":true,"href":"https:\/\/www.andelutech.com\/es\/wp-json\/wp\/v2\/media\/3322"}],"wp:attachment":[{"href":"https:\/\/www.andelutech.com\/es\/wp-json\/wp\/v2\/media?parent=2999"}],"wp:term":[{"taxonomy":"product_brand","embeddable":true,"href":"https:\/\/www.andelutech.com\/es\/wp-json\/wp\/v2\/product_brand?post=2999"},{"taxonomy":"product_cat","embeddable":true,"href":"https:\/\/www.andelutech.com\/es\/wp-json\/wp\/v2\/product_cat?post=2999"},{"taxonomy":"product_tag","embeddable":true,"href":"https:\/\/www.andelutech.com\/es\/wp-json\/wp\/v2\/product_tag?post=2999"}],"curies":[{"name":"wp","href":"https:\/\/api.w.org\/{rel}","templated":true}]}}