{"id":2998,"date":"2025-07-30T16:17:33","date_gmt":"2025-07-30T08:17:33","guid":{"rendered":"https:\/\/www.andelutech.com\/?post_type=product&#038;p=2998"},"modified":"2026-01-09T13:40:56","modified_gmt":"2026-01-09T05:40:56","slug":"closed-loop-fiber-optic-gyroscope-and98hb","status":"publish","type":"product","link":"https:\/\/www.andelutech.com\/es\/product\/closed-loop-fiber-optic-gyroscope-and98hb\/","title":{"rendered":"AND98HB Closed-loop fiber optic gyroscope"},"content":{"rendered":"","protected":false},"excerpt":{"rendered":"<p>Principales indicadores de rendimiento<\/p>\n<p>Estabilidad de sesgo cero: \u22640.015 \u00b0 \/ h (10s, 1\u03c3)<\/p>\n<p>Repetibilidad de sesgo cero: \u22640.01\u00b0\/h<\/p>\n<p>Estabilidad de temperatura variable: \u22640.02 \u00b0 \/ h (100s, 1\u03c3)<\/p>\n<p>Factor de escala no linealidad: \u22645ppm<\/p>\n<p>Repetibilidad de las escalas de temperatura completa: \u226450ppm (1\u03c3)<\/p>\n<p>gama din\u00e1mica: \u00b1400\u00b0\/s<\/p>\n<p>Vagando aleatorio: \u22640.0008\u00b0\/\u221ah<\/p>\n<p>Caracter\u00edsticas f\u00edsicas<\/p>\n<p>Dimensiones: 98mm x 98mm x 35mm<\/p>\n<p>Peso: 530g\u00b120g<\/p>\n<p>Adaptabilidad ambiental<\/p>\n<p>Temperatura de funcionamiento: -40\u2103- 70\u2103<\/p>\n<p>Temperatura de almacenamiento: -50\u2103- 70\u2103<\/p>\n<p>Resistente al impacto: 20g<\/p>\n<p>Resistente a vibraciones aleatorias: 5.3g<\/p>\n<p>Interfaz del producto<\/p>\n<p>Requisitos de fuente de alimentaci\u00f3n: \u00b15V<\/p>\n<p>Formulario de salida: RS422output<\/p>\n<p>Caracter\u00edsticas del producto<\/p>\n<p>El producto adopta una estructura fotoelectr\u00f3nica integrada, totalmente de estado s\u00f3lido, con protecci\u00f3n de blindaje magn\u00e9tico<\/p>\n<p>Campos de aplicaci\u00f3n: armas t\u00e1cticas de mediano y largo alcance, sistema de actitud de correa y gu\u00eda inercial y otros campos<\/p>","protected":false},"featured_media":3323,"comment_status":"closed","ping_status":"closed","template":"","meta":[],"product_brand":[],"product_cat":[22],"product_tag":[],"class_list":{"0":"post-2998","1":"product","2":"type-product","3":"status-publish","4":"has-post-thumbnail","6":"product_cat-gyro-sensor","8":"first","9":"instock","10":"shipping-taxable","11":"product-type-simple"},"_links":{"self":[{"href":"https:\/\/www.andelutech.com\/es\/wp-json\/wp\/v2\/product\/2998","targetHints":{"allow":["GET"]}}],"collection":[{"href":"https:\/\/www.andelutech.com\/es\/wp-json\/wp\/v2\/product"}],"about":[{"href":"https:\/\/www.andelutech.com\/es\/wp-json\/wp\/v2\/types\/product"}],"replies":[{"embeddable":true,"href":"https:\/\/www.andelutech.com\/es\/wp-json\/wp\/v2\/comments?post=2998"}],"wp:featuredmedia":[{"embeddable":true,"href":"https:\/\/www.andelutech.com\/es\/wp-json\/wp\/v2\/media\/3323"}],"wp:attachment":[{"href":"https:\/\/www.andelutech.com\/es\/wp-json\/wp\/v2\/media?parent=2998"}],"wp:term":[{"taxonomy":"product_brand","embeddable":true,"href":"https:\/\/www.andelutech.com\/es\/wp-json\/wp\/v2\/product_brand?post=2998"},{"taxonomy":"product_cat","embeddable":true,"href":"https:\/\/www.andelutech.com\/es\/wp-json\/wp\/v2\/product_cat?post=2998"},{"taxonomy":"product_tag","embeddable":true,"href":"https:\/\/www.andelutech.com\/es\/wp-json\/wp\/v2\/product_tag?post=2998"}],"curies":[{"name":"wp","href":"https:\/\/api.w.org\/{rel}","templated":true}]}}