{"id":2995,"date":"2025-07-30T15:27:36","date_gmt":"2025-07-30T07:27:36","guid":{"rendered":"https:\/\/www.andelutech.com\/?post_type=product&#038;p=2995"},"modified":"2026-01-09T13:41:50","modified_gmt":"2026-01-09T05:41:50","slug":"closed-loop-fiber-optic-gyroscope-and180-and180g","status":"publish","type":"product","link":"https:\/\/www.andelutech.com\/es\/product\/closed-loop-fiber-optic-gyroscope-and180-and180g\/","title":{"rendered":"AND180\/AND180G Closed-loop fiber optic gyroscope"},"content":{"rendered":"","protected":false},"excerpt":{"rendered":"<p>Principales indicadores de rendimiento<\/p>\n<p>Estabilidad de sesgo cero: \u22640.007 \u00b0 \/ h (100s, 1\u03c3)<\/p>\n<p>Repetibilidad de sesgo cero: \u22640.01\u00b0\/h<\/p>\n<p>Estabilidad de temperatura variable: \u22640.02 \u00b0 \/ h (100s, 1\u03c3, 0.5 \u2103 \/ min)<\/p>\n<p>No linealidad del factor de escala: \u226410ppm<\/p>\n<p>Repetibilidad completa de la escala de temperatura: \u226430ppm (1\u03c3)<\/p>\n<p>Rango din\u00e1mico: \u00b1400\u00b0\/s<\/p>\n<p>Vagando aleatorio: \u22640.001\u00b0\/\u221ah<\/p>\n<p>Caracter\u00edsticas f\u00edsicas<\/p>\n<p>Dimensiones: 80mm x 80mm x 35mm<\/p>\n<p>Peso: 375g\u00b120g<\/p>\n<p>Adaptabilidad ambiental<\/p>\n<p>Temperatura de funcionamiento: -40\u2103- 70\u2103<\/p>\n<p>Temperatura de almacenamiento: -55\u2103- 75\u2103<\/p>\n<p>Resistente al impacto: 20g<\/p>\n<p>Resistente a vibraciones aleatorias: 7.4g<\/p>\n<p>Interfaz del producto<\/p>\n<p>Requisitos de fuente de alimentaci\u00f3n: \u00b15V<\/p>\n<p>Formulario de salida: RS422outout<\/p>\n<p>Caracter\u00edsticas<\/p>\n<p>Dise\u00f1o miniaturizado de alta precisi\u00f3n, dise\u00f1o de blindaje magn\u00e9tico fotoel\u00e9ctrico integrado; AND180G es un producto de producci\u00f3n nacional<\/p>\n<p>Campo de aplicaci\u00f3n: navegaci\u00f3n inercial, posicionamiento y orientaci\u00f3n en tierra y otros sistemas<\/p>","protected":false},"featured_media":3325,"comment_status":"closed","ping_status":"closed","template":"","meta":[],"product_brand":[],"product_cat":[22],"product_tag":[],"class_list":{"0":"post-2995","1":"product","2":"type-product","3":"status-publish","4":"has-post-thumbnail","6":"product_cat-gyro-sensor","8":"first","9":"instock","10":"shipping-taxable","11":"product-type-simple"},"_links":{"self":[{"href":"https:\/\/www.andelutech.com\/es\/wp-json\/wp\/v2\/product\/2995","targetHints":{"allow":["GET"]}}],"collection":[{"href":"https:\/\/www.andelutech.com\/es\/wp-json\/wp\/v2\/product"}],"about":[{"href":"https:\/\/www.andelutech.com\/es\/wp-json\/wp\/v2\/types\/product"}],"replies":[{"embeddable":true,"href":"https:\/\/www.andelutech.com\/es\/wp-json\/wp\/v2\/comments?post=2995"}],"wp:featuredmedia":[{"embeddable":true,"href":"https:\/\/www.andelutech.com\/es\/wp-json\/wp\/v2\/media\/3325"}],"wp:attachment":[{"href":"https:\/\/www.andelutech.com\/es\/wp-json\/wp\/v2\/media?parent=2995"}],"wp:term":[{"taxonomy":"product_brand","embeddable":true,"href":"https:\/\/www.andelutech.com\/es\/wp-json\/wp\/v2\/product_brand?post=2995"},{"taxonomy":"product_cat","embeddable":true,"href":"https:\/\/www.andelutech.com\/es\/wp-json\/wp\/v2\/product_cat?post=2995"},{"taxonomy":"product_tag","embeddable":true,"href":"https:\/\/www.andelutech.com\/es\/wp-json\/wp\/v2\/product_tag?post=2995"}],"curies":[{"name":"wp","href":"https:\/\/api.w.org\/{rel}","templated":true}]}}