{"id":2989,"date":"2025-07-30T14:48:58","date_gmt":"2025-07-30T06:48:58","guid":{"rendered":"https:\/\/www.andelutech.com\/?post_type=product&#038;p=2989"},"modified":"2026-03-26T16:43:49","modified_gmt":"2026-03-26T08:43:49","slug":"closed-loop-fiber-optic-gyroscope-and-70l-m","status":"publish","type":"product","link":"https:\/\/www.andelutech.com\/es\/product\/closed-loop-fiber-optic-gyroscope-and-70l-m\/","title":{"rendered":"AND-70L-M Closed-loop fiber optic gyroscope"},"content":{"rendered":"","protected":false},"excerpt":{"rendered":"<p>Principales indicadores de rendimiento<\/p>\n<p>Estabilidad de sesgo cero: \u22640.15 \u00b0 \/ h (10s, 1\u03c3)<\/p>\n<p>Repetibilidad de sesgo cero: \u22640.15\u00b0\/h<\/p>\n<p>Estabilidad de temperatura variable: \u22640.3 \u00b0 \/ h (10s, 1\u03c3)<\/p>\n<p>Factor de escala no linealidad: \u226450ppm<\/p>\n<p>Repetibilidad completa de la escala de temperatura: \u2264200ppm (1\u03c3)<\/p>\n<p>Rango din\u00e1mico: \u00b1300\u00b0\/s<\/p>\n<p>Caracter\u00edsticas f\u00edsicas<\/p>\n<p>Dimensiones: 70mm \u00d7 70mm \u00d7 32mm<\/p>\n<p>Peso: 270g\u00b110g<\/p>\n<p>Adaptabilidad ambiental<\/p>\n<p>Temperatura de funcionamiento: -45 \u2103- 75 \u2103<\/p>\n<p>Temperatura de almacenamiento: -55\u2103- 85\u2103<\/p>\n<p>Resistente al impacto: 100g<\/p>\n<p>Resistente a las vibraciones aleatorias: 13g<\/p>\n<p>Resistencia a la aceleraci\u00f3n: 50g<\/p>\n<p>Interfaz del producto<\/p>\n<p>Requisitos de fuente de alimentaci\u00f3n: \u00b15V<\/p>\n<p>Formulario de salida: RS422<\/p>\n<p>Caracter\u00edsticas<strong>: <\/strong><\/p>\n<p>El producto adopta una estructura fotoel\u00e9ctrica integrada, totalmente s\u00f3lida, con protecci\u00f3n de blindaje magn\u00e9tico<\/p>\n<p>Campo de aplicaci\u00f3n: exploraci\u00f3n de minas de carb\u00f3n<\/p>","protected":false},"featured_media":3328,"comment_status":"closed","ping_status":"closed","template":"","meta":[],"product_brand":[],"product_cat":[22],"product_tag":[],"class_list":{"0":"post-2989","1":"product","2":"type-product","3":"status-publish","4":"has-post-thumbnail","6":"product_cat-gyro-sensor","8":"first","9":"instock","10":"shipping-taxable","11":"product-type-simple"},"_links":{"self":[{"href":"https:\/\/www.andelutech.com\/es\/wp-json\/wp\/v2\/product\/2989","targetHints":{"allow":["GET"]}}],"collection":[{"href":"https:\/\/www.andelutech.com\/es\/wp-json\/wp\/v2\/product"}],"about":[{"href":"https:\/\/www.andelutech.com\/es\/wp-json\/wp\/v2\/types\/product"}],"replies":[{"embeddable":true,"href":"https:\/\/www.andelutech.com\/es\/wp-json\/wp\/v2\/comments?post=2989"}],"wp:featuredmedia":[{"embeddable":true,"href":"https:\/\/www.andelutech.com\/es\/wp-json\/wp\/v2\/media\/3328"}],"wp:attachment":[{"href":"https:\/\/www.andelutech.com\/es\/wp-json\/wp\/v2\/media?parent=2989"}],"wp:term":[{"taxonomy":"product_brand","embeddable":true,"href":"https:\/\/www.andelutech.com\/es\/wp-json\/wp\/v2\/product_brand?post=2989"},{"taxonomy":"product_cat","embeddable":true,"href":"https:\/\/www.andelutech.com\/es\/wp-json\/wp\/v2\/product_cat?post=2989"},{"taxonomy":"product_tag","embeddable":true,"href":"https:\/\/www.andelutech.com\/es\/wp-json\/wp\/v2\/product_tag?post=2989"}],"curies":[{"name":"wp","href":"https:\/\/api.w.org\/{rel}","templated":true}]}}