{"id":2936,"date":"2025-07-30T10:48:38","date_gmt":"2025-07-30T02:48:38","guid":{"rendered":"https:\/\/www.andelutech.com\/?post_type=product&#038;p=2936"},"modified":"2026-03-26T16:49:11","modified_gmt":"2026-03-26T08:49:11","slug":"anti-interference-antenna-and-receiver-series-and-dr65","status":"publish","type":"product","link":"https:\/\/www.andelutech.com\/es\/product\/anti-interference-antenna-and-receiver-series-and-dr65\/","title":{"rendered":"AND-DR65 Anti-interference antenna and receiver series"},"content":{"rendered":"<p>Indicadores de rendimiento del producto<br \/>\nTemperatura de funcionamiento: -40 \u00b0 C ~ 85 \u00b0 C<br \/>\nTemperatura de almacenamiento: -45 \u00b0 C ~ 85 \u00b0 C<br \/>\nVoltaje: 9V ~ 36V<br \/>\nConsumo de energ\u00eda: \u22648.0W<br \/>\nVolumen: \u226465mm \u00d7 65mm \u00d7 30mm<br \/>\nPeso: \u2264 160g<br \/>\nInterfaz de comunicaci\u00f3n: R5422<\/p>","protected":false},"excerpt":{"rendered":"<p>El receptor anti-interferencia ultra-compacto AND-DR65 integra un receptor anti-interferencia de antena de matriz de 4 canales y de alto rendimiento, que puede recibir se\u00f1ales de punto de frecuencia BDS B11 y GP5 L1, que puede satisfacer los requisitos t\u00e9cnicos de varias portadoras de alta din\u00e1mica y aplicaciones de alta din\u00e1mica, y realiza el dise\u00f1o integrado de fuente de vibraci\u00f3n de antena, RF, m\u00f3dulo anti-interferencia, banda base del receptor de sat\u00e9lite y soluci\u00f3n en un tama\u00f1o muy peque\u00f1o, y satisface las necesidades de aplicaciones de alta fiabilidad y bajo costo.<\/p>\n<p>Tiene la capacidad de resistir todo tipo de interferencia suprimida, incluyendo pero no limitado a portadora \u00fanica, frecuencia barrida, pulso, modulaci\u00f3n de banda ancha, onda de diente de sierra, onda tri\u00e1ngulo y otros tipos de interferencia y cualquier combinaci\u00f3n de interferencia.<\/p>\n<p>&nbsp;<\/p>","protected":false},"featured_media":2937,"comment_status":"closed","ping_status":"closed","template":"","meta":[],"product_brand":[],"product_cat":[26],"product_tag":[],"class_list":{"0":"post-2936","1":"product","2":"type-product","3":"status-publish","4":"has-post-thumbnail","6":"product_cat-imu-mems-ins","8":"first","9":"instock","10":"shipping-taxable","11":"product-type-simple"},"_links":{"self":[{"href":"https:\/\/www.andelutech.com\/es\/wp-json\/wp\/v2\/product\/2936","targetHints":{"allow":["GET"]}}],"collection":[{"href":"https:\/\/www.andelutech.com\/es\/wp-json\/wp\/v2\/product"}],"about":[{"href":"https:\/\/www.andelutech.com\/es\/wp-json\/wp\/v2\/types\/product"}],"replies":[{"embeddable":true,"href":"https:\/\/www.andelutech.com\/es\/wp-json\/wp\/v2\/comments?post=2936"}],"wp:featuredmedia":[{"embeddable":true,"href":"https:\/\/www.andelutech.com\/es\/wp-json\/wp\/v2\/media\/2937"}],"wp:attachment":[{"href":"https:\/\/www.andelutech.com\/es\/wp-json\/wp\/v2\/media?parent=2936"}],"wp:term":[{"taxonomy":"product_brand","embeddable":true,"href":"https:\/\/www.andelutech.com\/es\/wp-json\/wp\/v2\/product_brand?post=2936"},{"taxonomy":"product_cat","embeddable":true,"href":"https:\/\/www.andelutech.com\/es\/wp-json\/wp\/v2\/product_cat?post=2936"},{"taxonomy":"product_tag","embeddable":true,"href":"https:\/\/www.andelutech.com\/es\/wp-json\/wp\/v2\/product_tag?post=2936"}],"curies":[{"name":"wp","href":"https:\/\/api.w.org\/{rel}","templated":true}]}}