{"id":2934,"date":"2025-07-30T10:21:37","date_gmt":"2025-07-30T02:21:37","guid":{"rendered":"https:\/\/www.andelutech.com\/?post_type=product&#038;p=2934"},"modified":"2026-03-26T16:50:14","modified_gmt":"2026-03-26T08:50:14","slug":"miniaturized-high-precision-fiber-combined-inertial-guidance-and-s70","status":"publish","type":"product","link":"https:\/\/www.andelutech.com\/es\/product\/miniaturized-high-precision-fiber-combined-inertial-guidance-and-s70\/","title":{"rendered":"AND-S70 Miniaturized high-precision fiber combined inertial guidance"},"content":{"rendered":"","protected":false},"excerpt":{"rendered":"<p>El sistema de navegaci\u00f3n combinado integrado miniaturizado adopta giroscopio de fibra \u00f3ptica, aceler\u00f3metro flexible de cuarzo, circuito de conversi\u00f3n IF de alta precisi\u00f3n y circuito de adquisici\u00f3n de datos y procesamiento de se\u00f1ales basado en DSP \/ FPGA, que puede medir simult\u00e1neamente la informaci\u00f3n de aceleraci\u00f3n y velocidad angular del portador en tres direcciones. Al mismo tiempo, tiene un receptor sat\u00e9lite de alto rendimiento incorporado (que soporta antenas dobles), una placa de ordenador y una placa de adquisici\u00f3n de od\u00f3metros.<\/p>","protected":false},"featured_media":2935,"comment_status":"closed","ping_status":"closed","template":"","meta":[],"product_brand":[],"product_cat":[26],"product_tag":[],"class_list":{"0":"post-2934","1":"product","2":"type-product","3":"status-publish","4":"has-post-thumbnail","6":"product_cat-imu-mems-ins","8":"first","9":"instock","10":"shipping-taxable","11":"product-type-simple"},"_links":{"self":[{"href":"https:\/\/www.andelutech.com\/es\/wp-json\/wp\/v2\/product\/2934","targetHints":{"allow":["GET"]}}],"collection":[{"href":"https:\/\/www.andelutech.com\/es\/wp-json\/wp\/v2\/product"}],"about":[{"href":"https:\/\/www.andelutech.com\/es\/wp-json\/wp\/v2\/types\/product"}],"replies":[{"embeddable":true,"href":"https:\/\/www.andelutech.com\/es\/wp-json\/wp\/v2\/comments?post=2934"}],"wp:featuredmedia":[{"embeddable":true,"href":"https:\/\/www.andelutech.com\/es\/wp-json\/wp\/v2\/media\/2935"}],"wp:attachment":[{"href":"https:\/\/www.andelutech.com\/es\/wp-json\/wp\/v2\/media?parent=2934"}],"wp:term":[{"taxonomy":"product_brand","embeddable":true,"href":"https:\/\/www.andelutech.com\/es\/wp-json\/wp\/v2\/product_brand?post=2934"},{"taxonomy":"product_cat","embeddable":true,"href":"https:\/\/www.andelutech.com\/es\/wp-json\/wp\/v2\/product_cat?post=2934"},{"taxonomy":"product_tag","embeddable":true,"href":"https:\/\/www.andelutech.com\/es\/wp-json\/wp\/v2\/product_tag?post=2934"}],"curies":[{"name":"wp","href":"https:\/\/api.w.org\/{rel}","templated":true}]}}