{"id":2900,"date":"2025-07-07T16:43:19","date_gmt":"2025-07-07T08:43:19","guid":{"rendered":"https:\/\/www.andelutech.com\/?post_type=product&#038;p=2900"},"modified":"2026-03-26T16:53:54","modified_gmt":"2026-03-26T08:53:54","slug":"medium-precision-fiber-optic-combined-inertial-navigation-and-f40","status":"publish","type":"product","link":"https:\/\/www.andelutech.com\/es\/product\/medium-precision-fiber-optic-combined-inertial-navigation-and-f40\/","title":{"rendered":"AND-F40 Medium Precision Fiber Optic Combined Inertial Navigation"},"content":{"rendered":"","protected":false},"excerpt":{"rendered":"<p>El sistema de navegaci\u00f3n todo en uno de alto rendimiento es un sistema de navegaci\u00f3n integrado basado en giroscopio de fibra \u00f3ptica y aceler\u00f3metro digital de alta precisi\u00f3n, que integra IMU de alto rendimiento, GNSS, magnet\u00f3metro, bar\u00f3metro, tabla de navegaci\u00f3n combinada, etc. El producto tiene las siguientes caracter\u00edsticas:<br \/>\nSensor de fusi\u00f3n de m\u00faltiples fuentes, inercial\/GNSS\/magnet\u00f3metro\/bar\u00f3metro\/medidor de velocidad del aire;<br \/>\nVolumen 106 mm \u00d7 89 mm \u00d7 73 mm, peso 650g;<br \/>\nSincronizaci\u00f3n del reloj estricta;<\/p>","protected":false},"featured_media":3334,"comment_status":"open","ping_status":"closed","template":"","meta":[],"product_brand":[],"product_cat":[26],"product_tag":[],"class_list":{"0":"post-2900","1":"product","2":"type-product","3":"status-publish","4":"has-post-thumbnail","6":"product_cat-imu-mems-ins","8":"first","9":"instock","10":"shipping-taxable","11":"product-type-simple"},"_links":{"self":[{"href":"https:\/\/www.andelutech.com\/es\/wp-json\/wp\/v2\/product\/2900","targetHints":{"allow":["GET"]}}],"collection":[{"href":"https:\/\/www.andelutech.com\/es\/wp-json\/wp\/v2\/product"}],"about":[{"href":"https:\/\/www.andelutech.com\/es\/wp-json\/wp\/v2\/types\/product"}],"replies":[{"embeddable":true,"href":"https:\/\/www.andelutech.com\/es\/wp-json\/wp\/v2\/comments?post=2900"}],"wp:featuredmedia":[{"embeddable":true,"href":"https:\/\/www.andelutech.com\/es\/wp-json\/wp\/v2\/media\/3334"}],"wp:attachment":[{"href":"https:\/\/www.andelutech.com\/es\/wp-json\/wp\/v2\/media?parent=2900"}],"wp:term":[{"taxonomy":"product_brand","embeddable":true,"href":"https:\/\/www.andelutech.com\/es\/wp-json\/wp\/v2\/product_brand?post=2900"},{"taxonomy":"product_cat","embeddable":true,"href":"https:\/\/www.andelutech.com\/es\/wp-json\/wp\/v2\/product_cat?post=2900"},{"taxonomy":"product_tag","embeddable":true,"href":"https:\/\/www.andelutech.com\/es\/wp-json\/wp\/v2\/product_tag?post=2900"}],"curies":[{"name":"wp","href":"https:\/\/api.w.org\/{rel}","templated":true}]}}