{"id":2897,"date":"2025-07-07T16:37:16","date_gmt":"2025-07-07T08:37:16","guid":{"rendered":"https:\/\/www.andelutech.com\/?post_type=product&#038;p=2897"},"modified":"2026-03-26T16:56:31","modified_gmt":"2026-03-26T08:56:31","slug":"7-miniature-high-precision-fiber-optic-combined-inertial-navigation-and-f76","status":"publish","type":"product","link":"https:\/\/www.andelutech.com\/es\/product\/7-miniature-high-precision-fiber-optic-combined-inertial-navigation-and-f76\/","title":{"rendered":"AND-F76 Miniature High Precision Fiber Optic Combined Inertial Navigation"},"content":{"rendered":"","protected":false},"excerpt":{"rendered":"<p>El sistema de medici\u00f3n de velocidad angular integrado en miniatura utiliza un giroscopio de fibra \u00f3ptica, un aceler\u00f3metro flexible de cuarzo, un circuito de conversi\u00f3n IF de alta precisi\u00f3n y un circuito de adquisici\u00f3n y procesamiento de se\u00f1ales basado en DSP \/ FPGA. Puede medir simult\u00e1neamente la informaci\u00f3n de aceleraci\u00f3n y velocidad angular del portador en tres direcciones. Tambi\u00e9n tiene un receptor sat\u00e9lite de alto rendimiento incorporado (soporta antena Devoyan), placa de ordenador y placa de recogida de od\u00f3metros.<\/p>\n<p>Soporte de base de perturbaci\u00f3n para lograr una alineaci\u00f3n r\u00e1pida, velocidad inercial\/sat\u00e9lite\/rueda\/velocidad del veh\u00edculo\/seguimiento visual<\/p>\n<p>Soporta red autoorganizada, posicionamiento de entidades combinadas, posicionamiento relativo, diferencial Qianxun RTK y Dongdong<\/p>","protected":false},"featured_media":3335,"comment_status":"open","ping_status":"closed","template":"","meta":[],"product_brand":[],"product_cat":[26],"product_tag":[],"class_list":{"0":"post-2897","1":"product","2":"type-product","3":"status-publish","4":"has-post-thumbnail","6":"product_cat-imu-mems-ins","8":"first","9":"instock","10":"shipping-taxable","11":"product-type-simple"},"_links":{"self":[{"href":"https:\/\/www.andelutech.com\/es\/wp-json\/wp\/v2\/product\/2897","targetHints":{"allow":["GET"]}}],"collection":[{"href":"https:\/\/www.andelutech.com\/es\/wp-json\/wp\/v2\/product"}],"about":[{"href":"https:\/\/www.andelutech.com\/es\/wp-json\/wp\/v2\/types\/product"}],"replies":[{"embeddable":true,"href":"https:\/\/www.andelutech.com\/es\/wp-json\/wp\/v2\/comments?post=2897"}],"wp:featuredmedia":[{"embeddable":true,"href":"https:\/\/www.andelutech.com\/es\/wp-json\/wp\/v2\/media\/3335"}],"wp:attachment":[{"href":"https:\/\/www.andelutech.com\/es\/wp-json\/wp\/v2\/media?parent=2897"}],"wp:term":[{"taxonomy":"product_brand","embeddable":true,"href":"https:\/\/www.andelutech.com\/es\/wp-json\/wp\/v2\/product_brand?post=2897"},{"taxonomy":"product_cat","embeddable":true,"href":"https:\/\/www.andelutech.com\/es\/wp-json\/wp\/v2\/product_cat?post=2897"},{"taxonomy":"product_tag","embeddable":true,"href":"https:\/\/www.andelutech.com\/es\/wp-json\/wp\/v2\/product_tag?post=2897"}],"curies":[{"name":"wp","href":"https:\/\/api.w.org\/{rel}","templated":true}]}}