{"id":2894,"date":"2025-07-07T16:32:50","date_gmt":"2025-07-07T08:32:50","guid":{"rendered":"https:\/\/www.andelutech.com\/?post_type=product&#038;p=2894"},"modified":"2026-03-26T16:58:19","modified_gmt":"2026-03-26T08:58:19","slug":"high-precision-fiber-optic-combined-inertial-navigation-and-f500","status":"publish","type":"product","link":"https:\/\/www.andelutech.com\/es\/product\/high-precision-fiber-optic-combined-inertial-navigation-and-f500\/","title":{"rendered":"AND-F500High Precision Fiber Optic Combined Inertial Navigation"},"content":{"rendered":"","protected":false},"excerpt":{"rendered":"<p>El sistema de navegaci\u00f3n integrado utiliza giroscopios de fibra \u00f3ptica, aceler\u00f3metros flexibles de cuarzo, circuitos de conversi\u00f3n IF de alta precisi\u00f3n y circuitos de adquisici\u00f3n de datos y procesamiento de se\u00f1ales basados en DSP\/FPGA para medir simult\u00e1neamente la informaci\u00f3n de aceleraci\u00f3n y velocidad angular del portador en tres direcciones; Tambi\u00e9n tiene receptores sat\u00e9lite de alto rendimiento incorporados (con soporte de antena doble), placas de ordenador y placas de recogida de od\u00f3metros.<br \/>\nSoporta redes auto-organizadas, posicionamiento de formaci\u00f3n combinada, posicionamiento relativo, Qianxun RTK y diferencial din\u00e1mico.<\/p>","protected":false},"featured_media":3337,"comment_status":"open","ping_status":"closed","template":"","meta":[],"product_brand":[],"product_cat":[26],"product_tag":[],"class_list":{"0":"post-2894","1":"product","2":"type-product","3":"status-publish","4":"has-post-thumbnail","6":"product_cat-imu-mems-ins","8":"first","9":"instock","10":"shipping-taxable","11":"product-type-simple"},"_links":{"self":[{"href":"https:\/\/www.andelutech.com\/es\/wp-json\/wp\/v2\/product\/2894","targetHints":{"allow":["GET"]}}],"collection":[{"href":"https:\/\/www.andelutech.com\/es\/wp-json\/wp\/v2\/product"}],"about":[{"href":"https:\/\/www.andelutech.com\/es\/wp-json\/wp\/v2\/types\/product"}],"replies":[{"embeddable":true,"href":"https:\/\/www.andelutech.com\/es\/wp-json\/wp\/v2\/comments?post=2894"}],"wp:featuredmedia":[{"embeddable":true,"href":"https:\/\/www.andelutech.com\/es\/wp-json\/wp\/v2\/media\/3337"}],"wp:attachment":[{"href":"https:\/\/www.andelutech.com\/es\/wp-json\/wp\/v2\/media?parent=2894"}],"wp:term":[{"taxonomy":"product_brand","embeddable":true,"href":"https:\/\/www.andelutech.com\/es\/wp-json\/wp\/v2\/product_brand?post=2894"},{"taxonomy":"product_cat","embeddable":true,"href":"https:\/\/www.andelutech.com\/es\/wp-json\/wp\/v2\/product_cat?post=2894"},{"taxonomy":"product_tag","embeddable":true,"href":"https:\/\/www.andelutech.com\/es\/wp-json\/wp\/v2\/product_tag?post=2894"}],"curies":[{"name":"wp","href":"https:\/\/api.w.org\/{rel}","templated":true}]}}