{"id":2891,"date":"2025-07-07T16:22:28","date_gmt":"2025-07-07T08:22:28","guid":{"rendered":"https:\/\/www.andelutech.com\/?post_type=product&#038;p=2891"},"modified":"2026-03-26T17:00:02","modified_gmt":"2026-03-26T09:00:02","slug":"imu-and-f10r","status":"publish","type":"product","link":"https:\/\/www.andelutech.com\/es\/product\/imu-and-f10r\/","title":{"rendered":"AND-F10R IMU"},"content":{"rendered":"","protected":false},"excerpt":{"rendered":"<p>El producto F10R tiene un giroscopio de fibra \u00f3ptica miniatura de 3 ejes incorporado, aceler\u00f3metro MEMS de alta precisi\u00f3n, fuente de alimentaci\u00f3n secundaria y ordenador de navegaci\u00f3n, que puede proporcionar informaci\u00f3n de posicionamiento y orientaci\u00f3n precisa. El dise\u00f1o interno de reducci\u00f3n de vibraciones de caucho de silicona puede adaptarse al entorno de vibraci\u00f3n y choque de drones y otros aviones.<\/p>\n<p><strong><b>Indicadores de rendimiento del producto<\/b><\/strong><\/p>\n<p>Temperatura de funcionamiento: -40 \u2103 ~ 65 \u2103<\/p>\n<p>Temperatura de almacenamiento: -45 \u2103 ~ 70 \u2103<\/p>\n<p>Voltaje: 5 V \u00b1 0. 25V<\/p>\n<p>Consumo de energ\u00eda: \u2264 5. 0W<\/p>\n<p>Volumen: \u2264 87 mm \u00d7 81 mm \u00d7 56 mm<\/p>\n<p>Peso: \u2264 400 g<\/p>\n<p>Vibraci\u00f3n: Grms = 6,06 G, rango de frecuencia 10Hz ~ 2000Hz<\/p>\n<p>Equipo de comunicaci\u00f3n: RS232, RS422<\/p>","protected":false},"featured_media":2883,"comment_status":"open","ping_status":"closed","template":"","meta":[],"product_brand":[],"product_cat":[26],"product_tag":[],"class_list":{"0":"post-2891","1":"product","2":"type-product","3":"status-publish","4":"has-post-thumbnail","6":"product_cat-imu-mems-ins","8":"first","9":"instock","10":"shipping-taxable","11":"product-type-simple"},"_links":{"self":[{"href":"https:\/\/www.andelutech.com\/es\/wp-json\/wp\/v2\/product\/2891","targetHints":{"allow":["GET"]}}],"collection":[{"href":"https:\/\/www.andelutech.com\/es\/wp-json\/wp\/v2\/product"}],"about":[{"href":"https:\/\/www.andelutech.com\/es\/wp-json\/wp\/v2\/types\/product"}],"replies":[{"embeddable":true,"href":"https:\/\/www.andelutech.com\/es\/wp-json\/wp\/v2\/comments?post=2891"}],"wp:featuredmedia":[{"embeddable":true,"href":"https:\/\/www.andelutech.com\/es\/wp-json\/wp\/v2\/media\/2883"}],"wp:attachment":[{"href":"https:\/\/www.andelutech.com\/es\/wp-json\/wp\/v2\/media?parent=2891"}],"wp:term":[{"taxonomy":"product_brand","embeddable":true,"href":"https:\/\/www.andelutech.com\/es\/wp-json\/wp\/v2\/product_brand?post=2891"},{"taxonomy":"product_cat","embeddable":true,"href":"https:\/\/www.andelutech.com\/es\/wp-json\/wp\/v2\/product_cat?post=2891"},{"taxonomy":"product_tag","embeddable":true,"href":"https:\/\/www.andelutech.com\/es\/wp-json\/wp\/v2\/product_tag?post=2891"}],"curies":[{"name":"wp","href":"https:\/\/api.w.org\/{rel}","templated":true}]}}