{"id":2890,"date":"2025-07-07T16:16:46","date_gmt":"2025-07-07T08:16:46","guid":{"rendered":"https:\/\/www.andelutech.com\/?post_type=product&#038;p=2890"},"modified":"2026-03-26T17:01:48","modified_gmt":"2026-03-26T09:01:48","slug":"imu-and-f10a","status":"publish","type":"product","link":"https:\/\/www.andelutech.com\/es\/product\/imu-and-f10a\/","title":{"rendered":"AND-F10A IMU"},"content":{"rendered":"","protected":false},"excerpt":{"rendered":"<p>El producto F10 est\u00e1 equipado con un giroscopio de fibra \u00f3ptica en miniatura de 3 ejes incorporado, aceler\u00f3metro MEMS de alta precisi\u00f3n, fuente de alimentaci\u00f3n secundaria y ordenador de navegaci\u00f3n para proporcionar informaci\u00f3n de posicionamiento y orientaci\u00f3n precisa.<\/p>\n<p>Temperatura de funcionamiento: -40 \u2103 ~ 65 \u2103, Temperatura de almacenamiento: -45 \u2103 ~ 70 \u2103, Voltaje: 5 V \u00b1 0. 25V<\/p>\n<p>Consumo de energ\u00eda: \u2264 5. 0 W, Volumen: \u2264 73 mm \u00d7 67 mm \u00d7 49 mm, Peso: \u2264 280 g, Interfaz de comunicaci\u00f3n: RS232, RS422<\/p>","protected":false},"featured_media":3339,"comment_status":"open","ping_status":"closed","template":"","meta":[],"product_brand":[],"product_cat":[26],"product_tag":[],"class_list":{"0":"post-2890","1":"product","2":"type-product","3":"status-publish","4":"has-post-thumbnail","6":"product_cat-imu-mems-ins","8":"first","9":"instock","10":"shipping-taxable","11":"product-type-simple"},"_links":{"self":[{"href":"https:\/\/www.andelutech.com\/es\/wp-json\/wp\/v2\/product\/2890","targetHints":{"allow":["GET"]}}],"collection":[{"href":"https:\/\/www.andelutech.com\/es\/wp-json\/wp\/v2\/product"}],"about":[{"href":"https:\/\/www.andelutech.com\/es\/wp-json\/wp\/v2\/types\/product"}],"replies":[{"embeddable":true,"href":"https:\/\/www.andelutech.com\/es\/wp-json\/wp\/v2\/comments?post=2890"}],"wp:featuredmedia":[{"embeddable":true,"href":"https:\/\/www.andelutech.com\/es\/wp-json\/wp\/v2\/media\/3339"}],"wp:attachment":[{"href":"https:\/\/www.andelutech.com\/es\/wp-json\/wp\/v2\/media?parent=2890"}],"wp:term":[{"taxonomy":"product_brand","embeddable":true,"href":"https:\/\/www.andelutech.com\/es\/wp-json\/wp\/v2\/product_brand?post=2890"},{"taxonomy":"product_cat","embeddable":true,"href":"https:\/\/www.andelutech.com\/es\/wp-json\/wp\/v2\/product_cat?post=2890"},{"taxonomy":"product_tag","embeddable":true,"href":"https:\/\/www.andelutech.com\/es\/wp-json\/wp\/v2\/product_tag?post=2890"}],"curies":[{"name":"wp","href":"https:\/\/api.w.org\/{rel}","templated":true}]}}