{"id":2793,"date":"2025-07-01T14:54:37","date_gmt":"2025-07-01T06:54:37","guid":{"rendered":"https:\/\/www.andelutech.com\/?post_type=product&#038;p=2793"},"modified":"2026-03-26T17:15:36","modified_gmt":"2026-03-26T09:15:36","slug":"closed-loop-fiber-optic-gyroscope-and-1280","status":"publish","type":"product","link":"https:\/\/www.andelutech.com\/es\/product\/closed-loop-fiber-optic-gyroscope-and-1280\/","title":{"rendered":"AND-1280 Closed loop fiber optic gyroscope"},"content":{"rendered":"","protected":false},"excerpt":{"rendered":"<p><strong><b>Indicadores clave de rendimiento<\/b><\/strong><\/p>\n<p>Estabilidad de sesgo cero: \u2264 0,005 \u00b0\/h (100s, 1\u03c3)<\/p>\n<p>Repetibilidad de desviaci\u00f3n cero: \u2264 0. 004 \u00b0\/h<\/p>\n<p>Estabilidad de temperatura: \u2264 0,008 \u00b0 \/ h (100s, 1\u03c3, 0,3 \u2103 \/ min)<\/p>\n<p>No linealidad del factor de escala: \u2264 5 ppm<\/p>\n<p>Repetibilidad completa de la escala de temperatura: \u2264 20 ppm (1\u03c3)<\/p>\n<p>Rango din\u00e1mico: \u00b1 300\u00b0\/s<\/p>\n<p>Caminata aleatoria: \u2264 0. 0005 \u00b0\/\u221a h<\/p>\n<p><strong><b>Propiedades f\u00edsicas<\/b><\/strong><\/p>\n<p>Dimensiones: 120 mm \u00d7 120 mm \u00d7 38 mm<\/p>\n<p>Peso: 820 g \u00b1 20 g<\/p>\n<p><strong><b>Adaptabilidad ambiental<\/b><\/strong><\/p>\n<p>Temperatura de funcionamiento: -40 \u2103 - 65 \u2103<\/p>\n<p>de St<span style=\"font-size: 12pt;\">temperatura del orage: -50 \u00b0 C- 75 \u00b0 C<\/span><\/p>\n<p><span style=\"font-size: 12pt;\">Resistencia al impacto: 20g<\/span><\/p>\n<p><span style=\"font-size: 12pt;\">Resistencia a vibraciones aleatorias: 3,2 g<\/span><\/p>\n<p><strong><b>Interfaz del producto<\/b><\/strong><\/p>\n<p>Requisito de fuente de alimentaci\u00f3n: \u00b1 5 V<\/p>\n<p>Formulario de salida: salida RS422<\/p>\n<p><strong><b>Caracter\u00edsticas del producto<\/b><\/strong><\/p>\n<p>Caracter\u00edsticas del producto: Optoelectr\u00f3nica integrada, blindaje magn\u00e9tico, dise\u00f1o de producci\u00f3n nacional<\/p>\n<p>Campos de aplicaci\u00f3n: navegaci\u00f3n y posicionamiento de alta precisi\u00f3n producidos a nivel nacional<\/p>\n<p>&nbsp;<\/p>","protected":false},"featured_media":2775,"comment_status":"open","ping_status":"closed","template":"","meta":[],"product_brand":[],"product_cat":[22],"product_tag":[],"class_list":{"0":"post-2793","1":"product","2":"type-product","3":"status-publish","4":"has-post-thumbnail","6":"product_cat-gyro-sensor","8":"first","9":"instock","10":"shipping-taxable","11":"product-type-simple"},"_links":{"self":[{"href":"https:\/\/www.andelutech.com\/es\/wp-json\/wp\/v2\/product\/2793","targetHints":{"allow":["GET"]}}],"collection":[{"href":"https:\/\/www.andelutech.com\/es\/wp-json\/wp\/v2\/product"}],"about":[{"href":"https:\/\/www.andelutech.com\/es\/wp-json\/wp\/v2\/types\/product"}],"replies":[{"embeddable":true,"href":"https:\/\/www.andelutech.com\/es\/wp-json\/wp\/v2\/comments?post=2793"}],"wp:featuredmedia":[{"embeddable":true,"href":"https:\/\/www.andelutech.com\/es\/wp-json\/wp\/v2\/media\/2775"}],"wp:attachment":[{"href":"https:\/\/www.andelutech.com\/es\/wp-json\/wp\/v2\/media?parent=2793"}],"wp:term":[{"taxonomy":"product_brand","embeddable":true,"href":"https:\/\/www.andelutech.com\/es\/wp-json\/wp\/v2\/product_brand?post=2793"},{"taxonomy":"product_cat","embeddable":true,"href":"https:\/\/www.andelutech.com\/es\/wp-json\/wp\/v2\/product_cat?post=2793"},{"taxonomy":"product_tag","embeddable":true,"href":"https:\/\/www.andelutech.com\/es\/wp-json\/wp\/v2\/product_tag?post=2793"}],"curies":[{"name":"wp","href":"https:\/\/api.w.org\/{rel}","templated":true}]}}