{"id":2792,"date":"2025-07-01T14:50:13","date_gmt":"2025-07-01T06:50:13","guid":{"rendered":"https:\/\/www.andelutech.com\/?post_type=product&#038;p=2792"},"modified":"2026-03-26T17:16:34","modified_gmt":"2026-03-26T09:16:34","slug":"two-axis-closed-loop-fiber-optic-gyro-and-1100","status":"publish","type":"product","link":"https:\/\/www.andelutech.com\/es\/product\/two-axis-closed-loop-fiber-optic-gyro-and-1100\/","title":{"rendered":"AND-1100 Two-axis closed-loop fiber optic gyro"},"content":{"rendered":"","protected":false},"excerpt":{"rendered":"<p><strong><b>Indicadores clave de rendimiento<\/b><\/strong><\/p>\n<p>Estabilidad de sesgo cero: \u2264 0. 015\u00b0\/h (100s, 1\u03c3)<\/p>\n<p>Repetibilidad de desviaci\u00f3n cero: \u2264 0,01 \u00b0\/h<\/p>\n<p>Estabilidad de temperatura: \u2264 0. 03 \u00b0 \/ h (100s, 1\u03c3, 0,5 \u2103 \/ min)<\/p>\n<p>No linealidad del factor de escala: \u2264 20 ppm<\/p>\n<p>Repetibilidad completa de la escala de temperatura: \u2264 50 ppm (1\u03c3)<\/p>\n<p>Rango din\u00e1mico: \u00b1 400\u00b0\/s<\/p>\n<p>Caminata aleatoria: \u2264 0. 0015 \u00b0\/\u221a h<\/p>\n<p><strong><b>Propiedades f\u00edsicas<\/b><\/strong><\/p>\n<p>Dimensiones: 70 mm x 70 mm x 32 mm<\/p>\n<p>Peso: 265 g \u00b1 20 g<\/p>\n<p><strong><b>Adaptabilidad ambiental<\/b><\/strong><\/p>\n<p>Temperatura de funcionamiento: -40 \u2103 - 70 \u2103<\/p>\n<p>Temperatura de almacenamiento: -55 \u00b0C- 75 \u00b0C<\/p>\n<p>Resistencia al impacto: 20g<\/p>\n<p>Resistencia a vibraciones aleatorias: 7,4 g<\/p>\n<p><strong><b>Interfaz del producto<\/b><\/strong><\/p>\n<p>Requisito de fuente de alimentaci\u00f3n: \u00b1 5 V<\/p>\n<p>Formulario de salida: salida RS422<\/p>\n<p><strong><b>Caracter\u00edsticas del producto<\/b><\/strong><\/p>\n<p>Caracter\u00edsticas del producto: dise\u00f1o miniaturizado de alta precisi\u00f3n, dise\u00f1o de blindaje magn\u00e9tico fotoel\u00e9ctrico integrado;<br \/>\nCampos de aplicaci\u00f3n: buscador norte, sistema de navegaci\u00f3n de veh\u00edculos de alto rendimiento<\/p>","protected":false},"featured_media":2774,"comment_status":"open","ping_status":"closed","template":"","meta":[],"product_brand":[],"product_cat":[22],"product_tag":[],"class_list":{"0":"post-2792","1":"product","2":"type-product","3":"status-publish","4":"has-post-thumbnail","6":"product_cat-gyro-sensor","8":"first","9":"instock","10":"shipping-taxable","11":"product-type-simple"},"_links":{"self":[{"href":"https:\/\/www.andelutech.com\/es\/wp-json\/wp\/v2\/product\/2792","targetHints":{"allow":["GET"]}}],"collection":[{"href":"https:\/\/www.andelutech.com\/es\/wp-json\/wp\/v2\/product"}],"about":[{"href":"https:\/\/www.andelutech.com\/es\/wp-json\/wp\/v2\/types\/product"}],"replies":[{"embeddable":true,"href":"https:\/\/www.andelutech.com\/es\/wp-json\/wp\/v2\/comments?post=2792"}],"wp:featuredmedia":[{"embeddable":true,"href":"https:\/\/www.andelutech.com\/es\/wp-json\/wp\/v2\/media\/2774"}],"wp:attachment":[{"href":"https:\/\/www.andelutech.com\/es\/wp-json\/wp\/v2\/media?parent=2792"}],"wp:term":[{"taxonomy":"product_brand","embeddable":true,"href":"https:\/\/www.andelutech.com\/es\/wp-json\/wp\/v2\/product_brand?post=2792"},{"taxonomy":"product_cat","embeddable":true,"href":"https:\/\/www.andelutech.com\/es\/wp-json\/wp\/v2\/product_cat?post=2792"},{"taxonomy":"product_tag","embeddable":true,"href":"https:\/\/www.andelutech.com\/es\/wp-json\/wp\/v2\/product_tag?post=2792"}],"curies":[{"name":"wp","href":"https:\/\/api.w.org\/{rel}","templated":true}]}}