{"id":2790,"date":"2025-07-01T14:41:14","date_gmt":"2025-07-01T06:41:14","guid":{"rendered":"https:\/\/www.andelutech.com\/?post_type=product&#038;p=2790"},"modified":"2026-03-26T17:23:39","modified_gmt":"2026-03-26T09:23:39","slug":"inertial-navigation-system-and-320a","status":"publish","type":"product","link":"https:\/\/www.andelutech.com\/es\/product\/inertial-navigation-system-and-320a\/","title":{"rendered":"AND-320A Inertial navigation system"},"content":{"rendered":"","protected":false},"excerpt":{"rendered":"<p><strong><b>Indicadores clave de rendimiento<\/b><\/strong><\/p>\n<p>Precisi\u00f3n de posicionamiento de punto \u00fanico: \u2264 1. 5m (1\u03c3, plano), \u2264 1m (1\u03c3, elevaci\u00f3n)<\/p>\n<p>Precisi\u00f3n de medici\u00f3n de velocidad: \u2264 0. 05 m\/s<\/p>\n<p>Precisi\u00f3n de medici\u00f3n del \u00e1ngulo de encabezamiento: \u2264 0.  07 \u00b0 (1\u03c3)<\/p>\n<p>\u00c1ngulo de actitud horizontal: \u2264 0.  03 \u00b0\u00a0(1 \u03c3)<\/p>\n<p><strong>Indicadores de rendimiento de alineaci\u00f3n de transferencia<\/strong><\/p>\n<p>Precisi\u00f3n de posicionamiento: \u2264 1. 5m (1\u03c3, plano), \u2264 1m (1\u03c3, elevaci\u00f3n)<\/p>\n<p>Precisi\u00f3n de medici\u00f3n de velocidad: \u2264 0. 05 m\/s<\/p>\n<p>Precisi\u00f3n de medici\u00f3n del \u00e1ngulo de encabezamiento: \u2264 0.  07 \u00b0 (1\u03c3)<\/p>\n<p>Precisi\u00f3n de medici\u00f3n del \u00e1ngulo de actitud horizontal: \u2264 0.  03\u00a0\u00b0 (1\u03c3)<\/p>\n<p><strong>Tiempo de alineaci\u00f3n<\/strong><\/p>\n<p>Tiempo de alineaci\u00f3n est\u00e1tica de navegaci\u00f3n integrada: \u2264 6 min<\/p>\n<p>Tiempo de alineaci\u00f3n din\u00e1mica de navegaci\u00f3n integrada: \u2264 3 min<\/p>\n<p>Alineaci\u00f3n de transferencia Tiempo de alineaci\u00f3n din\u00e1mica: \u2264 3 min<\/p>\n<p><strong>\u00cdndice de rendimiento de navegaci\u00f3n inercial pura<\/strong><\/p>\n<p>Precisi\u00f3n de posicionamiento: \u2264 2 nmil (dentro de 15 minutos)<\/p>\n<p>Precisi\u00f3n de medici\u00f3n de velocidad: \u2264 0. 2 m\/s (dentro de 60 segundos)<\/p>\n<p>Precisi\u00f3n de medici\u00f3n del \u00e1ngulo de direcci\u00f3n: \u2264 0,1 \u00b0 (1\u03c3) (dentro de 60 s)<\/p>\n<p>Precisi\u00f3n de medici\u00f3n del \u00e1ngulo de actitud horizontal: \u2264 0,03 \u00b0 (1\u03c3) (dentro de 60 s)<\/p>\n<p><strong>Propiedades f\u00edsicas<\/strong><\/p>\n<p>Dimensiones: p88mmx77mm<\/p>\n<p>Peso: \u2264 950 g<\/p>\n<p><strong>Interfaz del producto<\/strong><\/p>\n<p>Forma de alimentaci\u00f3n: 28V<\/p>\n<p>Formulario de salida: salida RS422<\/p>\n<p><strong>Caracter\u00edsticas del producto<\/strong><\/p>\n<p>La placa de ordenador de navegaci\u00f3n est\u00e1 separada de la IMU, y la placa de ordenador IMU se puede instalar en el punto de medici\u00f3n e insertar en la cabina electr\u00f3nica para una fuente de alimentaci\u00f3n unificada y transmisi\u00f3n de datos: IMU tiene las caracter\u00edsticas de alta integraci\u00f3n y alta precisi\u00f3n<\/p>\n<p><strong>Adaptabilidad ambiental<\/strong><\/p>\n<p>Temperatura de funcionamiento: -55 \u2103 \u2103 ~ 70C<\/p>\n<p>Temperatura de almacenamiento: -55 \u2103 \u2103 ~ 70PC<\/p>\n<p>Resistencia al impacto: 20g<\/p>\n<p>Resistencia a vibraciones aleatorias: 6,06 g<\/p>\n<p>Campos de aplicaci\u00f3n: hacer frente a las necesidades militares y civiles de posicionamiento y orientaci\u00f3n de alto rendimiento<\/p>","protected":false},"featured_media":2778,"comment_status":"open","ping_status":"closed","template":"","meta":[],"product_brand":[],"product_cat":[22],"product_tag":[],"class_list":{"0":"post-2790","1":"product","2":"type-product","3":"status-publish","4":"has-post-thumbnail","6":"product_cat-gyro-sensor","8":"first","9":"instock","10":"shipping-taxable","11":"product-type-simple"},"_links":{"self":[{"href":"https:\/\/www.andelutech.com\/es\/wp-json\/wp\/v2\/product\/2790","targetHints":{"allow":["GET"]}}],"collection":[{"href":"https:\/\/www.andelutech.com\/es\/wp-json\/wp\/v2\/product"}],"about":[{"href":"https:\/\/www.andelutech.com\/es\/wp-json\/wp\/v2\/types\/product"}],"replies":[{"embeddable":true,"href":"https:\/\/www.andelutech.com\/es\/wp-json\/wp\/v2\/comments?post=2790"}],"wp:featuredmedia":[{"embeddable":true,"href":"https:\/\/www.andelutech.com\/es\/wp-json\/wp\/v2\/media\/2778"}],"wp:attachment":[{"href":"https:\/\/www.andelutech.com\/es\/wp-json\/wp\/v2\/media?parent=2790"}],"wp:term":[{"taxonomy":"product_brand","embeddable":true,"href":"https:\/\/www.andelutech.com\/es\/wp-json\/wp\/v2\/product_brand?post=2790"},{"taxonomy":"product_cat","embeddable":true,"href":"https:\/\/www.andelutech.com\/es\/wp-json\/wp\/v2\/product_cat?post=2790"},{"taxonomy":"product_tag","embeddable":true,"href":"https:\/\/www.andelutech.com\/es\/wp-json\/wp\/v2\/product_tag?post=2790"}],"curies":[{"name":"wp","href":"https:\/\/api.w.org\/{rel}","templated":true}]}}