{"id":2789,"date":"2025-07-01T14:35:44","date_gmt":"2025-07-01T06:35:44","guid":{"rendered":"https:\/\/www.andelutech.com\/?post_type=product&#038;p=2789"},"modified":"2026-03-26T17:26:54","modified_gmt":"2026-03-26T09:26:54","slug":"two-axis-closed-loop-fiber-optic-gyro-and-220","status":"publish","type":"product","link":"https:\/\/www.andelutech.com\/es\/product\/two-axis-closed-loop-fiber-optic-gyro-and-220\/","title":{"rendered":"AND-220 Two-axis closed-loop fiber optic gyro"},"content":{"rendered":"","protected":false},"excerpt":{"rendered":"<p><strong><b>Indicadores clave de rendimiento<\/b><\/strong><\/p>\n<p>Estabilidad de sesgo cero: \u2264 0,5 \u00b0\/h (10s, 1\u03c3)<\/p>\n<p>Repetibilidad de desviaci\u00f3n cero: \u2264 0,5 \u00b0\/h<\/p>\n<p>Estabilidad de variaci\u00f3n de temperatura: \u2264 1,5 \u00b0\/h (10s, 1\u03c3)<\/p>\n<p>No linealidad del factor de escala: \u2264 50 ppm<\/p>\n<p>Repetibilidad completa de la escala de temperatura: \u2264 300 ppm (1 \u03c3)<\/p>\n<p>Rango din\u00e1mico: \u00b1 1000\u00b0\/s<\/p>\n<p><strong><b>Propiedades f\u00edsicas<\/b><\/strong><\/p>\n<p>Dimensiones: 63 mm x 60 mm x 40 mm<\/p>\n<p>Peso: 210 g \u00b1 10 g<\/p>\n<p><strong><b>Interfaz del producto<\/b><\/strong><\/p>\n<p>Requisito de fuente de alimentaci\u00f3n: \u00b1 5 V<\/p>\n<p>Formulario de salida: salida RS422<\/p>\n<p><strong><b>Adaptabilidad ambiental<\/b><\/strong><\/p>\n<p>Temperatura de funcionamiento: -45 \u2103 - 75 \u2103<\/p>\n<p>Temperatura de almacenamiento: -55 \u00b0C- 85 \u00b0C<\/p>\n<p>Resistencia al impacto: 100g<\/p>\n<p>Resistencia a la vibraci\u00f3n aleatoria: 13g<\/p>\n<p>Resistencia a la aceleraci\u00f3n: 50g<\/p>\n<p><strong><b>Caracter\u00edsticas del producto<\/b><\/strong><\/p>\n<p>Caracter\u00edsticas del producto: Este producto adopta una estructura integrada optoelectr\u00f3nica, todo de estado s\u00f3lido,<\/p>\n<p>Con protecci\u00f3n de blindaje magn\u00e9tico, producci\u00f3n nacional del 100%<\/p>\n<p>\u00c1reas de aplicaci\u00f3n: Control de actitud<\/p>","protected":false},"featured_media":2777,"comment_status":"open","ping_status":"closed","template":"","meta":[],"product_brand":[],"product_cat":[22],"product_tag":[],"class_list":{"0":"post-2789","1":"product","2":"type-product","3":"status-publish","4":"has-post-thumbnail","6":"product_cat-gyro-sensor","8":"first","9":"instock","10":"shipping-taxable","11":"product-type-simple"},"_links":{"self":[{"href":"https:\/\/www.andelutech.com\/es\/wp-json\/wp\/v2\/product\/2789","targetHints":{"allow":["GET"]}}],"collection":[{"href":"https:\/\/www.andelutech.com\/es\/wp-json\/wp\/v2\/product"}],"about":[{"href":"https:\/\/www.andelutech.com\/es\/wp-json\/wp\/v2\/types\/product"}],"replies":[{"embeddable":true,"href":"https:\/\/www.andelutech.com\/es\/wp-json\/wp\/v2\/comments?post=2789"}],"wp:featuredmedia":[{"embeddable":true,"href":"https:\/\/www.andelutech.com\/es\/wp-json\/wp\/v2\/media\/2777"}],"wp:attachment":[{"href":"https:\/\/www.andelutech.com\/es\/wp-json\/wp\/v2\/media?parent=2789"}],"wp:term":[{"taxonomy":"product_brand","embeddable":true,"href":"https:\/\/www.andelutech.com\/es\/wp-json\/wp\/v2\/product_brand?post=2789"},{"taxonomy":"product_cat","embeddable":true,"href":"https:\/\/www.andelutech.com\/es\/wp-json\/wp\/v2\/product_cat?post=2789"},{"taxonomy":"product_tag","embeddable":true,"href":"https:\/\/www.andelutech.com\/es\/wp-json\/wp\/v2\/product_tag?post=2789"}],"curies":[{"name":"wp","href":"https:\/\/api.w.org\/{rel}","templated":true}]}}