{"id":2787,"date":"2025-07-01T14:28:56","date_gmt":"2025-07-01T06:28:56","guid":{"rendered":"https:\/\/www.andelutech.com\/?post_type=product&#038;p=2787"},"modified":"2026-03-26T17:30:46","modified_gmt":"2026-03-26T09:30:46","slug":"micro-miniature-photonic-integrated-fiber-optic-gyro-and-110","status":"publish","type":"product","link":"https:\/\/www.andelutech.com\/es\/product\/micro-miniature-photonic-integrated-fiber-optic-gyro-and-110\/","title":{"rendered":"AND-110 Micro-miniature photonic integrated fiber optic gyro"},"content":{"rendered":"","protected":false},"excerpt":{"rendered":"<p><strong><b>Indicadores clave de rendimiento<\/b><\/strong><\/p>\n<p>Estabilidad de sesgo cero: \u2264 2 \u00b0\/h (10s, 1\u03c3)<\/p>\n<p>Repetibilidad de desviaci\u00f3n cero: \u2264 2 \u00b0\/h<\/p>\n<p>Estabilidad de temperatura: \u2264 30 \u00b0\/h<\/p>\n<p>No linealidad del factor de escala: \u2264 2000 ppm<\/p>\n<p>Repetibilidad completa de la escala de temperatura: \u2264 5% (p-p)<\/p>\n<p>Rango din\u00e1mico: \u00b1 500\u00b0\/s<\/p>\n<p>Caminata aleatoria: \u2264 0. 0015 \u00b0\/\u221a h<\/p>\n<p><strong><b>Propiedades f\u00edsicas<\/b><\/strong><\/p>\n<p>Dimensiones: 61 mm x 36 mm x 32 mm<\/p>\n<p>Peso: 110 g \u00b1 10 g<\/p>\n<p><strong><b>Adaptabilidad ambiental<\/b><\/strong><\/p>\n<p>Temperatura de funcionamiento: -50 \u2103 - 75 \u2103<\/p>\n<p>Temperatura de almacenamiento: -55 \u00b0C- 85 \u00b0C<\/p>\n<p>Resistencia al impacto: 50g<\/p>\n<p>Resistencia a la vibraci\u00f3n aleatoria: 20g<\/p>\n<p>Resistencia a la aceleraci\u00f3n: 70g<\/p>\n<p><strong><b>Interfaz del producto<\/b><\/strong><\/p>\n<p>Requisitos de fuente de alimentaci\u00f3n: 5V<\/p>\n<p>Forma de salida: Voltaje anal\u00f3gico<\/p>\n<p><strong><b>Caracter\u00edsticas del producto<\/b><\/strong><\/p>\n<p>Caracter\u00edsticas del producto: tama\u00f1o peque\u00f1o, bajo consumo de energ\u00eda, bajo costo, alta fiabilidad<\/p>\n<p>Campos de aplicaci\u00f3n: buscador, control de actitud<\/p>","protected":false},"featured_media":2773,"comment_status":"open","ping_status":"closed","template":"","meta":[],"product_brand":[],"product_cat":[22],"product_tag":[],"class_list":{"0":"post-2787","1":"product","2":"type-product","3":"status-publish","4":"has-post-thumbnail","6":"product_cat-gyro-sensor","8":"first","9":"instock","10":"shipping-taxable","11":"product-type-simple"},"_links":{"self":[{"href":"https:\/\/www.andelutech.com\/es\/wp-json\/wp\/v2\/product\/2787","targetHints":{"allow":["GET"]}}],"collection":[{"href":"https:\/\/www.andelutech.com\/es\/wp-json\/wp\/v2\/product"}],"about":[{"href":"https:\/\/www.andelutech.com\/es\/wp-json\/wp\/v2\/types\/product"}],"replies":[{"embeddable":true,"href":"https:\/\/www.andelutech.com\/es\/wp-json\/wp\/v2\/comments?post=2787"}],"wp:featuredmedia":[{"embeddable":true,"href":"https:\/\/www.andelutech.com\/es\/wp-json\/wp\/v2\/media\/2773"}],"wp:attachment":[{"href":"https:\/\/www.andelutech.com\/es\/wp-json\/wp\/v2\/media?parent=2787"}],"wp:term":[{"taxonomy":"product_brand","embeddable":true,"href":"https:\/\/www.andelutech.com\/es\/wp-json\/wp\/v2\/product_brand?post=2787"},{"taxonomy":"product_cat","embeddable":true,"href":"https:\/\/www.andelutech.com\/es\/wp-json\/wp\/v2\/product_cat?post=2787"},{"taxonomy":"product_tag","embeddable":true,"href":"https:\/\/www.andelutech.com\/es\/wp-json\/wp\/v2\/product_tag?post=2787"}],"curies":[{"name":"wp","href":"https:\/\/api.w.org\/{rel}","templated":true}]}}