{"id":2770,"date":"2025-07-01T14:06:41","date_gmt":"2025-07-01T06:06:41","guid":{"rendered":"https:\/\/www.andelutech.com\/?post_type=product&#038;p=2770"},"modified":"2026-03-26T17:33:37","modified_gmt":"2026-03-26T09:33:37","slug":"closed-loop-fiber-optic-gyro-and-70lm","status":"publish","type":"product","link":"https:\/\/www.andelutech.com\/es\/product\/closed-loop-fiber-optic-gyro-and-70lm\/","title":{"rendered":"AND-70LM Closed-loop fiber optic gyro"},"content":{"rendered":"","protected":false},"excerpt":{"rendered":"<p><b><\/b><strong><b>Indicador clave de rendimiento<\/b><\/strong><strong><b>RS<\/b><\/strong><\/p>\n<p>Estabilidad de sesgo cero: \u2264 0,15 \u00b0\/h (10s, 1\u03c3)<\/p>\n<p>Repetibilidad de desviaci\u00f3n cero: \u2264 0,15 \u00b0\/h<\/p>\n<p>Estabilidad de temperatura: \u2264 0. 3\u00b0\/h (10s, 1\u03c3)<\/p>\n<p>No linealidad del factor de escala: \u2264 50 ppm<\/p>\n<p>Repetibilidad completa de la escala de temperatura: \u2264 200 ppm (1\u03c3)<\/p>\n<p>Rango din\u00e1mico: \u00b1 300\u00b0\/s<\/p>\n<p><b><\/b><strong><b>Propiedades f\u00edsicas<\/b><\/strong><\/p>\n<p>Dimensiones: 70 mm x 70 mm x 32 mm<\/p>\n<p>Peso: 270 g \u00b1 10 g<\/p>\n<p><b><\/b><strong><b>Adaptabilidad ambiental<\/b><\/strong><\/p>\n<p>Temperatura de funcionamiento: -45 \u2103 - 75 \u2103<\/p>\n<p>Temperatura de almacenamiento: -55 \u00b0C- 85 \u00b0C<\/p>\n<p>Resistencia al impacto: 100g<\/p>\n<p>Resistencia a la vibraci\u00f3n aleatoria: 13g<\/p>\n<p>Resistencia a la aceleraci\u00f3n: 50g<\/p>\n<p><strong><b>P<\/b><\/strong><strong><b>Interfaz roduct<\/b><\/strong><\/p>\n<p>Requisito de fuente de alimentaci\u00f3n: \u00b1 5 V<\/p>\n<p>Formulario de salida: salida RS422<\/p>\n<p><b><\/b><strong><b>Caracter\u00edsticas del producto<\/b><\/strong><\/p>\n<p>Caracter\u00edsticas del producto: Este producto adopta la estructura integrada optoelectr\u00f3nica, todo estado s\u00f3lido, y tiene protecci\u00f3n de blindaje magn\u00e9tico<\/p>\n<p>Campos de aplicaci\u00f3n: exploraci\u00f3n de minas de carb\u00f3n<\/p>\n<p>&nbsp;<\/p>","protected":false},"featured_media":2771,"comment_status":"open","ping_status":"closed","template":"","meta":[],"product_brand":[],"product_cat":[22],"product_tag":[],"class_list":{"0":"post-2770","1":"product","2":"type-product","3":"status-publish","4":"has-post-thumbnail","6":"product_cat-gyro-sensor","8":"first","9":"instock","10":"shipping-taxable","11":"product-type-simple"},"_links":{"self":[{"href":"https:\/\/www.andelutech.com\/es\/wp-json\/wp\/v2\/product\/2770","targetHints":{"allow":["GET"]}}],"collection":[{"href":"https:\/\/www.andelutech.com\/es\/wp-json\/wp\/v2\/product"}],"about":[{"href":"https:\/\/www.andelutech.com\/es\/wp-json\/wp\/v2\/types\/product"}],"replies":[{"embeddable":true,"href":"https:\/\/www.andelutech.com\/es\/wp-json\/wp\/v2\/comments?post=2770"}],"wp:featuredmedia":[{"embeddable":true,"href":"https:\/\/www.andelutech.com\/es\/wp-json\/wp\/v2\/media\/2771"}],"wp:attachment":[{"href":"https:\/\/www.andelutech.com\/es\/wp-json\/wp\/v2\/media?parent=2770"}],"wp:term":[{"taxonomy":"product_brand","embeddable":true,"href":"https:\/\/www.andelutech.com\/es\/wp-json\/wp\/v2\/product_brand?post=2770"},{"taxonomy":"product_cat","embeddable":true,"href":"https:\/\/www.andelutech.com\/es\/wp-json\/wp\/v2\/product_cat?post=2770"},{"taxonomy":"product_tag","embeddable":true,"href":"https:\/\/www.andelutech.com\/es\/wp-json\/wp\/v2\/product_tag?post=2770"}],"curies":[{"name":"wp","href":"https:\/\/api.w.org\/{rel}","templated":true}]}}