{"id":2695,"date":"2025-06-30T15:37:10","date_gmt":"2025-06-30T07:37:10","guid":{"rendered":"https:\/\/www.andelutech.com\/?post_type=product&#038;p=2695"},"modified":"2026-03-26T17:34:34","modified_gmt":"2026-03-26T09:34:34","slug":"and-fins-70-high-performance-low-cost-fog-ins-2","status":"publish","type":"product","link":"https:\/\/www.andelutech.com\/es\/product\/and-fins-70-high-performance-low-cost-fog-ins-2\/","title":{"rendered":"Y al-70 de alto rendimiento y bajo costo Fog Ins"},"content":{"rendered":"<p><strong>Estructura y funciones del sistema<\/strong><\/p>\n<p>El sistema consiste en un chasis, un cuerpo de IMU (con un giroscopio de fibra \u00f3ptica de tres ejes, un aceler\u00f3metro de tres ejes), una placa base de giroscopio, una placa base medida, una fuente de alimentaci\u00f3n secundaria, una computadora de navegaci\u00f3n y conectores.<\/p>\n<p>Puede cumplir con los requisitos de la medici\u00f3n de actitud de tres ejes completo para todo clima de tres ejes del portador y tiene funci\u00f3n de autoalineaci\u00f3n. Puede realizar una navegaci\u00f3n inercial pura a corto plazo y funciones combinadas de navegaci\u00f3n, y datos de actitud de tiempo real del operador de salida.<\/p>\n<p><strong>Presupuesto<\/strong><\/p>\n<p><strong>3.1 Especificaciones de rendimiento<\/strong><\/p>\n<p>3.1.1 Par\u00e1metro del sensor de temperatura completa<\/p>\n<p>El Gyro es mejor que 0.05 \u00b0 \/ h, y el aceler\u00f3metro es mejor que 200ug (10s, 1\u03c3).<\/p>\n<p>3.1.2 Alineaci\u00f3n inicial (a temperatura normal 25 \u00b0 C)<\/p>\n<p>Modo de alineaci\u00f3n: autoalineaci\u00f3n;<\/p>\n<p>Tiempo de alineaci\u00f3n: menos de 5 minutos (base est\u00e1tica);<\/p>\n<p>Actitud horizontal (tono, rollo) Precisi\u00f3n de alineaci\u00f3n (1\u03c3): \u22640.03 \u00b0;<\/p>\n<p>Precisi\u00f3n de alineaci\u00f3n del encabezado (1\u03c3): \u22640.3 \u00b0.<\/p>\n<p>3.1.3 Mantenimiento de actitud de actitud<\/p>\n<p>1h estado de inercia pura;<\/p>\n<p>Actitud horizontal (tono, rollo) Manteniendo la precisi\u00f3n (1\u03c3): \u22640.05 \u00b0;<\/p>\n<p>Precisi\u00f3n del encabezado (1\u03c3): \u22640.2 \u00b0;<\/p>\n<p>8h estado de combinaci\u00f3n de posici\u00f3n;<\/p>\n<p>Precisi\u00f3n de posici\u00f3n (CEP): 10m;<\/p>\n<p><strong>3.2 Volumen, peso<\/strong><\/p>\n<p>3.2.1 Y FINS-70A<\/p>\n<p>El volumen del sistema es: 237 mm \u00d7 157 mm \u00d7 122 mm;<\/p>\n<p>Peso del sistema: menos de 5 kg.<\/p>\n<p>3.2.2 Y FINS-70B<\/p>\n<p>El volumen del sistema es: 140 mm \u00d7 140 mm \u00d7 100 mm;<\/p>\n<p>Peso del sistema: menos de 3 kg.<\/p>\n<p><strong>3.3 Requisitos de condiciones ambientales<\/strong><\/p>\n<p>Rango de temperatura de funcionamiento: -40 \u00b0 C ~+60 \u00b0 C.<\/p>\n<p><strong>3.4 Fuente de energ\u00eda y consumo de energ\u00eda<\/strong><\/p>\n<p>El consumo promedio de energ\u00eda es de 15W, 10 W a temperatura normal;<\/p>\n<p>Fuente de alimentaci\u00f3n 24 V, voltaje de trabajo 16 ~ 32V.<\/p>\n<p><strong>3.5 Interfaz de entrada y salida<\/strong><\/p>\n<p>Interfaz de entrada y salida RS422: env\u00ede par\u00e1metros de navegaci\u00f3n y reciba comandos de control<\/p>\n<p>Si est\u00e1 interesado en el alto rendimiento &amp; INS de niebla de bajo costo, pls p\u00f3ngase en contacto con nosotros: info@joinsunny.cn<\/p>","protected":false},"excerpt":{"rendered":"<p>AND-FINS-70 Alto rendimiento y El FOG INS de bajo costo se compone principalmente de tres giroscopios de fibra \u00f3ptica s\u00f3lida, tres aceler\u00f3metros flexibles de cuarzo, placas de embalaje de datos, partes estructurales del cuerpo y software relacionado. Puede medir la velocidad angular y la aceleraci\u00f3n lineal del movimiento del portador; realiza la compensaci\u00f3n de errores de temperatura, \u00e1ngulo de desalineaci\u00f3n de instalaci\u00f3n, no linealidad y posici\u00f3n cero, etc.; autom\u00e1ticamente busca y emite direcci\u00f3n norte verdadera; proporciona una actitud tridimensional; proporciona informaci\u00f3n para la actitud del portador y el control de navegaci\u00f3n y el resultado de la medici\u00f3n se emite a trav\u00e9s de la interfaz serial RS422.<\/p>","protected":false},"featured_media":2697,"comment_status":"open","ping_status":"closed","template":"","meta":[],"product_brand":[],"product_cat":[26],"product_tag":[],"class_list":{"0":"post-2695","1":"product","2":"type-product","3":"status-publish","4":"has-post-thumbnail","6":"product_cat-imu-mems-ins","8":"first","9":"instock","10":"shipping-taxable","11":"product-type-simple"},"_links":{"self":[{"href":"https:\/\/www.andelutech.com\/es\/wp-json\/wp\/v2\/product\/2695","targetHints":{"allow":["GET"]}}],"collection":[{"href":"https:\/\/www.andelutech.com\/es\/wp-json\/wp\/v2\/product"}],"about":[{"href":"https:\/\/www.andelutech.com\/es\/wp-json\/wp\/v2\/types\/product"}],"replies":[{"embeddable":true,"href":"https:\/\/www.andelutech.com\/es\/wp-json\/wp\/v2\/comments?post=2695"}],"wp:featuredmedia":[{"embeddable":true,"href":"https:\/\/www.andelutech.com\/es\/wp-json\/wp\/v2\/media\/2697"}],"wp:attachment":[{"href":"https:\/\/www.andelutech.com\/es\/wp-json\/wp\/v2\/media?parent=2695"}],"wp:term":[{"taxonomy":"product_brand","embeddable":true,"href":"https:\/\/www.andelutech.com\/es\/wp-json\/wp\/v2\/product_brand?post=2695"},{"taxonomy":"product_cat","embeddable":true,"href":"https:\/\/www.andelutech.com\/es\/wp-json\/wp\/v2\/product_cat?post=2695"},{"taxonomy":"product_tag","embeddable":true,"href":"https:\/\/www.andelutech.com\/es\/wp-json\/wp\/v2\/product_tag?post=2695"}],"curies":[{"name":"wp","href":"https:\/\/api.w.org\/{rel}","templated":true}]}}