{"id":2442,"date":"2025-05-23T15:40:57","date_gmt":"2025-05-23T07:40:57","guid":{"rendered":"https:\/\/www.andelutech.com\/?post_type=product&#038;p=2442"},"modified":"2026-03-26T17:35:19","modified_gmt":"2026-03-26T09:35:19","slug":"and-ts-5148cu","status":"publish","type":"product","link":"https:\/\/www.andelutech.com\/es\/product\/and-ts-5148cu\/","title":{"rendered":"AND-TS-5148CU"},"content":{"rendered":"","protected":false},"excerpt":{"rendered":"<p><strong><b>Introducci\u00f3n <\/b><\/strong><\/p>\n<p><strong><b>Descripci\u00f3n del Producto<\/b><\/strong><\/p>\n<p>Y TS-5148CU Corriente de un solo eje \u00fanico\u00a0<a href=\"https:\/\/www.ericcointernational.com\/inclinomter\/\">Medidor de inclinaci\u00f3n<\/a>\u00a0es un medidor de INCLINACI\u00d3N de salida de salida de un solo eje de Volumen De Volumen, la corriente de salida de 4 ~ 20 mA, 0 ~ 20MA, 0 ~ 24MA es opcional. Debido al dispositivo de inclinaci\u00f3n de proceso de producci\u00f3n microelectromec\u00e1nica incorporada, el producto tiene un tama\u00f1o peque\u00f1o, bajo consumo de energ\u00eda, la temperatura de trabajo de grado industrial es -40 ~+85 \u2103, y la transmisi\u00f3n de larga distancia puede alcanzar m\u00e1s de 2500 metros. La fuerte capacidad de resistir la interferencia electromagn\u00e9tica externa lo hace adecuado para un trabajo a largo plazo en entornos industriales duros.<\/p>\n<p>El producto adopta el principio de medici\u00f3n sin contacto, que puede generar la actitud actual y el \u00e1ngulo de inclinaci\u00f3n en tiempo real con una precisi\u00f3n de hasta 0.3 \u00b0. Es simple de usar, y no hay necesidad de encontrar las dos superficies con cambios relativos, por lo que es la elecci\u00f3n ideal de equipos industriales y medici\u00f3n de actitud de plataforma.<\/p>\n<p><strong><b>Caracter\u00edsticas<\/b><\/strong><\/p>\n<p>Monitoreo de inclinaci\u00f3n de un solo eje<\/p>\n<p>Precisi\u00f3n de rango completo 0.3 \u00b0, resoluci\u00f3n 0.05 \u00b0<\/p>\n<p>Salida 4 ~ 20MA, 0 ~ 20MA, 0 ~ 24MA opcional<\/p>\n<p>Entrada de voltaje ancho DC 9 ~ 36V<\/p>\n<p>Trabajo de temperatura amplia -40 ~+85 \u2103<\/p>\n<p>Rango de medici\u00f3n: 0 ~ \u00b1 180 \u00b0 (opcional)<\/p>\n<p>Alta resistencia a la vibraci\u00f3n&gt; 2500 g<\/p>\n<p>Protecci\u00f3n IP67<\/p>\n<p>Dise\u00f1o industrial<\/p>\n<p>Volumen peque\u00f1o (55*37*24 mm) (personalizable)<\/p>","protected":false},"featured_media":3342,"comment_status":"open","ping_status":"closed","template":"","meta":[],"product_brand":[],"product_cat":[24],"product_tag":[],"class_list":{"0":"post-2442","1":"product","2":"type-product","3":"status-publish","4":"has-post-thumbnail","6":"product_cat-tilt-sensor","8":"first","9":"instock","10":"shipping-taxable","11":"product-type-simple"},"_links":{"self":[{"href":"https:\/\/www.andelutech.com\/es\/wp-json\/wp\/v2\/product\/2442","targetHints":{"allow":["GET"]}}],"collection":[{"href":"https:\/\/www.andelutech.com\/es\/wp-json\/wp\/v2\/product"}],"about":[{"href":"https:\/\/www.andelutech.com\/es\/wp-json\/wp\/v2\/types\/product"}],"replies":[{"embeddable":true,"href":"https:\/\/www.andelutech.com\/es\/wp-json\/wp\/v2\/comments?post=2442"}],"wp:featuredmedia":[{"embeddable":true,"href":"https:\/\/www.andelutech.com\/es\/wp-json\/wp\/v2\/media\/3342"}],"wp:attachment":[{"href":"https:\/\/www.andelutech.com\/es\/wp-json\/wp\/v2\/media?parent=2442"}],"wp:term":[{"taxonomy":"product_brand","embeddable":true,"href":"https:\/\/www.andelutech.com\/es\/wp-json\/wp\/v2\/product_brand?post=2442"},{"taxonomy":"product_cat","embeddable":true,"href":"https:\/\/www.andelutech.com\/es\/wp-json\/wp\/v2\/product_cat?post=2442"},{"taxonomy":"product_tag","embeddable":true,"href":"https:\/\/www.andelutech.com\/es\/wp-json\/wp\/v2\/product_tag?post=2442"}],"curies":[{"name":"wp","href":"https:\/\/api.w.org\/{rel}","templated":true}]}}