{"id":2439,"date":"2025-05-23T15:39:12","date_gmt":"2025-05-23T07:39:12","guid":{"rendered":"https:\/\/www.andelutech.com\/?post_type=product&#038;p=2439"},"modified":"2026-01-14T09:48:35","modified_gmt":"2026-01-14T01:48:35","slug":"low-cost-single-axis-tilt-sensor-digital-output-5146di","status":"publish","type":"product","link":"https:\/\/www.andelutech.com\/es\/product\/low-cost-single-axis-tilt-sensor-digital-output-5146di\/","title":{"rendered":"AND-TS-5146DI Low Cost Single Axis Tilt Sensor Digital Output"},"content":{"rendered":"","protected":false},"excerpt":{"rendered":"<p><strong><b>Introducci\u00f3n<\/b><\/strong><\/p>\n<p>Y TS-5146DI El medidor de inclinaci\u00f3n de un solo eje digital es una nueva generaci\u00f3n de sensor de inclinaci\u00f3n de MEMS de peque\u00f1o volumen digital con una unidad de inclinaci\u00f3n de gravedad de doble canal incorporada convierte el cambio de inclinaci\u00f3n midiendo la aceleraci\u00f3n gravitacional est\u00e1tica. Por lo tanto, la salida del sensor se puede medir con respecto a la inclinaci\u00f3n del plano horizontal y el \u00e1ngulo de tono. El modo de salida tiene la interfaz de nivel RS232, RS485 o TTL, Modbus de nivel para elegir. Debido al sistema de control de MCU incorporado, la linealidad de salida del sensor se ha corregido dos veces para compensar la p\u00e9rdida de precisi\u00f3n causada por la falta de correcci\u00f3n anal\u00f3gica.<\/p>\n<p>El producto adopta la medici\u00f3n sin contacto de la cantidad original, que puede generar la actitud y la inclinaci\u00f3n actuales en tiempo real. La operaci\u00f3n es simple y no hay necesidad de recuperar los dos lados del cambio. Puede resistir la interferencia electromagn\u00e9tica externa y adaptarse al entorno industrial duro para el trabajo a largo plazo, por lo que es una opci\u00f3n ideal para el control de la automatizaci\u00f3n industrial y la medici\u00f3n de la actitud de la plataforma.<\/p>\n<p><strong><b>Caracter\u00edsticas<\/b><\/strong><\/p>\n<p>Monitoreo de inclinaci\u00f3n de un solo eje<\/p>\n<p>Precisi\u00f3n de rango completo 0.3 \u00b0, resoluci\u00f3n 0.05 \u00b0<\/p>\n<p>Frecuencia de salida 5 ~ 100Hz (opcional)<\/p>\n<p>Voltaje de entrada DC 5V<\/p>\n<p>Trabajo de temperatura amplia -40 ~+85 \u2103<\/p>\n<p>Rango de medici\u00f3n: 0 ~ \u00b1 180 \u00b0 (opcional)<\/p>\n<p>Alta resistencia a la vibraci\u00f3n&gt; 2500 g<\/p>\n<p>BAUD TASE2400 ~ 115200 (ajustable)<\/p>\n<p>Protecci\u00f3n IP67<\/p>\n<p>Salida: rs232 \/RS485\/TTL\/MODBUS (opcional)<\/p>\n<p>Volumen peque\u00f1o (55*37*24 mm) (personalizable)<\/p>\n<p><strong><b>Aplicaciones<\/b><\/strong><\/p>\n<p>Monitoreo de la torre de la l\u00ednea el\u00e9ctrica de alto voltaje Monitoreo<\/p>\n<p>Posicionamiento por antena solar satelital<\/p>\n<p>Veh\u00edculo de trabajo a\u00e9reo<\/p>\n<p>Maquinaria minera, equipo de registro de aceite<\/p>\n<p>Equipo m\u00e9dico<\/p>\n<p>Nivelaci\u00f3n de gimp<\/p>\n<p>Plataforma de elevaci\u00f3n hidr\u00e1ulica<\/p>\n<p>Monitoreo basado en inclinaci\u00f3n<\/p>\n<p>Varios control del \u00e1ngulo de maquinaria de construcci\u00f3n<\/p>\n<p>Inspecci\u00f3n de puentes y presas<\/p>","protected":false},"featured_media":3343,"comment_status":"open","ping_status":"closed","template":"","meta":[],"product_brand":[],"product_cat":[24],"product_tag":[],"class_list":{"0":"post-2439","1":"product","2":"type-product","3":"status-publish","4":"has-post-thumbnail","6":"product_cat-tilt-sensor","8":"first","9":"instock","10":"shipping-taxable","11":"product-type-simple"},"_links":{"self":[{"href":"https:\/\/www.andelutech.com\/es\/wp-json\/wp\/v2\/product\/2439","targetHints":{"allow":["GET"]}}],"collection":[{"href":"https:\/\/www.andelutech.com\/es\/wp-json\/wp\/v2\/product"}],"about":[{"href":"https:\/\/www.andelutech.com\/es\/wp-json\/wp\/v2\/types\/product"}],"replies":[{"embeddable":true,"href":"https:\/\/www.andelutech.com\/es\/wp-json\/wp\/v2\/comments?post=2439"}],"wp:featuredmedia":[{"embeddable":true,"href":"https:\/\/www.andelutech.com\/es\/wp-json\/wp\/v2\/media\/3343"}],"wp:attachment":[{"href":"https:\/\/www.andelutech.com\/es\/wp-json\/wp\/v2\/media?parent=2439"}],"wp:term":[{"taxonomy":"product_brand","embeddable":true,"href":"https:\/\/www.andelutech.com\/es\/wp-json\/wp\/v2\/product_brand?post=2439"},{"taxonomy":"product_cat","embeddable":true,"href":"https:\/\/www.andelutech.com\/es\/wp-json\/wp\/v2\/product_cat?post=2439"},{"taxonomy":"product_tag","embeddable":true,"href":"https:\/\/www.andelutech.com\/es\/wp-json\/wp\/v2\/product_tag?post=2439"}],"curies":[{"name":"wp","href":"https:\/\/api.w.org\/{rel}","templated":true}]}}