{"id":2436,"date":"2025-05-23T15:37:47","date_gmt":"2025-05-23T07:37:47","guid":{"rendered":"https:\/\/www.andelutech.com\/?post_type=product&#038;p=2436"},"modified":"2026-01-09T13:54:29","modified_gmt":"2026-01-09T05:54:29","slug":"low-cost-single-axis-tilt-sensor-canopen-output-5145ca","status":"publish","type":"product","link":"https:\/\/www.andelutech.com\/es\/product\/low-cost-single-axis-tilt-sensor-canopen-output-5145ca\/","title":{"rendered":"AND-TM-5145CA Low Cost Single Axis Tilt Sensor CANopen Output"},"content":{"rendered":"","protected":false},"excerpt":{"rendered":"<p><strong><b>Introducci\u00f3n<\/b><\/strong><\/p>\n<p>El inclin\u00f3metro de doble eje de salida de Canopen es un producto especialmente desarrollado para el control de campo industrial. El producto tiene una unidad de inclinaci\u00f3n de proceso microelectromec\u00e1nico incorporado, que tiene las caracter\u00edsticas de tama\u00f1o peque\u00f1o, bajo consumo de energ\u00eda y alta consistencia y estabilidad del proceso microelectromec\u00e1nico. Es un m\u00f3dulo de inclinaci\u00f3n de grado industrial con una temperatura de trabajo de -40 ~+85 \u00b0 C.<\/p>\n<p>El producto utiliza la medici\u00f3n sin contacto de la cantidad original y puede generar la actitud y la inclinaci\u00f3n actuales en tiempo real. La operaci\u00f3n es simple, y no hay necesidad de recuperar las dos caras de los cambios relativos. Tiene una fuerte resistencia a la interferencia electromagn\u00e9tica externa y puede adaptarse al trabajo a largo plazo en entornos industriales duros, lo que lo convierte en una opci\u00f3n ideal para el control de la automatizaci\u00f3n industrial y la medici\u00f3n de la actitud de la plataforma.<\/p>\n<p><strong><b>Compa\u00f1eros<\/b><\/strong><\/p>\n<p>Monitoreo de inclinaci\u00f3n de un solo eje<\/p>\n<p>Precisi\u00f3n de rango completo 0.3 \u00b0, resoluci\u00f3n 0.05 \u00b0<\/p>\n<p>Frecuencia de salida 5 ~ 100Hz (opcional)<\/p>\n<p>Voltaje de entrada DC 5V<\/p>\n<p>Trabajo de temperatura amplia -40 ~+85 \u2103<\/p>\n<p>Rango de medici\u00f3n: 0 ~ \u00b1 180 \u00b0 (opcional)<\/p>\n<p>Alta resistencia a la vibraci\u00f3n&gt; 2500 g<\/p>\n<p>BAUD GAUD 100K-500K BPS<\/p>\n<p>Protecci\u00f3n IP67<\/p>\n<p>Salida: CANopen<\/p>\n<p>Volumen peque\u00f1o (55*37*24 mm) (personalizable)<\/p>\n<p><strong><b>Aplicaciones<\/b><\/strong><\/p>\n<p>Monitoreo de la torre de alambre de alto voltaje<\/p>\n<p>Posicionamiento por antena solar satelital<\/p>\n<p>Tractor alto, maquinaria de agricultura profunda y maquinaria minera<\/p>\n<p>Equipo de registro de aceite Equipo m\u00e9dico<\/p>\n<p>Nivelaci\u00f3n de inclinaci\u00f3n<\/p>\n<p>Plataforma de elevaci\u00f3n hidr\u00e1ulica<\/p>\n<p>Monitoreo de inclinaci\u00f3n<\/p>\n<p>Control de \u00e1ngulo de varias maquinaria de construcci\u00f3n<\/p>\n<p>Inspecci\u00f3n de puentes y presas<\/p>","protected":false},"featured_media":3367,"comment_status":"open","ping_status":"closed","template":"","meta":[],"product_brand":[],"product_cat":[24],"product_tag":[],"class_list":{"0":"post-2436","1":"product","2":"type-product","3":"status-publish","4":"has-post-thumbnail","6":"product_cat-tilt-sensor","8":"first","9":"instock","10":"shipping-taxable","11":"product-type-simple"},"_links":{"self":[{"href":"https:\/\/www.andelutech.com\/es\/wp-json\/wp\/v2\/product\/2436","targetHints":{"allow":["GET"]}}],"collection":[{"href":"https:\/\/www.andelutech.com\/es\/wp-json\/wp\/v2\/product"}],"about":[{"href":"https:\/\/www.andelutech.com\/es\/wp-json\/wp\/v2\/types\/product"}],"replies":[{"embeddable":true,"href":"https:\/\/www.andelutech.com\/es\/wp-json\/wp\/v2\/comments?post=2436"}],"wp:featuredmedia":[{"embeddable":true,"href":"https:\/\/www.andelutech.com\/es\/wp-json\/wp\/v2\/media\/3367"}],"wp:attachment":[{"href":"https:\/\/www.andelutech.com\/es\/wp-json\/wp\/v2\/media?parent=2436"}],"wp:term":[{"taxonomy":"product_brand","embeddable":true,"href":"https:\/\/www.andelutech.com\/es\/wp-json\/wp\/v2\/product_brand?post=2436"},{"taxonomy":"product_cat","embeddable":true,"href":"https:\/\/www.andelutech.com\/es\/wp-json\/wp\/v2\/product_cat?post=2436"},{"taxonomy":"product_tag","embeddable":true,"href":"https:\/\/www.andelutech.com\/es\/wp-json\/wp\/v2\/product_tag?post=2436"}],"curies":[{"name":"wp","href":"https:\/\/api.w.org\/{rel}","templated":true}]}}