{"id":2433,"date":"2025-05-23T15:36:02","date_gmt":"2025-05-23T07:36:02","guid":{"rendered":"https:\/\/www.andelutech.com\/?post_type=product&#038;p=2433"},"modified":"2026-01-14T09:59:30","modified_gmt":"2026-01-14T01:59:30","slug":"low-cost-voltage-output-single-axis-tilt-sensor-5140vo","status":"publish","type":"product","link":"https:\/\/www.andelutech.com\/es\/product\/low-cost-voltage-output-single-axis-tilt-sensor-5140vo\/","title":{"rendered":"AND-TS-5140VO Low Cost Voltage Output Single Axis Tilt Sensor"},"content":{"rendered":"","protected":false},"excerpt":{"rendered":"<p><strong><b>Introducci\u00f3n<\/b><\/strong><\/p>\n<p>Y serie de TS-5140VO\u00a0<a href=\"https:\/\/www.ericcointernational.com\/inclinomter\/\">sensor de inclinaci\u00f3n<\/a>\u00a0es una inclinaci\u00f3n de salida de voltaje de eje \u00fanico de bajo costo\u00a0<a href=\"https:\/\/www.ericcointernational.com\/inclinomter\/\">sensor<\/a>. El voltaje de salida es 0 ~ 5V, y 0 ~ 10V es opcional. Est\u00e1 dirigido principalmente al mercado de aplicaciones donde el volumen y el costo son altamente limitados. Debido a la unidad de inclinaci\u00f3n incorporada de una nueva generaci\u00f3n de proceso de producci\u00f3n de MEMS, el producto terminado es peque\u00f1o en tama\u00f1o y bajo consumo de energ\u00eda. La consistencia y la estabilidad del proceso MEMS es muy alta, y su temperatura de trabajo alcanza el grado industrial -40 ~+85 \u2103, que es un m\u00f3dulo de inclinaci\u00f3n rentable.<\/p>\n<p>El producto adopta el principio de medici\u00f3n sin contacto, que puede generar la actitud actual y la inclinaci\u00f3n en tiempo real. La operaci\u00f3n es simple, no es necesario buscar dos caras con cambios relativos. Tiene las caracter\u00edsticas del peque\u00f1o tama\u00f1o y la fuerte resistencia a los choques y la vibraci\u00f3n, especialmente adecuado para entornos industriales duros.<\/p>\n<p><strong><b>Compa\u00f1eros<\/b><\/strong><\/p>\n<p>Monitoreo de inclinaci\u00f3n de un solo eje<\/p>\n<p>Precisi\u00f3n de rango completo 0.3 \u00b0, resoluci\u00f3n 0.05 \u00b0<\/p>\n<p>Salida: 0-5V, 0-10V (opcional)<\/p>\n<p>Entrada de voltaje ancho DC 9 ~ 36V<\/p>\n<p>Trabajo de temperatura amplia -40 ~+85 \u2103<\/p>\n<p>Rango de medici\u00f3n: 0 ~ \u00b1 180 \u00b0 (opcional)<\/p>\n<p>Alta resistencia a la vibraci\u00f3n&gt; 2500 g<\/p>\n<p>Protecci\u00f3n IP67<\/p>\n<p>Dise\u00f1o industrial<\/p>\n<p>Volumen peque\u00f1o (55*37*24 mm) (personalizable)<\/p>\n<p><strong><b>Aplicaciones<\/b><\/strong><\/p>\n<p>L\u00ednea de transmisi\u00f3n de potencia inteligente<\/p>\n<p>Cami\u00f3n de trabajo a\u00e9reo<\/p>\n<p>Tractor, maquinaria agr\u00edcola profunda<\/p>\n<p>Maquinaria minera, equipo de registro de aceite<\/p>\n<p>Equipo m\u00e9dico<\/p>\n<p>Nivelaci\u00f3n de inclinaci\u00f3n<\/p>\n<p>Plataforma de elevaci\u00f3n hidr\u00e1ulica<\/p>\n<p>Monitoreo de inclinaci\u00f3n<\/p>\n<p>Control de \u00e1ngulo de varias maquinaria de construcci\u00f3n<\/p>\n<p>Inspecci\u00f3n de puentes y presas<\/p>","protected":false},"featured_media":3344,"comment_status":"open","ping_status":"closed","template":"","meta":[],"product_brand":[],"product_cat":[24],"product_tag":[],"class_list":{"0":"post-2433","1":"product","2":"type-product","3":"status-publish","4":"has-post-thumbnail","6":"product_cat-tilt-sensor","8":"first","9":"instock","10":"shipping-taxable","11":"product-type-simple"},"_links":{"self":[{"href":"https:\/\/www.andelutech.com\/es\/wp-json\/wp\/v2\/product\/2433","targetHints":{"allow":["GET"]}}],"collection":[{"href":"https:\/\/www.andelutech.com\/es\/wp-json\/wp\/v2\/product"}],"about":[{"href":"https:\/\/www.andelutech.com\/es\/wp-json\/wp\/v2\/types\/product"}],"replies":[{"embeddable":true,"href":"https:\/\/www.andelutech.com\/es\/wp-json\/wp\/v2\/comments?post=2433"}],"wp:featuredmedia":[{"embeddable":true,"href":"https:\/\/www.andelutech.com\/es\/wp-json\/wp\/v2\/media\/3344"}],"wp:attachment":[{"href":"https:\/\/www.andelutech.com\/es\/wp-json\/wp\/v2\/media?parent=2433"}],"wp:term":[{"taxonomy":"product_brand","embeddable":true,"href":"https:\/\/www.andelutech.com\/es\/wp-json\/wp\/v2\/product_brand?post=2433"},{"taxonomy":"product_cat","embeddable":true,"href":"https:\/\/www.andelutech.com\/es\/wp-json\/wp\/v2\/product_cat?post=2433"},{"taxonomy":"product_tag","embeddable":true,"href":"https:\/\/www.andelutech.com\/es\/wp-json\/wp\/v2\/product_tag?post=2433"}],"curies":[{"name":"wp","href":"https:\/\/api.w.org\/{rel}","templated":true}]}}