{"id":2426,"date":"2025-05-23T15:29:46","date_gmt":"2025-05-23T07:29:46","guid":{"rendered":"https:\/\/www.andelutech.com\/?post_type=product&#038;p=2426"},"modified":"2026-01-09T14:01:40","modified_gmt":"2026-01-09T06:01:40","slug":"current-output-type-2-axis-tilt-sensor-3268cu","status":"publish","type":"product","link":"https:\/\/www.andelutech.com\/es\/product\/current-output-type-2-axis-tilt-sensor-3268cu\/","title":{"rendered":"AND-TS-3268CU Current Output Type 2 Axis Tilt Sensor"},"content":{"rendered":"","protected":false},"excerpt":{"rendered":"<p><strong><b>Introducci\u00f3n<\/b><\/strong><\/p>\n<p>Y TS-3268CU es un sensor de inclinaci\u00f3n de salida de corriente dual de doble eje est\u00e1ndar. Hay corrientes est\u00e1ndar de 4-20 mA, 0-20 mA, 0-24MA para elegir, y puede transmitir 2000 metros de larga distancia.<\/p>\n<p>El producto adopta la tecnolog\u00eda de producci\u00f3n de sensores MEMS, que puede compensar con precisi\u00f3n y corregir errores de temperatura y errores lineales. Tiene las caracter\u00edsticas de alta precisi\u00f3n, tama\u00f1o peque\u00f1o, tecnolog\u00eda de envasado de alta, resistencia a la vibraci\u00f3n, circuitos de interferencia antiadio incorporados y anti-electromagn\u00e9ticos, que es especialmente adecuado para aplicaciones subterr\u00e1neas en entornos industriales hostiles como la maquinaria de excavaci\u00f3n.<\/p>\n<p><strong><b>Caracter\u00edsticas<\/b><\/strong><\/p>\n<p>Monitoreo de inclinaci\u00f3n del eje dual<\/p>\n<p>Precisi\u00f3n de rango completo 0.01 \u00b0, resoluci\u00f3n 0.001 \u00b0<\/p>\n<p>Salida 4 ~ 20MA, 0 ~ 20MA, 0 ~ 24MA (opcional)<\/p>\n<p>Entrada de voltaje ancho DC 9 ~ 36V<\/p>\n<p>Trabajo de temperatura amplia -40 ~+85 \u2103<\/p>\n<p>Rango de medici\u00f3n: 0 ~ \u00b1 90 \u00b0 (opcional)<\/p>\n<p>Alta resistencia a la vibraci\u00f3n&gt; 20000g<\/p>\n<p>Protecci\u00f3n IP67<\/p>\n<p>Puede emitir rs232 al mismo tiempo<\/p>\n<p>Volumen peque\u00f1o (90*40*27 mm) (personalizable)<\/p>\n<p><strong><b>Aplicaciones<\/b><\/strong><\/p>\n<p>Monitoreo de la torre de la l\u00ednea el\u00e9ctrica de alto voltaje Monitoreo<\/p>\n<p>Posicionamiento por antena solar satelital<\/p>\n<p>Cami\u00f3n de trabajo a\u00e9reo<\/p>\n<p>Maquinaria minera, equipo de registro de aceite<\/p>\n<p>Equipo m\u00e9dico<\/p>\n<p>Nivelaci\u00f3n de inclinaci\u00f3n<\/p>\n<p>Plataforma de elevaci\u00f3n hidr\u00e1ulica<\/p>\n<p>Monitoreo de inclinaci\u00f3n<\/p>\n<p>Control de \u00e1ngulo de varias maquinaria de construcci\u00f3n<\/p>\n<p>Inspecci\u00f3n de puentes y presas<\/p>","protected":false},"featured_media":3345,"comment_status":"open","ping_status":"closed","template":"","meta":[],"product_brand":[],"product_cat":[24],"product_tag":[],"class_list":{"0":"post-2426","1":"product","2":"type-product","3":"status-publish","4":"has-post-thumbnail","6":"product_cat-tilt-sensor","8":"first","9":"instock","10":"shipping-taxable","11":"product-type-simple"},"_links":{"self":[{"href":"https:\/\/www.andelutech.com\/es\/wp-json\/wp\/v2\/product\/2426","targetHints":{"allow":["GET"]}}],"collection":[{"href":"https:\/\/www.andelutech.com\/es\/wp-json\/wp\/v2\/product"}],"about":[{"href":"https:\/\/www.andelutech.com\/es\/wp-json\/wp\/v2\/types\/product"}],"replies":[{"embeddable":true,"href":"https:\/\/www.andelutech.com\/es\/wp-json\/wp\/v2\/comments?post=2426"}],"wp:featuredmedia":[{"embeddable":true,"href":"https:\/\/www.andelutech.com\/es\/wp-json\/wp\/v2\/media\/3345"}],"wp:attachment":[{"href":"https:\/\/www.andelutech.com\/es\/wp-json\/wp\/v2\/media?parent=2426"}],"wp:term":[{"taxonomy":"product_brand","embeddable":true,"href":"https:\/\/www.andelutech.com\/es\/wp-json\/wp\/v2\/product_brand?post=2426"},{"taxonomy":"product_cat","embeddable":true,"href":"https:\/\/www.andelutech.com\/es\/wp-json\/wp\/v2\/product_cat?post=2426"},{"taxonomy":"product_tag","embeddable":true,"href":"https:\/\/www.andelutech.com\/es\/wp-json\/wp\/v2\/product_tag?post=2426"}],"curies":[{"name":"wp","href":"https:\/\/api.w.org\/{rel}","templated":true}]}}