{"id":2420,"date":"2025-05-23T15:13:35","date_gmt":"2025-05-23T07:13:35","guid":{"rendered":"https:\/\/www.andelutech.com\/?post_type=product&#038;p=2420"},"modified":"2026-01-09T14:05:48","modified_gmt":"2026-01-09T06:05:48","slug":"digital-type-two-axis-tilt-sensor-3266di","status":"publish","type":"product","link":"https:\/\/www.andelutech.com\/es\/product\/digital-type-two-axis-tilt-sensor-3266di\/","title":{"rendered":"AND-TS-3266DI Digital Type Two Axis Tilt Sensor"},"content":{"rendered":"","protected":false},"excerpt":{"rendered":"<p><strong><b>Introducci\u00f3n<\/b><\/strong><\/p>\n<p>Y TS-3266DI es un inclin\u00f3metro en serie de doble eje dise\u00f1ado espec\u00edficamente para el control industrial utilizando tecnolog\u00eda MEMS y salida digital. Convertidor incorporado de alta precisi\u00f3n16 bits a \/Ddifferential, a trav\u00e9s del algoritmo de filtrado N, que puede medir el \u00e1ngulo de salida del sensor en relaci\u00f3n con el horizonte taltilt y la inclinaci\u00f3n de tono. Las interfaces de salida RS485, RS232, RS422, TTL, CAN, MODBUS son opcionales.<\/p>\n<p>El producto est\u00e1 equipado con un sensor digital de alta precisi\u00f3n de ADI, que puede corregir la deriva de temperatura del sensor de acuerdo con el cambio de temperatura de monitoreo del sensor de temperatura incorporado para garantizar la repetibilidad del producto en entornos de baja y alta temperatura. La frecuencia de salida correspondiente es de 100Hz. El producto terminado tiene un rendimiento confiable y estable, buena escalabilidad y una variedad de opciones de salida, que son adecuadas para varios entornos de control industrial.<\/p>\n<p><strong><b>Caracter\u00edsticas<\/b><\/strong><\/p>\n<p>Monitoreo de inclinaci\u00f3n del eje dual<\/p>\n<p>Precisi\u00f3n de rango completo 0.01 \u00b0, resoluci\u00f3n 0.001 \u00b0<\/p>\n<p>Frecuencia de salida 5 ~ 100Hz (opcional)<\/p>\n<p>Entrada de voltaje ancho DC 9 ~ 36V<\/p>\n<p>Trabajo de temperatura amplia -40 ~+85 \u2103<\/p>\n<p>Rango de medici\u00f3n: 0 ~ \u00b1 90 \u00b0 (opcional)<\/p>\n<p>Alta resistencia a la vibraci\u00f3n&gt; 20000g<\/p>\n<p>BAUD TASA 2400 ~ 115200 (ajustable)<\/p>\n<p>Protecci\u00f3n IP67<\/p>\n<p>Puede emitir rs232 \/RS485\/TTL\/MODBUS (opcional)<\/p>\n<p>Volumen peque\u00f1o (90*40*27 mm) (personalizable)<\/p>","protected":false},"featured_media":3346,"comment_status":"open","ping_status":"closed","template":"","meta":[],"product_brand":[],"product_cat":[24],"product_tag":[],"class_list":{"0":"post-2420","1":"product","2":"type-product","3":"status-publish","4":"has-post-thumbnail","6":"product_cat-tilt-sensor","8":"first","9":"instock","10":"shipping-taxable","11":"product-type-simple"},"_links":{"self":[{"href":"https:\/\/www.andelutech.com\/es\/wp-json\/wp\/v2\/product\/2420","targetHints":{"allow":["GET"]}}],"collection":[{"href":"https:\/\/www.andelutech.com\/es\/wp-json\/wp\/v2\/product"}],"about":[{"href":"https:\/\/www.andelutech.com\/es\/wp-json\/wp\/v2\/types\/product"}],"replies":[{"embeddable":true,"href":"https:\/\/www.andelutech.com\/es\/wp-json\/wp\/v2\/comments?post=2420"}],"wp:featuredmedia":[{"embeddable":true,"href":"https:\/\/www.andelutech.com\/es\/wp-json\/wp\/v2\/media\/3346"}],"wp:attachment":[{"href":"https:\/\/www.andelutech.com\/es\/wp-json\/wp\/v2\/media?parent=2420"}],"wp:term":[{"taxonomy":"product_brand","embeddable":true,"href":"https:\/\/www.andelutech.com\/es\/wp-json\/wp\/v2\/product_brand?post=2420"},{"taxonomy":"product_cat","embeddable":true,"href":"https:\/\/www.andelutech.com\/es\/wp-json\/wp\/v2\/product_cat?post=2420"},{"taxonomy":"product_tag","embeddable":true,"href":"https:\/\/www.andelutech.com\/es\/wp-json\/wp\/v2\/product_tag?post=2420"}],"curies":[{"name":"wp","href":"https:\/\/api.w.org\/{rel}","templated":true}]}}