{"id":2417,"date":"2025-05-23T15:12:00","date_gmt":"2025-05-23T07:12:00","guid":{"rendered":"https:\/\/www.andelutech.com\/?post_type=product&#038;p=2417"},"modified":"2026-01-09T14:07:44","modified_gmt":"2026-01-09T06:07:44","slug":"canopen-type-dual-axis-tilt-sensor-3265ca","status":"publish","type":"product","link":"https:\/\/www.andelutech.com\/es\/product\/canopen-type-dual-axis-tilt-sensor-3265ca\/","title":{"rendered":"AND-TS-3265CA CANopen Type Dual Axis Tilt Sensor"},"content":{"rendered":"","protected":false},"excerpt":{"rendered":"<p><strong><b>Introducci\u00f3n<\/b><\/strong><\/p>\n<p>Y TS-3265CA CANOPEN Output Dual Axis Tilt Sensor est\u00e1 especialmente dise\u00f1ado para el campo de control industrial, utilizando el aislador est\u00e1ndar industrial puede transceptor, un converter diferencial de alta precisi\u00f3n incorporado a \/D Converter diferencial, a trav\u00e9s de algoritmo de filtrado de orden N, para medir la\u00a0<a href=\"https:\/\/www.ericcointernational.com\/inclinomter\/\">sensor<\/a>\u00a0salida en relaci\u00f3n con la inclinaci\u00f3n del plano horizontal y el \u00e1ngulo de lanzamiento.<\/p>\n<p>El producto tiene un sensor de temperatura de alta precisi\u00f3n incorporado, que puede corregir la deriva de temperatura del sensor de acuerdo con el cambio del sensor de temperatura incorporado para garantizar la alta repetibilidad del producto en un entorno de baja temperatura o alta temperatura. El est\u00e1ndar de frecuencia de respuesta de salida es de hasta 100Hz, que es adecuado para varios entornos de control industrial duro.<\/p>\n<p><strong><b>Caracter\u00edsticas<\/b><\/strong><\/p>\n<p>Monitoreo de inclinaci\u00f3n del eje dual<\/p>\n<p>Precisi\u00f3n de rango completo 0.01 \u00b0, resoluci\u00f3n 0.001 \u00b0<\/p>\n<p>Frecuencia de salida 5 ~ 100Hz (opcional)<\/p>\n<p>Entrada de voltaje ancho DC 9 ~ 36V<\/p>\n<p>Trabajo de temperatura amplia -40 ~+85 \u2103<\/p>\n<p>Rango de medici\u00f3n: 0 ~ \u00b1 90 \u00b0 (opcional)<\/p>\n<p>Alta resistencia a la vibraci\u00f3n&gt; 20000g<\/p>\n<p>BAUD CARE 100K ~ 500K BPS<\/p>\n<p>Protecci\u00f3n IP67<\/p>\n<p>Salida CANopen<\/p>\n<p>Volumen peque\u00f1o (90*40*27 mm) (personalizable)<\/p>","protected":false},"featured_media":3365,"comment_status":"open","ping_status":"closed","template":"","meta":[],"product_brand":[],"product_cat":[24],"product_tag":[],"class_list":{"0":"post-2417","1":"product","2":"type-product","3":"status-publish","4":"has-post-thumbnail","6":"product_cat-tilt-sensor","8":"first","9":"instock","10":"shipping-taxable","11":"product-type-simple"},"_links":{"self":[{"href":"https:\/\/www.andelutech.com\/es\/wp-json\/wp\/v2\/product\/2417","targetHints":{"allow":["GET"]}}],"collection":[{"href":"https:\/\/www.andelutech.com\/es\/wp-json\/wp\/v2\/product"}],"about":[{"href":"https:\/\/www.andelutech.com\/es\/wp-json\/wp\/v2\/types\/product"}],"replies":[{"embeddable":true,"href":"https:\/\/www.andelutech.com\/es\/wp-json\/wp\/v2\/comments?post=2417"}],"wp:featuredmedia":[{"embeddable":true,"href":"https:\/\/www.andelutech.com\/es\/wp-json\/wp\/v2\/media\/3365"}],"wp:attachment":[{"href":"https:\/\/www.andelutech.com\/es\/wp-json\/wp\/v2\/media?parent=2417"}],"wp:term":[{"taxonomy":"product_brand","embeddable":true,"href":"https:\/\/www.andelutech.com\/es\/wp-json\/wp\/v2\/product_brand?post=2417"},{"taxonomy":"product_cat","embeddable":true,"href":"https:\/\/www.andelutech.com\/es\/wp-json\/wp\/v2\/product_cat?post=2417"},{"taxonomy":"product_tag","embeddable":true,"href":"https:\/\/www.andelutech.com\/es\/wp-json\/wp\/v2\/product_tag?post=2417"}],"curies":[{"name":"wp","href":"https:\/\/api.w.org\/{rel}","templated":true}]}}