{"id":2414,"date":"2025-05-23T15:10:38","date_gmt":"2025-05-23T07:10:38","guid":{"rendered":"https:\/\/www.andelutech.com\/?post_type=product&#038;p=2414"},"modified":"2026-03-26T17:51:15","modified_gmt":"2026-03-26T09:51:15","slug":"digital-output-type-2-axis-tilt-sensor3262di","status":"publish","type":"product","link":"https:\/\/www.andelutech.com\/es\/product\/digital-output-type-2-axis-tilt-sensor3262di\/","title":{"rendered":"AND-TS-3262DI Digital Output Type 2 Axis Tilt Sensor"},"content":{"rendered":"<table width=\"730\">\n<tbody>\n<tr>\n<td width=\"204\">Par\u00e1metros<\/td>\n<td width=\"86\">Condici\u00f3n<\/td>\n<td width=\"99\">AND-TM-3262DL10<\/td>\n<td width=\"100\">AND-TM-3262DL30<\/td>\n<td width=\"97\">AND-TM-3262D-60<\/td>\n<td width=\"98\">AND-TM-3262DI90<\/td>\n<td width=\"43\">Unidad<\/td>\n<\/tr>\n<tr>\n<td width=\"204\">Rango de medici\u00f3n<\/td>\n<td width=\"86\">\/<\/td>\n<td width=\"99\">\u00b1 10<\/td>\n<td width=\"100\">\u00b1 30<\/td>\n<td width=\"97\">\u00b160<\/td>\n<td width=\"98\">\u00b190<\/td>\n<td width=\"43\">\u3002<\/td>\n<\/tr>\n<tr>\n<td width=\"204\">Measurement axis<\/td>\n<td width=\"86\">1<\/td>\n<td width=\"99\">X,Yaxis<\/td>\n<td width=\"100\">X,Yaxis<\/td>\n<td width=\"97\">X,Yaxis<\/td>\n<td width=\"98\">X,Yaxs<\/td>\n<td width=\"43\">\/<\/td>\n<\/tr>\n<tr>\n<td width=\"204\">Drift de temperatura cero<\/td>\n<td width=\"86\">-40 \uff5e 85 \u00b0<\/td>\n<td width=\"99\">\u00b10.008<\/td>\n<td width=\"100\">\u00b10.008<\/td>\n<td width=\"97\">\u00b10.008<\/td>\n<td width=\"98\">\u00b10.008<\/td>\n<td width=\"43\">rC<\/td>\n<\/tr>\n<tr>\n<td width=\"204\">Coeficiente de temperatura de sensibilidad<\/td>\n<td width=\"86\">40\uff5e85\u00b0<\/td>\n<td width=\"99\">\u2264100<\/td>\n<td width=\"100\">\u2264100<\/td>\n<td width=\"97\">\u2264100<\/td>\n<td width=\"98\">\u2264100<\/td>\n<td width=\"43\">ppm \/ C<\/td>\n<\/tr>\n<tr>\n<td width=\"204\">Respuesta de frecuencia<\/td>\n<td width=\"86\">Respuesta de DC<\/td>\n<td width=\"99\">100<\/td>\n<td width=\"100\">100<\/td>\n<td width=\"97\">100<\/td>\n<td width=\"98\">100<\/td>\n<td width=\"43\">Hz<\/td>\n<\/tr>\n<tr>\n<td width=\"204\">Resoluci\u00f3n<\/td>\n<td width=\"86\">\/<\/td>\n<td width=\"99\">0.005<\/td>\n<td width=\"100\">0.005<\/td>\n<td width=\"97\">0.005<\/td>\n<td width=\"98\">0.005<\/td>\n<td width=\"43\">\u3002<\/td>\n<\/tr>\n<tr>\n<td width=\"204\">Exactitud<\/td>\n<td width=\"86\">40\uff5e85\u2103<\/td>\n<td width=\"99\">0.02<\/td>\n<td width=\"100\">0.03<\/td>\n<td width=\"97\">0.04<\/td>\n<td width=\"98\">0.05<\/td>\n<td width=\"43\">\u3002<\/td>\n<\/tr>\n<tr>\n<td width=\"204\">Estabilidad a largo plazo<\/td>\n<td width=\"86\">40\uff5e85\u2103<\/td>\n<td width=\"99\">&lt;0.023<\/td>\n<td width=\"100\">&lt;0.035<\/td>\n<td width=\"97\">&lt;0.045<\/td>\n<td width=\"98\">&lt;0.054<\/td>\n<td width=\"43\">\u3002<\/td>\n<\/tr>\n<tr>\n<td width=\"204\">Power onstart time<\/td>\n<td width=\"86\">\/<\/td>\n<td width=\"99\">0.2<\/td>\n<td width=\"100\">0.2<\/td>\n<td width=\"97\">0.2<\/td>\n<td width=\"98\">0.2<\/td>\n<td width=\"43\">s<\/td>\n<\/tr>\n<tr>\n<td width=\"204\">Tiempo de respuesta<\/td>\n<td width=\"86\">\/<\/td>\n<td width=\"99\">0.01<\/td>\n<td width=\"100\">0.01<\/td>\n<td width=\"97\">0.01<\/td>\n<td width=\"98\">0.01<\/td>\n<td width=\"43\">S<\/td>\n<\/tr>\n<tr>\n<td width=\"204\">Rate<\/td>\n<td colspan=\"6\" width=\"525\">5Hzoutput\u300115Hz\u300135Hz\u300150Hz canbe set(RS485 without this function)<\/td>\n<\/tr>\n<tr>\n<td width=\"204\">Se\u00f1al de salida<\/td>\n<td colspan=\"6\" width=\"525\">RS232\/RS485\/RS422\/TTL\/PWM\/CAN\/MODBUS<\/td>\n<\/tr>\n<tr>\n<td width=\"204\">Tiempo de trabajo promedio<\/td>\n<td colspan=\"6\" width=\"525\">\u226545000 hours\/time<\/td>\n<\/tr>\n<tr>\n<td width=\"204\">mpact resistant<\/td>\n<td colspan=\"6\" width=\"525\">20000g,0.5ms,3 times\/axis<\/td>\n<\/tr>\n<tr>\n<td width=\"204\">Resistente a los golpes<\/td>\n<td colspan=\"6\" width=\"525\">10grms,10~1000Hz<\/td>\n<\/tr>\n<tr>\n<td width=\"204\">nsulation resistance<\/td>\n<td colspan=\"6\" width=\"525\">\u2265100MQ<\/td>\n<\/tr>\n<tr>\n<td width=\"204\">Nivel impermeable<\/td>\n<td colspan=\"6\" width=\"525\">IP67<\/td>\n<\/tr>\n<tr>\n<td width=\"204\">Cable<\/td>\n<td colspan=\"6\" width=\"525\">Standard 1.5m length,wear resistance,oil proof,wide temperature,shielding cable 4*0.3mm2<\/td>\n<\/tr>\n<tr>\n<td width=\"204\">Peso<\/td>\n<td colspan=\"6\" width=\"525\">10g(excluding boxes)<\/td>\n<\/tr>\n<\/tbody>\n<\/table>","protected":false},"excerpt":{"rendered":"<p><strong><b>Introducci\u00f3n<\/b><\/strong><\/p>\n<p>Y-TS-3262DI es un inclin\u00f3metro en serie dual de eje con tecnolog\u00eda MEMS y salida digital dise\u00f1ada para el campo del control industrial, un converter diferencial de 16 bits de alta precisi\u00f3n incorporado, que puede medir el \u00e1ngulo de la salida de sensores relativa a la horizonte y titilt y titilt. La interfaz de salida tiene rs485, rs232, rs422, ttl, can, modbus para elegir.<\/p>\n<p>El producto est\u00e1 equipado con un sensor digital de alta precisi\u00f3n de ADI, que puede corregir la deriva de temperatura del sensor de acuerdo con el cambio de temperatura de monitoreo del sensor de temperatura incorporado para garantizar la repetibilidad del producto en entornos de baja y alta temperatura. La frecuencia correspondiente de salida es de 100Hz, que es un producto industrial real, con rendimiento confiable y estable, buena escalabilidad y una variedad de opciones de salida, lo que lo hace adecuado para varios entornos de control industrial.<\/p>\n<p><strong><b>Caracter\u00edsticas<\/b><\/strong><\/p>\n<p>Monitoreo de inclinaci\u00f3n del eje dual<\/p>\n<p>Precisi\u00f3n de rango completo 0.02 \u00b0, resoluci\u00f3n 0.005 \u00b0<\/p>\n<p>Frecuencia de salida 5 ~ 100Hz (opcional)<\/p>\n<p>Entrada de voltaje ancho DC 9 \uff5e 36V<\/p>\n<p>Trabajo de temperatura amplia -40 ~+85 \u2103<\/p>\n<p>Rango de medici\u00f3n: 0 ~ \u00b1 90 \u00b0 (opcional)<\/p>\n<p>Alta resistencia a la vibraci\u00f3n&gt; 20000g<\/p>\n<p>BAUD TASA 2400 ~ 115200 (ajustable)<\/p>\n<p>Protecci\u00f3n IP67<\/p>\n<p>Puede emitir rs232 \/RS485\/TTL\/MODBUS (opcional)<\/p>\n<p>Volumen peque\u00f1o (46*35*8 mm) Personalizable<\/p>\n<p><strong><b>Aplicaciones<\/b><\/strong><\/p>\n<p>Monitoreo de la torre de alambre de alto voltaje<\/p>\n<p>posicionamiento por antena solar satelital<\/p>\n<p>AGV Trolley<\/p>\n<p>Maquinaria minera, equipo de registro de aceite<\/p>\n<p>Equipo m\u00e9dico<\/p>\n<p>Nivelaci\u00f3n de inclinaci\u00f3n<\/p>\n<p>Plataforma de elevaci\u00f3n hidr\u00e1ulica<\/p>\n<p>Monitoreo de inclinaci\u00f3n<\/p>\n<p>Control de \u00e1ngulo de varias maquinaria de construcci\u00f3n<\/p>\n<p>Inspecci\u00f3n de puentes y presas<\/p>","protected":false},"featured_media":2415,"comment_status":"open","ping_status":"closed","template":"","meta":[],"product_brand":[],"product_cat":[24],"product_tag":[],"class_list":{"0":"post-2414","1":"product","2":"type-product","3":"status-publish","4":"has-post-thumbnail","6":"product_cat-tilt-sensor","8":"first","9":"instock","10":"shipping-taxable","11":"product-type-simple"},"_links":{"self":[{"href":"https:\/\/www.andelutech.com\/es\/wp-json\/wp\/v2\/product\/2414","targetHints":{"allow":["GET"]}}],"collection":[{"href":"https:\/\/www.andelutech.com\/es\/wp-json\/wp\/v2\/product"}],"about":[{"href":"https:\/\/www.andelutech.com\/es\/wp-json\/wp\/v2\/types\/product"}],"replies":[{"embeddable":true,"href":"https:\/\/www.andelutech.com\/es\/wp-json\/wp\/v2\/comments?post=2414"}],"wp:featuredmedia":[{"embeddable":true,"href":"https:\/\/www.andelutech.com\/es\/wp-json\/wp\/v2\/media\/2415"}],"wp:attachment":[{"href":"https:\/\/www.andelutech.com\/es\/wp-json\/wp\/v2\/media?parent=2414"}],"wp:term":[{"taxonomy":"product_brand","embeddable":true,"href":"https:\/\/www.andelutech.com\/es\/wp-json\/wp\/v2\/product_brand?post=2414"},{"taxonomy":"product_cat","embeddable":true,"href":"https:\/\/www.andelutech.com\/es\/wp-json\/wp\/v2\/product_cat?post=2414"},{"taxonomy":"product_tag","embeddable":true,"href":"https:\/\/www.andelutech.com\/es\/wp-json\/wp\/v2\/product_tag?post=2414"}],"curies":[{"name":"wp","href":"https:\/\/api.w.org\/{rel}","templated":true}]}}