{"id":2411,"date":"2025-05-23T15:08:59","date_gmt":"2025-05-23T07:08:59","guid":{"rendered":"https:\/\/www.andelutech.com\/?post_type=product&#038;p=2411"},"modified":"2026-03-26T17:49:11","modified_gmt":"2026-03-26T09:49:11","slug":"digital-type-single-axis-tilt-sensor-3166di","status":"publish","type":"product","link":"https:\/\/www.andelutech.com\/es\/product\/digital-type-single-axis-tilt-sensor-3166di\/","title":{"rendered":"AND-TS-3166DI Digital Type Single Axis Tilt Sensor"},"content":{"rendered":"","protected":false},"excerpt":{"rendered":"<p><strong><b>Introducci\u00f3n<\/b><\/strong><\/p>\n<p>Y TS-3166DI El medidor de inclinaci\u00f3n de eje \u00fanico digital est\u00e1 dise\u00f1ado para el campo de control de campo industrial. Tiene un convertidor incorporado de 16 bits A \/D y un algoritmo de filtrado de orden N para medir la inclinaci\u00f3n y el \u00e1ngulo de lanzamiento de la salida del sensor en relaci\u00f3n con el plano horizontal. Las interfaces de salida RS232, RS485, RS422, TTL, PWM, CAN, Modbus Bus est\u00e1n disponibles para la selecci\u00f3n.<\/p>\n<p>El producto est\u00e1 equipado con un sensor digital de alta precisi\u00f3n de ADI Company, que puede corregir la deriva de temperatura del sensor de acuerdo con el cambio de temperatura de monitoreo del sensor de temperatura incorporado para garantizar la repetibilidad del producto en entornos de baja y alta temperatura. La frecuencia de salida correspondiente es de 100Hz. El producto terminado tiene un rendimiento confiable y estable, buena escalabilidad y una variedad de opciones de salida, que son adecuadas para varios entornos de control industrial.<\/p>\n<p><strong><b>Caracter\u00edsticas<\/b><\/strong><\/p>\n<p>Monitoreo de inclinaci\u00f3n de un solo eje<\/p>\n<p>Precisi\u00f3n de rango completo 0.01 \u00b0, resoluci\u00f3n 0.001 \u00b0<\/p>\n<p>Frecuencia de salida 5 ~ 100Hz (opcional)<\/p>\n<p>Entrada de voltaje ancho DC 9 ~ 36V<\/p>\n<p>Trabajo de temperatura amplia -40 ~+85 \u2103<\/p>\n<p>Rango de medici\u00f3n: 0 ~ \u00b1 90 \u00b0 (opcional)<\/p>\n<p>Alta resistencia a la vibraci\u00f3n&gt; 20000g<\/p>\n<p>BAUD TASA 2400 ~ 115200 (ajustable)<\/p>\n<p>Protecci\u00f3n IP67<\/p>\n<p>Salida rs232 \/RS485\/TTL\/MODBUS (opcional)<\/p>\n<p>Volumen peque\u00f1o (90*40*27 mm) (personalizable)<\/p>\n<p><strong><b>Aplicaciones<\/b><\/strong><\/p>\n<p>Monitoreo de la torre de alambre de alto voltaje<\/p>\n<p>Posicionamiento por antena solar satelital<\/p>\n<p>AGV Trolley<\/p>\n<p>Maquinaria minera, equipo de registro de aceite<\/p>\n<p>Equipo m\u00e9dico<\/p>\n<p>Nivelaci\u00f3n de inclinaci\u00f3n<\/p>\n<p>Plataforma de elevaci\u00f3n hidr\u00e1ulica<\/p>\n<p>Monitoreo de inclinaci\u00f3n<\/p>\n<p>Control de \u00e1ngulo de varias maquinaria de construcci\u00f3n<\/p>\n<p>Inspecci\u00f3n de puentes y presas<\/p>","protected":false},"featured_media":3366,"comment_status":"open","ping_status":"closed","template":"","meta":[],"product_brand":[],"product_cat":[24],"product_tag":[],"class_list":{"0":"post-2411","1":"product","2":"type-product","3":"status-publish","4":"has-post-thumbnail","6":"product_cat-tilt-sensor","8":"first","9":"instock","10":"shipping-taxable","11":"product-type-simple"},"_links":{"self":[{"href":"https:\/\/www.andelutech.com\/es\/wp-json\/wp\/v2\/product\/2411","targetHints":{"allow":["GET"]}}],"collection":[{"href":"https:\/\/www.andelutech.com\/es\/wp-json\/wp\/v2\/product"}],"about":[{"href":"https:\/\/www.andelutech.com\/es\/wp-json\/wp\/v2\/types\/product"}],"replies":[{"embeddable":true,"href":"https:\/\/www.andelutech.com\/es\/wp-json\/wp\/v2\/comments?post=2411"}],"wp:featuredmedia":[{"embeddable":true,"href":"https:\/\/www.andelutech.com\/es\/wp-json\/wp\/v2\/media\/3366"}],"wp:attachment":[{"href":"https:\/\/www.andelutech.com\/es\/wp-json\/wp\/v2\/media?parent=2411"}],"wp:term":[{"taxonomy":"product_brand","embeddable":true,"href":"https:\/\/www.andelutech.com\/es\/wp-json\/wp\/v2\/product_brand?post=2411"},{"taxonomy":"product_cat","embeddable":true,"href":"https:\/\/www.andelutech.com\/es\/wp-json\/wp\/v2\/product_cat?post=2411"},{"taxonomy":"product_tag","embeddable":true,"href":"https:\/\/www.andelutech.com\/es\/wp-json\/wp\/v2\/product_tag?post=2411"}],"curies":[{"name":"wp","href":"https:\/\/api.w.org\/{rel}","templated":true}]}}