{"id":2405,"date":"2025-05-23T15:06:02","date_gmt":"2025-05-23T07:06:02","guid":{"rendered":"https:\/\/www.andelutech.com\/?post_type=product&#038;p=2405"},"modified":"2026-01-09T14:18:39","modified_gmt":"2026-01-09T06:18:39","slug":"high-precision-current-output-type-single-axis-tilt-sensor-3168cu","status":"publish","type":"product","link":"https:\/\/www.andelutech.com\/es\/product\/high-precision-current-output-type-single-axis-tilt-sensor-3168cu\/","title":{"rendered":"AND-TS-3168CU High Precision Current Output Type Single Axis Tilt Sensor"},"content":{"rendered":"<h3><span style=\"color: #000000;\">Caracter\u00edsticas<\/span><\/h3>\n<p>Monitoreo de inclinaci\u00f3n de un solo eje<\/p>\n<p>Precisi\u00f3n de rango completo 0.01 \u00b0, resoluci\u00f3n 0.001 \u00b0<\/p>\n<p>Salida 4 ~ 20MA, 0 ~ 20MA, 0 ~ 24MA (opcional)<\/p>\n<p>Entrada de voltaje ancho DC 9 ~ 36V<\/p>\n<p>Trabajo de temperatura amplia -40 ~+85 \u2103<\/p>\n<p>Rango de medici\u00f3n: 0 ~ \u00b1 90 \u00b0 (opcional)<\/p>\n<p>Alta resistencia a la vibraci\u00f3n&gt; 20000g<\/p>\n<p>Protecci\u00f3n IP67<\/p>\n<p>Puede emitir rs232 al mismo tiempo<\/p>\n<p>Volumen peque\u00f1o (90*40*27 mm) (personalizable)<\/p>\n<p>&nbsp;<\/p>\n<h3><span style=\"color: #000000;\">Aplicaciones<\/span><\/h3>\n<p>Regla de calibre ferroviario, instrumento de calibre<\/p>\n<p>Posicionamiento por antena solar satelital<\/p>\n<p>Veh\u00edculo de trabajo de gran altitud<\/p>\n<p>Nivelaci\u00f3n de inclinaci\u00f3n<\/p>\n<p>Plataforma de elevaci\u00f3n hidr\u00e1ulica<\/p>\n<p>Monitoreo de inclinaci\u00f3n<\/p>\n<p>Control de \u00e1ngulo de varias maquinaria de construcci\u00f3n<\/p>\n<p>Inspecci\u00f3n de puentes y presas<\/p>\n<p>Medici\u00f3n de inclinaci\u00f3n<\/p>","protected":false},"excerpt":{"rendered":"<p>Y TS-3168CU El inclin\u00f3metro de eje \u00fanico corriente es un sensor est\u00e1ndar de inclinaci\u00f3n de eje \u00fanico de salida de doble eje dual de eje dual. La corriente est\u00e1ndar es de 4-20 mA, 0-20 mA, 0-24MA (opcional) y puede transmitirse a 2000 metros de distancia.<\/p>\n<p>El sensor de inclinaci\u00f3n adopta el proceso de producci\u00f3n de detecci\u00f3n de MEMS, que puede compensar con precisi\u00f3n y corregir el error de temperatura y el error lineal. Tiene las caracter\u00edsticas de alta precisi\u00f3n, tama\u00f1o peque\u00f1o, alto proceso de envasado, fuerte resistencia a los choques y vibraciones, la frecuencia antiadio incorporada, el circuito de interferencia anti-electromagn\u00e9tico y es especialmente adecuado para aplicaciones en entornos industriales hostiles, como la maquinaria sin zanjas subterr\u00e1neas.<\/p>","protected":false},"featured_media":3350,"comment_status":"open","ping_status":"closed","template":"","meta":[],"product_brand":[],"product_cat":[24],"product_tag":[],"class_list":{"0":"post-2405","1":"product","2":"type-product","3":"status-publish","4":"has-post-thumbnail","6":"product_cat-tilt-sensor","8":"first","9":"instock","10":"shipping-taxable","11":"product-type-simple"},"_links":{"self":[{"href":"https:\/\/www.andelutech.com\/es\/wp-json\/wp\/v2\/product\/2405","targetHints":{"allow":["GET"]}}],"collection":[{"href":"https:\/\/www.andelutech.com\/es\/wp-json\/wp\/v2\/product"}],"about":[{"href":"https:\/\/www.andelutech.com\/es\/wp-json\/wp\/v2\/types\/product"}],"replies":[{"embeddable":true,"href":"https:\/\/www.andelutech.com\/es\/wp-json\/wp\/v2\/comments?post=2405"}],"wp:featuredmedia":[{"embeddable":true,"href":"https:\/\/www.andelutech.com\/es\/wp-json\/wp\/v2\/media\/3350"}],"wp:attachment":[{"href":"https:\/\/www.andelutech.com\/es\/wp-json\/wp\/v2\/media?parent=2405"}],"wp:term":[{"taxonomy":"product_brand","embeddable":true,"href":"https:\/\/www.andelutech.com\/es\/wp-json\/wp\/v2\/product_brand?post=2405"},{"taxonomy":"product_cat","embeddable":true,"href":"https:\/\/www.andelutech.com\/es\/wp-json\/wp\/v2\/product_cat?post=2405"},{"taxonomy":"product_tag","embeddable":true,"href":"https:\/\/www.andelutech.com\/es\/wp-json\/wp\/v2\/product_tag?post=2405"}],"curies":[{"name":"wp","href":"https:\/\/api.w.org\/{rel}","templated":true}]}}