{"id":2402,"date":"2025-05-23T15:04:38","date_gmt":"2025-05-23T07:04:38","guid":{"rendered":"https:\/\/www.andelutech.com\/?post_type=product&#038;p=2402"},"modified":"2026-01-09T14:20:19","modified_gmt":"2026-01-09T06:20:19","slug":"small-size-single-axis-tilt-sensor-canopen-output-3165ca","status":"publish","type":"product","link":"https:\/\/www.andelutech.com\/es\/product\/small-size-single-axis-tilt-sensor-canopen-output-3165ca\/","title":{"rendered":"AND-TS-3165CA Small Size Single Axis Tilt Sensor CANopen Output"},"content":{"rendered":"","protected":false},"excerpt":{"rendered":"<p><strong><b>Introducci\u00f3n<\/b><\/strong><\/p>\n<p>Y-TS-3165CA CAN El medidor de inclinaci\u00f3n del eje \u00fanico es un campo de control industrial para la introducci\u00f3n del sensor de inclinaci\u00f3n uniaxial de la producci\u00f3n de lata, utilizando el aislador est\u00e1ndar industrial puede transceptor, el convertidor diferencial de alta precisi\u00f3n 16Bita \/ D de alta precisi\u00f3n incorporado, a trav\u00e9s de un algoritmo de filtrado de pedido N, de modo que se puede medir la salida sensorial de la salida del sensor relativo al plano horizontal y el \u00e1ngulo de lanzamiento. El sensor de temperatura de alta precisi\u00f3n incorporado del producto de ADI puede corregir la deriva de temperatura del sensor de acuerdo con los cambios del sensor de temperatura incorporado para garantizar una alta repetibilidad del producto en entornos de baja y alta temperatura. El est\u00e1ndar de frecuencia de respuesta de salida es tan alto como 100Hz, lo que lo hace adecuado para varios entornos de control industrial duro.<\/p>\n<p><strong><b>Caracter\u00edsticas<\/b><\/strong><\/p>\n<p>Monitoreo de inclinaci\u00f3n de un solo eje<\/p>\n<p>Precisi\u00f3n de rango completo 0.01 \u00b0, resoluci\u00f3n 0.001 \u00b0<\/p>\n<p>Frecuencia de salida 5 ~ 100Hz (opcional)<\/p>\n<p>Entrada de voltaje ancho DC 9 ~ 36V<\/p>\n<p>Trabajo de temperatura amplia -40 ~+85 \u2103<\/p>\n<p>Rango de medici\u00f3n: 0 ~ \u00b1 90 \u00b0 (opcional)<\/p>\n<p>Alta resistencia a la vibraci\u00f3n&gt; 20000g<\/p>\n<p>BAUD CARE 100K ~ 500K BPS<\/p>\n<p>Protecci\u00f3n IP67<\/p>\n<p>La salida puede abrirse<\/p>\n<p>Volumen peque\u00f1o (90*40*27 mm) (personalizable)<\/p>","protected":false},"featured_media":3351,"comment_status":"open","ping_status":"closed","template":"","meta":[],"product_brand":[],"product_cat":[24],"product_tag":[],"class_list":{"0":"post-2402","1":"product","2":"type-product","3":"status-publish","4":"has-post-thumbnail","6":"product_cat-tilt-sensor","8":"first","9":"instock","10":"shipping-taxable","11":"product-type-simple"},"_links":{"self":[{"href":"https:\/\/www.andelutech.com\/es\/wp-json\/wp\/v2\/product\/2402","targetHints":{"allow":["GET"]}}],"collection":[{"href":"https:\/\/www.andelutech.com\/es\/wp-json\/wp\/v2\/product"}],"about":[{"href":"https:\/\/www.andelutech.com\/es\/wp-json\/wp\/v2\/types\/product"}],"replies":[{"embeddable":true,"href":"https:\/\/www.andelutech.com\/es\/wp-json\/wp\/v2\/comments?post=2402"}],"wp:featuredmedia":[{"embeddable":true,"href":"https:\/\/www.andelutech.com\/es\/wp-json\/wp\/v2\/media\/3351"}],"wp:attachment":[{"href":"https:\/\/www.andelutech.com\/es\/wp-json\/wp\/v2\/media?parent=2402"}],"wp:term":[{"taxonomy":"product_brand","embeddable":true,"href":"https:\/\/www.andelutech.com\/es\/wp-json\/wp\/v2\/product_brand?post=2402"},{"taxonomy":"product_cat","embeddable":true,"href":"https:\/\/www.andelutech.com\/es\/wp-json\/wp\/v2\/product_cat?post=2402"},{"taxonomy":"product_tag","embeddable":true,"href":"https:\/\/www.andelutech.com\/es\/wp-json\/wp\/v2\/product_tag?post=2402"}],"curies":[{"name":"wp","href":"https:\/\/api.w.org\/{rel}","templated":true}]}}