{"id":2395,"date":"2025-05-23T15:00:00","date_gmt":"2025-05-23T07:00:00","guid":{"rendered":"https:\/\/www.andelutech.com\/?post_type=product&#038;p=2395"},"modified":"2026-01-09T14:26:10","modified_gmt":"2026-01-09T06:26:10","slug":"high-precision-two-axis-tilt-sensor-current-output-2288cu","status":"publish","type":"product","link":"https:\/\/www.andelutech.com\/es\/product\/high-precision-two-axis-tilt-sensor-current-output-2288cu\/","title":{"rendered":"AND-TM-2288CU High Precision Two Axis Tilt Sensor Current Output"},"content":{"rendered":"","protected":false},"excerpt":{"rendered":"<p><strong><b>Introducci\u00f3n<\/b><\/strong><\/p>\n<p>Es un sensor est\u00e1ndar de inclinaci\u00f3n de doble eje de salida de salida de alta precisi\u00f3n industrial de alta precisi\u00f3n. La corriente est\u00e1ndar se puede seleccionar de 4-20 mA, 0-20MA y 0-24MA. Se puede emitir a trav\u00e9s de RS232 y se puede transmitir a una distancia de 2000 metros. El operador solo necesita recolectar el valor de voltaje del sensor para calcular el \u00e1ngulo de inclinaci\u00f3n actual del objeto. El p\u00e9ndulo s\u00f3lido incorporado (MEMS) se puede convertir en el cambio del \u00e1ngulo de inclinaci\u00f3n midiendo el cambio del campo de gravedad est\u00e1tica.<\/p>\n<p>El producto adopta la tecnolog\u00eda de producci\u00f3n de sensores MEMS, que puede compensar con precisi\u00f3n y corregir errores de temperatura y errores lineales. Tiene alta precisi\u00f3n, peque\u00f1o tama\u00f1o, tecnolog\u00eda de embalaje de alta, resistencia a la vibraci\u00f3n fuerte, frecuencia antiadio incorporada y caracter\u00edsticas del circuito de interferencia anti-electromagn\u00e9tica, especialmente adecuado para aplicaciones subterr\u00e1neas en entornos industriales hostiles como la maquinaria sin zanjas.<\/p>\n<p><strong><b>Caracter\u00edsticas<\/b><\/strong><\/p>\n<p>Monitoreo de inclinaci\u00f3n de dos eje<\/p>\n<p>Precisi\u00f3n de rango completo 0.005 \u00b0, resoluci\u00f3n 0.0007 \u00b0<\/p>\n<p>Salida 4 ~ 20MA, 0 ~ 20MA, 0 ~ 24MA (opcional)<\/p>\n<p>Entrada de voltaje ancho DC 11 ~ 36V<\/p>\n<p>Trabajo de temperatura amplia -40 ~+85 \u2103<\/p>\n<p>Rango 0 ~ \u00b1 5 \/\u00b110\/\u00b115\/\u00b130\u00b0 (opcional)<\/p>\n<p>Alta resistencia a la vibraci\u00f3n&gt; 20000g<\/p>\n<p>Protecci\u00f3n IP67<\/p>\n<p>Puede emitir rs232 al mismo tiempo<\/p>\n<p>Volumen (107*55*27 mm) (personalizable)<\/p>\n<p><strong><b>Aplicaciones<\/b><\/strong><\/p>\n<p>Regla de calibre ferroviario, instrumento de calibre<\/p>\n<p>Posicionamiento por antena solar satelital<\/p>\n<p>Veh\u00edculo de trabajo de gran altitud<\/p>\n<p>Maquinaria minera, equipo de registro de aceite<\/p>\n<p>Equipo m\u00e9dico<\/p>\n<p>Plataforma de elevaci\u00f3n hidr\u00e1ulica<\/p>\n<p>Monitoreo de inclinaci\u00f3n<\/p>\n<p>Control de \u00e1ngulo de varias maquinaria de construcci\u00f3n<\/p>\n<p>Inspecci\u00f3n de puentes y presas<\/p>","protected":false},"featured_media":3354,"comment_status":"open","ping_status":"closed","template":"","meta":[],"product_brand":[],"product_cat":[24],"product_tag":[],"class_list":{"0":"post-2395","1":"product","2":"type-product","3":"status-publish","4":"has-post-thumbnail","6":"product_cat-tilt-sensor","8":"first","9":"instock","10":"shipping-taxable","11":"product-type-simple"},"_links":{"self":[{"href":"https:\/\/www.andelutech.com\/es\/wp-json\/wp\/v2\/product\/2395","targetHints":{"allow":["GET"]}}],"collection":[{"href":"https:\/\/www.andelutech.com\/es\/wp-json\/wp\/v2\/product"}],"about":[{"href":"https:\/\/www.andelutech.com\/es\/wp-json\/wp\/v2\/types\/product"}],"replies":[{"embeddable":true,"href":"https:\/\/www.andelutech.com\/es\/wp-json\/wp\/v2\/comments?post=2395"}],"wp:featuredmedia":[{"embeddable":true,"href":"https:\/\/www.andelutech.com\/es\/wp-json\/wp\/v2\/media\/3354"}],"wp:attachment":[{"href":"https:\/\/www.andelutech.com\/es\/wp-json\/wp\/v2\/media?parent=2395"}],"wp:term":[{"taxonomy":"product_brand","embeddable":true,"href":"https:\/\/www.andelutech.com\/es\/wp-json\/wp\/v2\/product_brand?post=2395"},{"taxonomy":"product_cat","embeddable":true,"href":"https:\/\/www.andelutech.com\/es\/wp-json\/wp\/v2\/product_cat?post=2395"},{"taxonomy":"product_tag","embeddable":true,"href":"https:\/\/www.andelutech.com\/es\/wp-json\/wp\/v2\/product_tag?post=2395"}],"curies":[{"name":"wp","href":"https:\/\/api.w.org\/{rel}","templated":true}]}}