{"id":2389,"date":"2025-05-23T14:57:00","date_gmt":"2025-05-23T06:57:00","guid":{"rendered":"https:\/\/www.andelutech.com\/?post_type=product&#038;p=2389"},"modified":"2026-01-09T14:29:45","modified_gmt":"2026-01-09T06:29:45","slug":"canopen-output-type-dual-axis-tilt-sensor-2285ca","status":"publish","type":"product","link":"https:\/\/www.andelutech.com\/es\/product\/canopen-output-type-dual-axis-tilt-sensor-2285ca\/","title":{"rendered":"AND-TM-2285CA CANopen Output Type Dual Axis Tilt Sensor"},"content":{"rendered":"","protected":false},"excerpt":{"rendered":"<p><strong><b>Introducci\u00f3n<\/b><\/strong><\/p>\n<p>Un sensor de inclinaci\u00f3n de doble eje de ultra alta precisi\u00f3n utilizado en el campo del control de campo industrial. Adopta el aislador est\u00e1ndar industrial puede transcribir con una resoluci\u00f3n de 0.0005 \u00b0, precisi\u00f3n de 0.001 \u00b0 y una deriva de temperatura de 0.0005 \u00b0 \/ \u00b0 C. Es un producto de grado industrial.<\/p>\n<p>ADI tiene un sensor de temperatura de alta precisi\u00f3n incorporado, que puede corregir la deriva de temperatura del sensor de acuerdo con el cambio del sensor de temperatura incorporado para garantizar la alta repetibilidad del producto, independientemente del entorno de baja temperatura o temperatura alta. El est\u00e1ndar de frecuencia de respuesta de salida es de hasta 100Hz, que es adecuado para varios entornos de trabajo duros.<\/p>\n<p><strong><b>Caracter\u00edsticas<\/b><\/strong><\/p>\n<p>Monitoreo de inclinaci\u00f3n de dos eje<\/p>\n<p>Precisi\u00f3n de rango completo 0.005 \u00b0, resoluci\u00f3n 0.0007 \u00b0<\/p>\n<p>Frecuencia de salida 5 ~ 100Hz (opcional)<\/p>\n<p>Entrada de voltaje ancho DC 11 ~ 36V<\/p>\n<p>Trabajo de temperatura amplia -40 ~+85 \u2103<\/p>\n<p>Rango 0 ~ \u00b1 5 \/\u00b110\/\u00b115\/\u00b130\u00b0 (opcional)<\/p>\n<p>Alta resistencia a la vibraci\u00f3n&gt; 20000g<\/p>\n<p>Tasa de baudios: 100k ~ 500k bps<\/p>\n<p>Protecci\u00f3n IP67<\/p>\n<p>Salida CANopen<\/p>\n<p>Volumen (107*55*27 mm) (personalizable)<\/p>\n<p><strong><b>Aplicaciones<\/b><\/strong><\/p>\n<p>Monitoreo de la torre de alambre de alto voltaje<\/p>\n<p>Posicionamiento por antena solar satelital<\/p>\n<p>Veh\u00edculo de trabajo de gran altitud<\/p>\n<p>Maquinaria minera, equipo de registro de aceite<\/p>\n<p>Equipo m\u00e9dico<\/p>\n<p>Nivelaci\u00f3n de inclinaci\u00f3n<\/p>\n<p>Plataforma de elevaci\u00f3n hidr\u00e1ulica<\/p>\n<p>Monitoreo de inclinaci\u00f3n<\/p>\n<p>Control de \u00e1ngulo de varias maquinaria de construcci\u00f3n<\/p>\n<p>Inspecci\u00f3n de puentes y presas<\/p>","protected":false},"featured_media":3357,"comment_status":"open","ping_status":"closed","template":"","meta":[],"product_brand":[],"product_cat":[24],"product_tag":[],"class_list":{"0":"post-2389","1":"product","2":"type-product","3":"status-publish","4":"has-post-thumbnail","6":"product_cat-tilt-sensor","8":"first","9":"instock","10":"shipping-taxable","11":"product-type-simple"},"_links":{"self":[{"href":"https:\/\/www.andelutech.com\/es\/wp-json\/wp\/v2\/product\/2389","targetHints":{"allow":["GET"]}}],"collection":[{"href":"https:\/\/www.andelutech.com\/es\/wp-json\/wp\/v2\/product"}],"about":[{"href":"https:\/\/www.andelutech.com\/es\/wp-json\/wp\/v2\/types\/product"}],"replies":[{"embeddable":true,"href":"https:\/\/www.andelutech.com\/es\/wp-json\/wp\/v2\/comments?post=2389"}],"wp:featuredmedia":[{"embeddable":true,"href":"https:\/\/www.andelutech.com\/es\/wp-json\/wp\/v2\/media\/3357"}],"wp:attachment":[{"href":"https:\/\/www.andelutech.com\/es\/wp-json\/wp\/v2\/media?parent=2389"}],"wp:term":[{"taxonomy":"product_brand","embeddable":true,"href":"https:\/\/www.andelutech.com\/es\/wp-json\/wp\/v2\/product_brand?post=2389"},{"taxonomy":"product_cat","embeddable":true,"href":"https:\/\/www.andelutech.com\/es\/wp-json\/wp\/v2\/product_cat?post=2389"},{"taxonomy":"product_tag","embeddable":true,"href":"https:\/\/www.andelutech.com\/es\/wp-json\/wp\/v2\/product_tag?post=2389"}],"curies":[{"name":"wp","href":"https:\/\/api.w.org\/{rel}","templated":true}]}}