{"id":2379,"date":"2025-05-23T14:49:44","date_gmt":"2025-05-23T06:49:44","guid":{"rendered":"https:\/\/www.andelutech.com\/?post_type=product&#038;p=2379"},"modified":"2026-01-09T14:34:52","modified_gmt":"2026-01-09T06:34:52","slug":"digital-output-type-single-axis-tilt-sensor-2186di","status":"publish","type":"product","link":"https:\/\/www.andelutech.com\/es\/product\/digital-output-type-single-axis-tilt-sensor-2186di\/","title":{"rendered":"AND-TS-2186DI Digital Output Type Single Axis Tilt Sensor"},"content":{"rendered":"","protected":false},"excerpt":{"rendered":"<p><strong><b>Introducci\u00f3n<\/b><\/strong><\/p>\n<p>Y TS-2186DI es un sensor de inclinaci\u00f3n de un solo eje de alta precisi\u00f3n con una resoluci\u00f3n de 0.0007 \u00b0, una precisi\u00f3n de 0.005 \u00b0 y una deriva de temperatura de 0.0007 \u00b0 \/ \u2103. La interfaz de salida tiene RS232, RS485, RS422, TTL, CAN, bus Modbus para elegir.<\/p>\n<p>El producto est\u00e1 equipado con el sensor digital de alta precisi\u00f3n de ADI, que puede corregir la deriva de temperatura del sensor de acuerdo con el cambio de temperatura de monitoreo del sensor de temperatura incorporado para garantizar la repetibilidad del producto en entornos de baja temperatura y alta temperatura. Su frecuencia correspondiente es de 100Hz, el rendimiento es confiable y estable, y la escalabilidad es buena, es decir, es adecuada para varios entornos de control industrial.<\/p>\n<p><strong><b>Caracter\u00edsticas<\/b><\/strong><\/p>\n<p>Monitoreo de inclinaci\u00f3n de un solo eje<\/p>\n<p>Precisi\u00f3n de rango completo 0.005 \u00b0, resoluci\u00f3n 0.0007 \u00b0<\/p>\n<p>Frecuencia de salida 5 ~ 100Hz (opcional)<\/p>\n<p>Entrada de voltaje ancho DC 11 ~ 36V<\/p>\n<p>Trabajo de temperatura amplia -40 ~+85 \u2103<\/p>\n<p>Rango de medici\u00f3n 0 ~ \u00b1 5 \/\u00b110\/\u00b115\/\u00b130\u00b0 (opcional)<\/p>\n<p>Alta resistencia a la vibraci\u00f3n&gt; 20000g<\/p>\n<p>BAUD TASA 2400 ~ 115200 (ajustable)<\/p>\n<p>Protecci\u00f3n IP67<\/p>\n<p>Puede emitir rs232 \/RS485\/TTL\/MODBUS (opcional)<\/p>\n<p>Volumen peque\u00f1o (107*55*27 mm) (personalizable)<\/p>\n<p><strong><b>Aplicaciones<\/b><\/strong><\/p>\n<p>Monitoreo de la torre de alambre de alto voltaje<\/p>\n<p>Posicionamiento por antena solar satelital<\/p>\n<p>Precision Machine Tool Control horizontal<\/p>\n<p>Equipo de plataforma l\u00e1ser de precisi\u00f3n<\/p>\n<p>Equipo m\u00e9dico<\/p>\n<p>Nivelaci\u00f3n del tanque<\/p>\n<p>Locomotora ferroviaria<\/p>\n<p>Basado en el monitoreo de inclinaci\u00f3n<\/p>\n<p>Control de \u00e1ngulo de varias maquinaria de construcci\u00f3n<\/p>\n<p>Inspecci\u00f3n de puentes y presas<\/p>","protected":false},"featured_media":3360,"comment_status":"open","ping_status":"closed","template":"","meta":[],"product_brand":[],"product_cat":[24],"product_tag":[],"class_list":{"0":"post-2379","1":"product","2":"type-product","3":"status-publish","4":"has-post-thumbnail","6":"product_cat-tilt-sensor","8":"first","9":"instock","10":"shipping-taxable","11":"product-type-simple"},"_links":{"self":[{"href":"https:\/\/www.andelutech.com\/es\/wp-json\/wp\/v2\/product\/2379","targetHints":{"allow":["GET"]}}],"collection":[{"href":"https:\/\/www.andelutech.com\/es\/wp-json\/wp\/v2\/product"}],"about":[{"href":"https:\/\/www.andelutech.com\/es\/wp-json\/wp\/v2\/types\/product"}],"replies":[{"embeddable":true,"href":"https:\/\/www.andelutech.com\/es\/wp-json\/wp\/v2\/comments?post=2379"}],"wp:featuredmedia":[{"embeddable":true,"href":"https:\/\/www.andelutech.com\/es\/wp-json\/wp\/v2\/media\/3360"}],"wp:attachment":[{"href":"https:\/\/www.andelutech.com\/es\/wp-json\/wp\/v2\/media?parent=2379"}],"wp:term":[{"taxonomy":"product_brand","embeddable":true,"href":"https:\/\/www.andelutech.com\/es\/wp-json\/wp\/v2\/product_brand?post=2379"},{"taxonomy":"product_cat","embeddable":true,"href":"https:\/\/www.andelutech.com\/es\/wp-json\/wp\/v2\/product_cat?post=2379"},{"taxonomy":"product_tag","embeddable":true,"href":"https:\/\/www.andelutech.com\/es\/wp-json\/wp\/v2\/product_tag?post=2379"}],"curies":[{"name":"wp","href":"https:\/\/api.w.org\/{rel}","templated":true}]}}