{"id":2371,"date":"2025-05-23T14:25:30","date_gmt":"2025-05-23T06:25:30","guid":{"rendered":"https:\/\/www.andelutech.com\/?post_type=product&#038;p=2371"},"modified":"2026-01-09T14:40:29","modified_gmt":"2026-01-09T06:40:29","slug":"high-precision-dual-axis-digital-tilt-sensor-1240di","status":"publish","type":"product","link":"https:\/\/www.andelutech.com\/es\/product\/high-precision-dual-axis-digital-tilt-sensor-1240di\/","title":{"rendered":"AND-TM-1240DI High-Precision Dual-Axis Digital Tilt Sensor"},"content":{"rendered":"","protected":false},"excerpt":{"rendered":"<p><strong><b>Introducci\u00f3n<\/b><\/strong><\/p>\n<p>Es un sensor de inclinaci\u00f3n biaxial de alta precisi\u00f3n de temperatura completa con una resoluci\u00f3n de 0.0005 \u00b0, precisi\u00f3n de 0.001 \u00b0 y una deriva de temperatura de 0.0005 \u00b0 \/ \u2103. Las interfaces de salida RS232, RS485, RS422, TTL, Modbus Bus est\u00e1n disponibles para la selecci\u00f3n.<\/p>\n<p>Inclin\u00f3metro de transmisi\u00f3n de se\u00f1al digital, soporte de software de computadora profesional, medici\u00f3n de datos y grabaci\u00f3n. Tiene las caracter\u00edsticas de instalaci\u00f3n sin contacto, integraci\u00f3n conveniente del sistema e instalaci\u00f3n conveniente. El \u00e1ngulo horizontal del objeto se puede calcular fijando el sensor en la superficie del objeto a medir con un tornillo, y la operaci\u00f3n es muy simple. Y tiene una fuerte resistencia a la interferencia electromagn\u00e9tica externa y una fuerte resistencia al terremoto.<\/p>\n<p><strong><b>Caracter\u00edsticas<\/b><\/strong><\/p>\n<p>Monitoreo de inclinaci\u00f3n de dos eje<\/p>\n<p>Precisi\u00f3n de rango completo 0.001 \u00b0, resoluci\u00f3n 0.0005 \u00b0<\/p>\n<p>Frecuencia de salida 5 ~ 100Hz (opcional)<\/p>\n<p>Entrada de voltaje ancho DC 11 ~ 36V<\/p>\n<p>Trabajo de temperatura amplia -40 ~+85 \u2103<\/p>\n<p>Rango de medici\u00f3n 0 ~ \u00b1 5 \/\u00b110\/\u00b115\/\u00b130\u00b0 (opcional)<\/p>\n<p>Alta resistencia a la vibraci\u00f3n&gt; 20000g<\/p>\n<p>BAUD TASA 2400 ~ 115200 (ajustable)<\/p>\n<p>Protecci\u00f3n IP67<\/p>\n<p>Salida rs232 \/RS485\/TTL\/MODBUS (opcional)<\/p>\n<p>Volumen peque\u00f1o (176*27*27 mm) (personalizable)<\/p>\n<p><strong><b>Aplicaciones<\/b><\/strong><\/p>\n<p>Monitoreo de la torre de alambre de alto voltaje<\/p>\n<p>Posicionamiento por antena solar satelital<\/p>\n<p>Cami\u00f3n de trabajo a\u00e9reo<\/p>\n<p>Maquinaria minera, equipo de registro de aceite<\/p>\n<p>Equipo m\u00e9dico<\/p>\n<p>Nivelaci\u00f3n de inclinaci\u00f3n<\/p>\n<p>Plataforma de elevaci\u00f3n hidr\u00e1ulica<\/p>\n<p>Monitoreo de inclinaci\u00f3n<\/p>\n<p>Control de \u00e1ngulo de varias maquinaria de construcci\u00f3n<\/p>\n<p>Inspecci\u00f3n de puentes y presas<\/p>","protected":false},"featured_media":3362,"comment_status":"open","ping_status":"closed","template":"","meta":[],"product_brand":[],"product_cat":[24],"product_tag":[],"class_list":{"0":"post-2371","1":"product","2":"type-product","3":"status-publish","4":"has-post-thumbnail","6":"product_cat-tilt-sensor","8":"first","9":"instock","10":"shipping-taxable","11":"product-type-simple"},"_links":{"self":[{"href":"https:\/\/www.andelutech.com\/es\/wp-json\/wp\/v2\/product\/2371","targetHints":{"allow":["GET"]}}],"collection":[{"href":"https:\/\/www.andelutech.com\/es\/wp-json\/wp\/v2\/product"}],"about":[{"href":"https:\/\/www.andelutech.com\/es\/wp-json\/wp\/v2\/types\/product"}],"replies":[{"embeddable":true,"href":"https:\/\/www.andelutech.com\/es\/wp-json\/wp\/v2\/comments?post=2371"}],"wp:featuredmedia":[{"embeddable":true,"href":"https:\/\/www.andelutech.com\/es\/wp-json\/wp\/v2\/media\/3362"}],"wp:attachment":[{"href":"https:\/\/www.andelutech.com\/es\/wp-json\/wp\/v2\/media?parent=2371"}],"wp:term":[{"taxonomy":"product_brand","embeddable":true,"href":"https:\/\/www.andelutech.com\/es\/wp-json\/wp\/v2\/product_brand?post=2371"},{"taxonomy":"product_cat","embeddable":true,"href":"https:\/\/www.andelutech.com\/es\/wp-json\/wp\/v2\/product_cat?post=2371"},{"taxonomy":"product_tag","embeddable":true,"href":"https:\/\/www.andelutech.com\/es\/wp-json\/wp\/v2\/product_tag?post=2371"}],"curies":[{"name":"wp","href":"https:\/\/api.w.org\/{rel}","templated":true}]}}