{"id":2354,"date":"2025-05-23T14:13:05","date_gmt":"2025-05-23T06:13:05","guid":{"rendered":"https:\/\/www.andelutech.com\/?post_type=product&#038;p=2354"},"modified":"2026-01-09T14:49:48","modified_gmt":"2026-01-09T06:49:48","slug":"tilt-sensor-precision-0-001","status":"publish","type":"product","link":"https:\/\/www.andelutech.com\/es\/product\/tilt-sensor-precision-0-001\/","title":{"rendered":"AND-TS-12200 Tilt Sensor Precision 0.001\u00b0"},"content":{"rendered":"","protected":false},"excerpt":{"rendered":"<p><strong><b>Introducci\u00f3n<\/b><\/strong><\/p>\n<p>Y TS-12200-MODBUS Transmisi\u00f3n inal\u00e1mbrica de alta precisi\u00f3n<a href=\"https:\/\/www.ericcointernational.com\/tilt-sensor\">Sensor de inclinaci\u00f3n<\/a>\u00a0es un sensor de inclinaci\u00f3n inal\u00e1mbrica con consumo de energ\u00eda ultra bajo, tama\u00f1o peque\u00f1o y alto rendimiento, que est\u00e1 dirigido a la aplicaci\u00f3n industrial de usuarios sin fuente de alimentaci\u00f3n o medici\u00f3n din\u00e1mica en tiempo real del \u00e1ngulo de actitud de objetos. Impulsado por la bater\u00eda de litio, basada en la tecnolog\u00eda de tecnolog\u00eda de Internet de las cosas Bluetooth y Zigbee (opcional) tecnolog\u00eda de transmisi\u00f3n inal\u00e1mbrica, todos los circuitos internos se han optimizado y dise\u00f1ado, y se adoptan varias medidas, como MCU industrial, placa PCB de tres pruebas, cable importado, carcasa de metal a amplia temperatura de temperatura para mejorar el nivel industrial del producto. Con una buena estabilidad a largo plazo y una peque\u00f1a deriva cero, puede ingresar autom\u00e1ticamente al modo de suspensi\u00f3n de baja potencia, para deshacerse de la dependencia del entorno de uso.<\/p>\n<p>El producto tiene una estructura compacta, un dise\u00f1o preciso, compensaci\u00f3n RE por temperatura y linealidad, y funciones integradas de protecci\u00f3n integral, como cortocircuito, alto voltaje instant\u00e1neo, polaridad, aumento, etc. Es simple y conveniente de usar. El m\u00e9todo de transmisi\u00f3n de se\u00f1al digital inal\u00e1mbrica elimina el engorroso cableado y la interferencia de ruido causada por una larga transmisi\u00f3n de cable;  Los nodos de sensores inal\u00e1mbricos pueden formar una enorme red inal\u00e1mbrica, admitir miles de puntos de medici\u00f3n para monitorear la inclinaci\u00f3n al mismo tiempo y admitir software de computadora profesional. Sin una encuesta de campo, puede medir y registrar el estado del objeto medido en tiempo real;<\/p>\n<p><strong><b>Caracter\u00edsticas<\/b><\/strong><\/p>\n<p>Monitoreo del eje dual (opcional del eje \u00fanico)<\/p>\n<p>Rango: \u00b1 30 \u00b0<\/p>\n<p>Precisi\u00f3n: 0.001 \u00b0, Resoluci\u00f3n: 0.0005 \u00b0<\/p>\n<p>Volumen (94*74*64 mm) (personalizable)<\/p>\n<p>Consumo de energ\u00eda ultra baja<\/p>\n<p>Alimentado por bater\u00eda de litio recargable incorporada<\/p>\n<p>Operaci\u00f3n de temperatura amplia -40 ~+85 \u2103<\/p>\n<p>Grado de protecci\u00f3n IP67<\/p>\n<p><strong><b>Aplicaciones<\/b><\/strong><\/p>\n<p>Construcci\u00f3n de puentes<\/p>\n<p>Nivelaci\u00f3n de inclinaci\u00f3n de sart\u00e9n<\/p>\n<p>Medici\u00f3n de la actitud de navegaci\u00f3n del barco<\/p>\n<p>Monitoreo del t\u00fanel de High Railway Foundation<\/p>\n<p>Posicionamiento por antena solar satelital<\/p>\n<p>Equipo m\u00e9dico<\/p>\n<p>Control de \u00e1ngulo de varias maquinaria de construcci\u00f3n<\/p>","protected":false},"featured_media":2355,"comment_status":"open","ping_status":"closed","template":"","meta":[],"product_brand":[],"product_cat":[24],"product_tag":[],"class_list":{"0":"post-2354","1":"product","2":"type-product","3":"status-publish","4":"has-post-thumbnail","6":"product_cat-tilt-sensor","8":"first","9":"instock","10":"shipping-taxable","11":"product-type-simple"},"_links":{"self":[{"href":"https:\/\/www.andelutech.com\/es\/wp-json\/wp\/v2\/product\/2354","targetHints":{"allow":["GET"]}}],"collection":[{"href":"https:\/\/www.andelutech.com\/es\/wp-json\/wp\/v2\/product"}],"about":[{"href":"https:\/\/www.andelutech.com\/es\/wp-json\/wp\/v2\/types\/product"}],"replies":[{"embeddable":true,"href":"https:\/\/www.andelutech.com\/es\/wp-json\/wp\/v2\/comments?post=2354"}],"wp:featuredmedia":[{"embeddable":true,"href":"https:\/\/www.andelutech.com\/es\/wp-json\/wp\/v2\/media\/2355"}],"wp:attachment":[{"href":"https:\/\/www.andelutech.com\/es\/wp-json\/wp\/v2\/media?parent=2354"}],"wp:term":[{"taxonomy":"product_brand","embeddable":true,"href":"https:\/\/www.andelutech.com\/es\/wp-json\/wp\/v2\/product_brand?post=2354"},{"taxonomy":"product_cat","embeddable":true,"href":"https:\/\/www.andelutech.com\/es\/wp-json\/wp\/v2\/product_cat?post=2354"},{"taxonomy":"product_tag","embeddable":true,"href":"https:\/\/www.andelutech.com\/es\/wp-json\/wp\/v2\/product_tag?post=2354"}],"curies":[{"name":"wp","href":"https:\/\/api.w.org\/{rel}","templated":true}]}}