{"id":2352,"date":"2025-05-23T14:07:48","date_gmt":"2025-05-23T06:07:48","guid":{"rendered":"https:\/\/www.andelutech.com\/?post_type=product&#038;p=2352"},"modified":"2025-06-30T17:44:26","modified_gmt":"2025-06-30T09:44:26","slug":"and-fimu-5500-high-bandwidth-and-large-range-fog-imu","status":"publish","type":"product","link":"https:\/\/www.andelutech.com\/es\/product\/and-fimu-5500-high-bandwidth-and-large-range-fog-imu\/","title":{"rendered":"Y FIMU-5500 HIGH-BANDTH y LANDA RANGO FOG IMU\u00a0"},"content":{"rendered":"","protected":false},"excerpt":{"rendered":"<p><strong><b>Introducci\u00f3n<\/b><\/strong><\/p>\n<p>Y ancho de banda de alto y fimu-5500 y rango grande\u00a0<a href=\"https:\/\/www.ericcointernational.com\/inertial-measurement-units\/fog-imu\/\">NIEBLA IMU<\/a>\u00a0est\u00e1 compuesto por giroscopio de fibra \u00f3ptica y aceler\u00f3metro flexible de cuarzo. El producto adopta el giroscopio de fibra \u00f3ptica de circuito cerrado de tres ejes, que tiene buena precisi\u00f3n y apariencia de luz. El producto de la unidad de medici\u00f3n inercial de fibra \u00f3ptica es un dispositivo de medici\u00f3n inercial rentable, que tiene las caracter\u00edsticas de banda ancha, alta resoluci\u00f3n, baja deriva cero, alta linealidad, tiempo de inicio corto, fuerte resistencia a choque y vibraci\u00f3n, peque\u00f1o tama\u00f1o y bajo costo.<\/p>\n<p><strong><b>Caracter\u00edsticas<\/b><\/strong><\/p>\n<p>Ancho de banda alto, rango grande, bajo consumo de energ\u00eda y peque\u00f1o volumen;<\/p>\n<p>El tiempo de respuesta es corto y la tasa de actualizaci\u00f3n de datos puede ser tan alta como 4 kHz;<\/p>\n<p>Con el procesador ARM, el algoritmo de navegaci\u00f3n se puede dise\u00f1ar de acuerdo con las necesidades del usuario;<\/p>\n<p>Los datos del sensor se calibran y se compensan la temperatura, y todo el rendimiento de la temperatura es estable.<\/p>\n<p><strong><b>Aplicaciones<\/b><\/strong><\/p>\n<p>Municiones inteligentes (JDAM);<\/p>\n<p>Topograf\u00eda aeron\u00e1utica y mapeo;<\/p>\n<p>Navegaci\u00f3n y posicionamiento del veh\u00edculo;<\/p>\n<p>Control de actitud;<\/p>\n<p>Medici\u00f3n de levantamiento;<\/p>\n<p>Sistema de navegaci\u00f3n integrado;<\/p>\n<p><strong><b>Principales indicadores t\u00e9cnicos<\/b><\/strong><\/p>\n<p>Indicadores generales:<\/p>\n<p>Peso: \u2264900g;<\/p>\n<p>Dimensi\u00f3n: 81 mm*81 mm*98 mm;<\/p>\n<p>Fuente de alimentaci\u00f3n: 9 ~ 36V DC;<\/p>\n<p>El consumo de energ\u00eda estable: \u226410w;<\/p>\n<p>Temperatura de trabajo: -40 ~+60 C;<\/p>\n<p>Frecuencia de actualizaci\u00f3n de datos: 1000Hz (personalizable MAX 4000Hz);<\/p>\n<p>Interfaz: RS422.<\/p>\n<p><strong><b>Giroscopio de fibra \u00f3ptica\u00a0<\/b><\/strong><\/p>\n<p>Rango: \u00b1 1000 \u00b0 \/ s;<\/p>\n<p>Estabilidad de sesgo: \u22640.5 \u00b0 \/ h<\/p>\n<p>Repetibilidad de sesgo: \u22640.5 \u00b0 \/ h<\/p>\n<p>Coeficiente de caminata aleatoria: \u22640.05 \u00b0 \/ H0.5<\/p>\n<p>Factor de escala de repetibilidad: \u2264100ppm<\/p>\n<p>Factor de escala no linealidad: \u2264100ppm<\/p>\n<p>Ancho de banda: \u2265500Hz<\/p>\n<p><strong><b>Aceler\u00f3metro de cuarzo<\/b><\/strong><\/p>\n<p>Rango: \u00b1 10g<\/p>\n<p>Estabilidad de sesgo: \u2264300ug (promedio 1)<\/p>\n<p>Estabilidad del factor de escala: \u2264300ppm (-40 ~+60 \u2103)<\/p>\n<p><strong><b>Indicadores de modo Gyro vertical<\/b><\/strong><\/p>\n<p>Rango de medici\u00f3n de actitud horizontal: \u00b1 60 \u00b0;<\/p>\n<p>Precisi\u00f3n de la actitud horizontal: \u22640.03 \u00b0;<\/p>\n<p>Rango de medici\u00f3n de levantamiento: \u00b1 5 m;<\/p>\n<p>Precisi\u00f3n de medici\u00f3n de la medici\u00f3n: \u22645% (la precisi\u00f3n es mejor que 5 cm cuando la amplitud es inferior a 1 m).<\/p>","protected":false},"featured_media":2714,"comment_status":"open","ping_status":"closed","template":"","meta":[],"product_brand":[],"product_cat":[26],"product_tag":[],"class_list":{"0":"post-2352","1":"product","2":"type-product","3":"status-publish","4":"has-post-thumbnail","6":"product_cat-imu-mems-ins","8":"first","9":"instock","10":"shipping-taxable","11":"product-type-simple"},"_links":{"self":[{"href":"https:\/\/www.andelutech.com\/es\/wp-json\/wp\/v2\/product\/2352","targetHints":{"allow":["GET"]}}],"collection":[{"href":"https:\/\/www.andelutech.com\/es\/wp-json\/wp\/v2\/product"}],"about":[{"href":"https:\/\/www.andelutech.com\/es\/wp-json\/wp\/v2\/types\/product"}],"replies":[{"embeddable":true,"href":"https:\/\/www.andelutech.com\/es\/wp-json\/wp\/v2\/comments?post=2352"}],"wp:featuredmedia":[{"embeddable":true,"href":"https:\/\/www.andelutech.com\/es\/wp-json\/wp\/v2\/media\/2714"}],"wp:attachment":[{"href":"https:\/\/www.andelutech.com\/es\/wp-json\/wp\/v2\/media?parent=2352"}],"wp:term":[{"taxonomy":"product_brand","embeddable":true,"href":"https:\/\/www.andelutech.com\/es\/wp-json\/wp\/v2\/product_brand?post=2352"},{"taxonomy":"product_cat","embeddable":true,"href":"https:\/\/www.andelutech.com\/es\/wp-json\/wp\/v2\/product_cat?post=2352"},{"taxonomy":"product_tag","embeddable":true,"href":"https:\/\/www.andelutech.com\/es\/wp-json\/wp\/v2\/product_tag?post=2352"}],"curies":[{"name":"wp","href":"https:\/\/api.w.org\/{rel}","templated":true}]}}