{"id":2350,"date":"2025-05-23T14:06:55","date_gmt":"2025-05-23T06:06:55","guid":{"rendered":"https:\/\/www.andelutech.com\/?post_type=product&#038;p=2350"},"modified":"2025-06-30T17:53:06","modified_gmt":"2025-06-30T09:53:06","slug":"and-fimu-70-fog-imu","status":"publish","type":"product","link":"https:\/\/www.andelutech.com\/es\/product\/and-fimu-70-fog-imu\/","title":{"rendered":"Y FIMU-70 FOG IMU"},"content":{"rendered":"","protected":false},"excerpt":{"rendered":"<p><strong><b>Introducci\u00f3n:<\/b><\/strong><\/p>\n<p>Y la unidad de medici\u00f3n inercial de FIMU-70 FOG est\u00e1 especialmente desarrollada para aplicaciones de sistemas t\u00e1cticos. El producto consta de todas las fibras de fibra de tres ejes de estado s\u00f3lido\u00a0<a href=\"https:\/\/www.ericcointernational.com\/gyroscope\"><u>giroscopio<\/u><\/a>, aceler\u00f3metros flexibles de cuarzo de tres ejes, estructura del cuerpo, placa de interfaz de datos y otros componentes.<\/p>\n<p><strong><b>Aplicaciones<\/b><\/strong><\/p>\n<p>Navegaci\u00f3n inercial de misiles superficiales<\/p>\n<p>Misiles aire-aire y misiles de navegaci\u00f3n<\/p>\n<p>Sistemas de estabilizaci\u00f3n de espacio, sistemas de mapeo, sistemas de referencia de actitud, sistemas de compensaci\u00f3n de movimiento, sistemas de estabilizaci\u00f3n de im\u00e1genes, sistemas de control de vuelo<\/p>\n<p>Instrumentos de maniobra de combate a\u00e9reo<\/p>\n<p>Equipo de prueba de navegaci\u00f3n<\/p>\n<p><strong><b>Presupuesto<\/b><\/strong><\/p>\n<p><strong><b>Giroscopio:<\/b><\/strong><\/p>\n<p>Rango de medici\u00f3n: \u2264500 \u00b0 \/ s<\/p>\n<p>Factor escala no lineal \u2264300ppm (1\u03c3)<\/p>\n<p>Repetibilidad de sesgo \u22640.1-0.5\u00ba \/ h (1\u03c3)<\/p>\n<p>Estabilidad de sesgo \u22640.1\u00ba-0.5\u00ba \/ H (1\u03c3)<\/p>\n<p><strong><b>Aceler\u00f3metro:<\/b><\/strong><\/p>\n<p>Rango de medici\u00f3n \u00b1 50 g<\/p>\n<p>Factor escala no lineal \u2264300ppm (1\u03c3)<\/p>\n<p>Repetibilidad de la escala de factores \u22645 \u00d7 10-4g (1\u03c3)<\/p>\n<p>Dimensiones: 200*100*90 mm (personalizable)<\/p>\n<p>Peso: 1200 g \u00b1 60 g<\/p>\n<p>Fuente de alimentaci\u00f3n: 28V DC (personalizable)<\/p>\n<p>Interfaz de comunicaci\u00f3n: RS-232 (personalizable)<\/p>","protected":false},"featured_media":2728,"comment_status":"open","ping_status":"closed","template":"","meta":[],"product_brand":[],"product_cat":[26],"product_tag":[],"class_list":{"0":"post-2350","1":"product","2":"type-product","3":"status-publish","4":"has-post-thumbnail","6":"product_cat-imu-mems-ins","8":"first","9":"instock","10":"shipping-taxable","11":"product-type-simple"},"_links":{"self":[{"href":"https:\/\/www.andelutech.com\/es\/wp-json\/wp\/v2\/product\/2350","targetHints":{"allow":["GET"]}}],"collection":[{"href":"https:\/\/www.andelutech.com\/es\/wp-json\/wp\/v2\/product"}],"about":[{"href":"https:\/\/www.andelutech.com\/es\/wp-json\/wp\/v2\/types\/product"}],"replies":[{"embeddable":true,"href":"https:\/\/www.andelutech.com\/es\/wp-json\/wp\/v2\/comments?post=2350"}],"wp:featuredmedia":[{"embeddable":true,"href":"https:\/\/www.andelutech.com\/es\/wp-json\/wp\/v2\/media\/2728"}],"wp:attachment":[{"href":"https:\/\/www.andelutech.com\/es\/wp-json\/wp\/v2\/media?parent=2350"}],"wp:term":[{"taxonomy":"product_brand","embeddable":true,"href":"https:\/\/www.andelutech.com\/es\/wp-json\/wp\/v2\/product_brand?post=2350"},{"taxonomy":"product_cat","embeddable":true,"href":"https:\/\/www.andelutech.com\/es\/wp-json\/wp\/v2\/product_cat?post=2350"},{"taxonomy":"product_tag","embeddable":true,"href":"https:\/\/www.andelutech.com\/es\/wp-json\/wp\/v2\/product_tag?post=2350"}],"curies":[{"name":"wp","href":"https:\/\/api.w.org\/{rel}","templated":true}]}}