{"id":2348,"date":"2025-05-23T14:05:59","date_gmt":"2025-05-23T06:05:59","guid":{"rendered":"https:\/\/www.andelutech.com\/?post_type=product&#038;p=2348"},"modified":"2025-06-30T17:48:49","modified_gmt":"2025-06-30T09:48:49","slug":"and-fimu-60-low-cost-high-precision-fog-imu-replace-ln200","status":"publish","type":"product","link":"https:\/\/www.andelutech.com\/es\/product\/and-fimu-60-low-cost-high-precision-fog-imu-replace-ln200\/","title":{"rendered":"Y-FIMU-60 Bajo costo &#038; IMU FOG de alta precisi\u00f3n (reemplazar LN200)"},"content":{"rendered":"","protected":false},"excerpt":{"rendered":"<p><strong><b>Introducci\u00f3n:<\/b><\/strong><\/p>\n<p>AND-FIMU-60 Bajo costo y IMU FOG de alta precisi\u00f3n (reemplazar el LN200) desarrollado para sistemas militares t\u00e1cticos con el fin de reemplazar el LN200 de Northrop Grumman (antiguo Litton). Consiste en un giroscopio de fibra \u00f3ptica triaxial totalmente s\u00f3lido y aceler\u00f3metro de flexibilidad de cuarzo triaxial, estructura del cuerpo, placa de interfaz de datos y otros componentes. Tiene las siguientes ventajas: arranque r\u00e1pido y respuesta r\u00e1pida; medici\u00f3n completa de la actitud; bajo consumo de energ\u00eda y miniaturizaci\u00f3n; totalmente sellado, parte no activa y compartimiento de protecci\u00f3n de gas, y estructura de marco fiable, por lo tanto, con alta fiabilidad y larga vida \u00fatil. El sensor tiene bajo ruido y peque\u00f1o desplazamiento, y puede integrarse directamente con el ordenador de navegaci\u00f3n, el receptor de sat\u00e9lite y el software relacionado para formar la navegaci\u00f3n integrada GNSS \/ INS. Puede aplicarse directamente a la navegaci\u00f3n inercial de misiles tierra-aire, misiles aire-aire y misiles de navegaci\u00f3n. Puede ser ampliamente utilizado en sistemas de estabilizaci\u00f3n espacial, sistemas de mapeo, sistemas de referencia de actitud, sistemas de compensaci\u00f3n de movimiento, sistemas de estabilizaci\u00f3n de im\u00e1genes, sistemas de control de vuelo e instrumentos de maniobra de combate a\u00e9reo \/ equipo de prueba de navegaci\u00f3n.<\/p>","protected":false},"featured_media":2722,"comment_status":"open","ping_status":"closed","template":"","meta":[],"product_brand":[],"product_cat":[26],"product_tag":[],"class_list":{"0":"post-2348","1":"product","2":"type-product","3":"status-publish","4":"has-post-thumbnail","6":"product_cat-imu-mems-ins","8":"first","9":"instock","10":"shipping-taxable","11":"product-type-simple"},"_links":{"self":[{"href":"https:\/\/www.andelutech.com\/es\/wp-json\/wp\/v2\/product\/2348","targetHints":{"allow":["GET"]}}],"collection":[{"href":"https:\/\/www.andelutech.com\/es\/wp-json\/wp\/v2\/product"}],"about":[{"href":"https:\/\/www.andelutech.com\/es\/wp-json\/wp\/v2\/types\/product"}],"replies":[{"embeddable":true,"href":"https:\/\/www.andelutech.com\/es\/wp-json\/wp\/v2\/comments?post=2348"}],"wp:featuredmedia":[{"embeddable":true,"href":"https:\/\/www.andelutech.com\/es\/wp-json\/wp\/v2\/media\/2722"}],"wp:attachment":[{"href":"https:\/\/www.andelutech.com\/es\/wp-json\/wp\/v2\/media?parent=2348"}],"wp:term":[{"taxonomy":"product_brand","embeddable":true,"href":"https:\/\/www.andelutech.com\/es\/wp-json\/wp\/v2\/product_brand?post=2348"},{"taxonomy":"product_cat","embeddable":true,"href":"https:\/\/www.andelutech.com\/es\/wp-json\/wp\/v2\/product_cat?post=2348"},{"taxonomy":"product_tag","embeddable":true,"href":"https:\/\/www.andelutech.com\/es\/wp-json\/wp\/v2\/product_tag?post=2348"}],"curies":[{"name":"wp","href":"https:\/\/api.w.org\/{rel}","templated":true}]}}