{"id":2344,"date":"2025-05-23T14:04:36","date_gmt":"2025-05-23T06:04:36","guid":{"rendered":"https:\/\/www.andelutech.com\/?post_type=product&#038;p=2344"},"modified":"2025-06-30T17:12:23","modified_gmt":"2025-06-30T09:12:23","slug":"and-fimu-50-minimum-fog-imu-50","status":"publish","type":"product","link":"https:\/\/www.andelutech.com\/es\/product\/and-fimu-50-minimum-fog-imu-50\/","title":{"rendered":"Y FIMU-50 FOG MINIMUMA IMU 50"},"content":{"rendered":"","protected":false},"excerpt":{"rendered":"<p><strong><b>Introducci\u00f3n<\/b><\/strong><\/p>\n<p>Y-FIMU-50\u00a0<a href=\"https:\/\/www.ericcointernational.com\/inertial-measurement-units\/fog-imu\/\">FOG IMU<\/a>es un dispositivo de medici\u00f3n inercial m\u00ednimamente rentable para la navegaci\u00f3n, el control y la medici\u00f3n din\u00e1mica. El sistema adopta giroscopio y aceler\u00f3metro de fibra \u00f3ptica de circuito cerrado de alta fiabilidad y garantiza la precisi\u00f3n de la medici\u00f3n a trav\u00e9s de m\u00faltiples t\u00e9cnicas de compensaci\u00f3n. En el proceso de fabricaci\u00f3n se adopta una tecnolog\u00eda estricta para garantizar que los par\u00e1metros de movimiento angular y lineal del portador se puedan medir con precisi\u00f3n en condiciones duras.<\/p>\n<p>El producto tiene una gran experiencia de usuario. Adem\u00e1s de la fuente de alimentaci\u00f3n de amplio voltaje, los usuarios tambi\u00e9n pueden configurar el ancho de banda de salida, la velocidad de actualizaci\u00f3n de datos, la velocidad de baud del puerto de comunicaci\u00f3n y el protocolo de comunicaci\u00f3n de acuerdo con sus necesidades.<strong><b>\u00a0<\/b><\/strong><\/p>\n<p><strong><b>Caracter\u00edsticas<\/b><\/strong><\/p>\n<p>Fibra \u00f3ptica m\u00ednima\u00a0<a href=\"https:\/\/www.ericcointernational.com\/inertial-measurement-units\/\">IMU<\/a><\/p>\n<p>Compensaci\u00f3n de temperatura completa<\/p>\n<p>Fuerte resistencia a choques y vibraciones<\/p>\n<p>Ancho de banda&gt; 100 Hz<\/p>\n<p>Velocidad de actualizaci\u00f3n de datos: 100Hz ~ 4000Hz<\/p>\n<p>Velocidad de baud configurable, hasta 921.6Kbps<\/p>\n<p>Peso&lt; 600 gramos<\/p>\n<p>Amplia fuente de voltaje 9V ~ 31V<\/p>\n<p>Consumo de energ\u00eda 4,8 W<\/p>\n<p><strong><b>Aplicaciones<\/b><\/strong><\/p>\n<p><a href=\"https:\/\/www.ericcointernational.com\/attitude-heading-reference-system\/\">AHRS<\/a><\/p>\n<p>Sistema de control de gu\u00eda<\/p>\n<p>Medici\u00f3n de actitud de veh\u00edculos y naves<\/p>\n<p>Sistema de navegaci\u00f3n integrado inercial\/sat\u00e9lite<\/p>\n<p>Sistema de perforaci\u00f3n<\/p>\n<p>Sistema de mapeo m\u00f3vil<\/p>\n<p>Comunicaci\u00f3n por sat\u00e9lite en movimiento<\/p>","protected":false},"featured_media":2706,"comment_status":"open","ping_status":"closed","template":"","meta":[],"product_brand":[],"product_cat":[26],"product_tag":[],"class_list":{"0":"post-2344","1":"product","2":"type-product","3":"status-publish","4":"has-post-thumbnail","6":"product_cat-imu-mems-ins","8":"first","9":"instock","10":"shipping-taxable","11":"product-type-simple"},"_links":{"self":[{"href":"https:\/\/www.andelutech.com\/es\/wp-json\/wp\/v2\/product\/2344","targetHints":{"allow":["GET"]}}],"collection":[{"href":"https:\/\/www.andelutech.com\/es\/wp-json\/wp\/v2\/product"}],"about":[{"href":"https:\/\/www.andelutech.com\/es\/wp-json\/wp\/v2\/types\/product"}],"replies":[{"embeddable":true,"href":"https:\/\/www.andelutech.com\/es\/wp-json\/wp\/v2\/comments?post=2344"}],"wp:featuredmedia":[{"embeddable":true,"href":"https:\/\/www.andelutech.com\/es\/wp-json\/wp\/v2\/media\/2706"}],"wp:attachment":[{"href":"https:\/\/www.andelutech.com\/es\/wp-json\/wp\/v2\/media?parent=2344"}],"wp:term":[{"taxonomy":"product_brand","embeddable":true,"href":"https:\/\/www.andelutech.com\/es\/wp-json\/wp\/v2\/product_brand?post=2344"},{"taxonomy":"product_cat","embeddable":true,"href":"https:\/\/www.andelutech.com\/es\/wp-json\/wp\/v2\/product_cat?post=2344"},{"taxonomy":"product_tag","embeddable":true,"href":"https:\/\/www.andelutech.com\/es\/wp-json\/wp\/v2\/product_tag?post=2344"}],"curies":[{"name":"wp","href":"https:\/\/api.w.org\/{rel}","templated":true}]}}