{"id":2335,"date":"2025-05-23T13:59:41","date_gmt":"2025-05-23T05:59:41","guid":{"rendered":"https:\/\/www.andelutech.com\/?post_type=product&#038;p=2335"},"modified":"2026-01-12T15:21:50","modified_gmt":"2026-01-12T07:21:50","slug":"high-accuracy-mems-imu-m01-a","status":"publish","type":"product","link":"https:\/\/www.andelutech.com\/es\/product\/high-accuracy-mems-imu-m01-a\/","title":{"rendered":"AND-M01-A High Accuracy MEMS IMU"},"content":{"rendered":"","protected":false},"excerpt":{"rendered":"<p><strong><b>Introducci\u00f3n<\/b><\/strong><\/p>\n<p>Los MEMS pueden medir la informaci\u00f3n de tasa angular de tono, rollo y encabezado en tiempo real y llevarla a los usuarios.<\/p>\n<p>A\u00a0<a href=\"https:\/\/www.ericcointernational.com\/inertial-measurement-units\/mems-inertial-measurement-unit\/\">MEMS IMU<\/a>\u00a0El sensor, el giroscopio y el ACELER\u00d3METRO compuesto POR giroscopio MEMS, aceler\u00f3metro MEMS y magnet\u00f3metro constituyen los componentes centrales del sistema de navegaci\u00f3n inercial. A trav\u00e9s del aceler\u00f3metro y el giroscopio incorporados, el IMU puede medir la aceleraci\u00f3n lineal y la velocidad angular rotacional en tres direcciones, y obtener la actitud, la velocidad y la informaci\u00f3n de desplazamiento de los portadores.<\/p>\n<p>La IMU se usa principalmente en equipos de control de movimiento, como veh\u00edculos y robots, y tambi\u00e9n se puede usar en ocasiones que requieren el uso del c\u00e1lculo de actitud para un desplazamiento preciso, como equipos de navegaci\u00f3n inercial para submarinos, aviones, misiles y naves espaciales. En comparaci\u00f3n con otros equipos de navegaci\u00f3n, el sistema de navegaci\u00f3n inercial tambi\u00e9n tiene las caracter\u00edsticas importantes de la informaci\u00f3n integral, la autonom\u00eda completa, el ocultamiento fuerte, la informaci\u00f3n continua en tiempo real, libre de tiempo, restricciones geogr\u00e1ficas y factores humanos, que lo hacen adecuado para el aire, el agua y el trabajo subterr\u00e1neo normalmente en el medio ambiente.<\/p>","protected":false},"featured_media":2318,"comment_status":"open","ping_status":"closed","template":"","meta":[],"product_brand":[],"product_cat":[26],"product_tag":[],"class_list":{"0":"post-2335","1":"product","2":"type-product","3":"status-publish","4":"has-post-thumbnail","6":"product_cat-imu-mems-ins","8":"first","9":"instock","10":"shipping-taxable","11":"product-type-simple"},"_links":{"self":[{"href":"https:\/\/www.andelutech.com\/es\/wp-json\/wp\/v2\/product\/2335","targetHints":{"allow":["GET"]}}],"collection":[{"href":"https:\/\/www.andelutech.com\/es\/wp-json\/wp\/v2\/product"}],"about":[{"href":"https:\/\/www.andelutech.com\/es\/wp-json\/wp\/v2\/types\/product"}],"replies":[{"embeddable":true,"href":"https:\/\/www.andelutech.com\/es\/wp-json\/wp\/v2\/comments?post=2335"}],"wp:featuredmedia":[{"embeddable":true,"href":"https:\/\/www.andelutech.com\/es\/wp-json\/wp\/v2\/media\/2318"}],"wp:attachment":[{"href":"https:\/\/www.andelutech.com\/es\/wp-json\/wp\/v2\/media?parent=2335"}],"wp:term":[{"taxonomy":"product_brand","embeddable":true,"href":"https:\/\/www.andelutech.com\/es\/wp-json\/wp\/v2\/product_brand?post=2335"},{"taxonomy":"product_cat","embeddable":true,"href":"https:\/\/www.andelutech.com\/es\/wp-json\/wp\/v2\/product_cat?post=2335"},{"taxonomy":"product_tag","embeddable":true,"href":"https:\/\/www.andelutech.com\/es\/wp-json\/wp\/v2\/product_tag?post=2335"}],"curies":[{"name":"wp","href":"https:\/\/api.w.org\/{rel}","templated":true}]}}