{"id":2325,"date":"2025-05-23T13:51:59","date_gmt":"2025-05-23T05:51:59","guid":{"rendered":"https:\/\/www.andelutech.com\/?post_type=product&#038;p=2325"},"modified":"2026-01-09T13:15:45","modified_gmt":"2026-01-09T05:15:45","slug":"high-precision-navigation-stable-control-mems-imu-07","status":"publish","type":"product","link":"https:\/\/www.andelutech.com\/es\/product\/high-precision-navigation-stable-control-mems-imu-07\/","title":{"rendered":"AND-IMU-07 High Precision Navigation\/Stable Control MEMS"},"content":{"rendered":"","protected":false},"excerpt":{"rendered":"<p><strong><b>Introducci\u00f3n<\/b><\/strong><\/p>\n<p>La unidad de medici\u00f3n inercial, denominada IMU, es un dispositivo para medir el \u00e1ngulo de actitud (o velocidad angular) y la aceleraci\u00f3n de los tres eje del objeto.\u00a0<a href=\"https:\/\/www.ericcointernational.com\/gyroscope\">Giroscopio<\/a>\u00a0y<a href=\"https:\/\/www.ericcointernational.com\/accelerometer\">aceler\u00f3metro<\/a>\u00a0son los dispositivos centrales del sistema de navegaci\u00f3n inercial (<a href=\"https:\/\/www.ericcointernational.com\/inertial-navigation-system\">INS<\/a>). Con el sensor de aceler\u00f3metro incorporado y el giroscopio, el IMU puede medir la velocidad angular de aceleraci\u00f3n y rotaci\u00f3n lineales de tres direcciones y puede obtener la actitud, la velocidad y la informaci\u00f3n de desplazamiento del portador a trav\u00e9s de la resoluci\u00f3n.<\/p>\n<p>Y-MIMU-07 utiliza aceler\u00f3metro y giroscopio MEMS con alta calidad y confiabilidad, RS422 y comunicaci\u00f3n externa, la velocidad de baudios se puede establecer de manera flexible entre 9600 ~ 921600, a trav\u00e9s del protocolo de comunicaci\u00f3n para establecer la tasa de baudios de comunicaci\u00f3n requerida del usuario. Con el aceler\u00f3metro de tres ejes de precisi\u00f3n X, Y, Z de tres ejes, X, Y, Z de tres ejes con alta resoluci\u00f3n, se puede emitir por Rs422 X, Y, Z tres eje de giroscopio y los datos del complemento hexadecimal original del aceler\u00f3metro (la temperatura del complemento hexadecimal, la temperatura num\u00e9rica, el \u00e1ngulo num\u00e9rico, la temperatura num\u00e9rica del aceler\u00f3metro.<\/p>\n<p><strong><b>\u00c1reas de aplicaci\u00f3n<\/b><\/strong><\/p>\n<p>Control general de aviaci\u00f3n \/ vuelo<\/p>\n<p>AHRS (sistema de referencia de encabezado de actitud)<\/p>\n<p>Navegaci\u00f3n asistida por GPS<\/p>\n<p>Veh\u00edculos aut\u00f3nomos y operados remotamente<\/p>\n<p>Miner\u00eda<\/p>","protected":false},"featured_media":2326,"comment_status":"open","ping_status":"closed","template":"","meta":[],"product_brand":[],"product_cat":[26],"product_tag":[],"class_list":{"0":"post-2325","1":"product","2":"type-product","3":"status-publish","4":"has-post-thumbnail","6":"product_cat-imu-mems-ins","8":"first","9":"instock","10":"shipping-taxable","11":"product-type-simple"},"_links":{"self":[{"href":"https:\/\/www.andelutech.com\/es\/wp-json\/wp\/v2\/product\/2325","targetHints":{"allow":["GET"]}}],"collection":[{"href":"https:\/\/www.andelutech.com\/es\/wp-json\/wp\/v2\/product"}],"about":[{"href":"https:\/\/www.andelutech.com\/es\/wp-json\/wp\/v2\/types\/product"}],"replies":[{"embeddable":true,"href":"https:\/\/www.andelutech.com\/es\/wp-json\/wp\/v2\/comments?post=2325"}],"wp:featuredmedia":[{"embeddable":true,"href":"https:\/\/www.andelutech.com\/es\/wp-json\/wp\/v2\/media\/2326"}],"wp:attachment":[{"href":"https:\/\/www.andelutech.com\/es\/wp-json\/wp\/v2\/media?parent=2325"}],"wp:term":[{"taxonomy":"product_brand","embeddable":true,"href":"https:\/\/www.andelutech.com\/es\/wp-json\/wp\/v2\/product_brand?post=2325"},{"taxonomy":"product_cat","embeddable":true,"href":"https:\/\/www.andelutech.com\/es\/wp-json\/wp\/v2\/product_cat?post=2325"},{"taxonomy":"product_tag","embeddable":true,"href":"https:\/\/www.andelutech.com\/es\/wp-json\/wp\/v2\/product_tag?post=2325"}],"curies":[{"name":"wp","href":"https:\/\/api.w.org\/{rel}","templated":true}]}}