{"id":2319,"date":"2025-05-23T13:47:22","date_gmt":"2025-05-23T05:47:22","guid":{"rendered":"https:\/\/www.andelutech.com\/?post_type=product&#038;p=2319"},"modified":"2026-01-09T13:19:45","modified_gmt":"2026-01-09T05:19:45","slug":"mimu-04","status":"publish","type":"product","link":"https:\/\/www.andelutech.com\/es\/product\/mimu-04\/","title":{"rendered":"AND-MIMU-04 MEMS"},"content":{"rendered":"","protected":false},"excerpt":{"rendered":"<p>La unidad de medici\u00f3n inercial, denominada IMU, es un dispositivo para medir el \u00e1ngulo de actitud (o velocidad angular) y la aceleraci\u00f3n de los tres eje del objeto. Giroscopio y aceler\u00f3metro son los dispositivos centrales del sistema de navegaci\u00f3n inercial (<a href=\"https:\/\/www.ericcointernational.com\/inertial-navigation-system\">INS<\/a>). Con el sensor de aceler\u00f3metro incorporado y el giroscopio, el IMU puede medir la velocidad angular de aceleraci\u00f3n y rotaci\u00f3n lineales de tres direcciones y puede obtener la actitud, la velocidad y la informaci\u00f3n de desplazamiento del portador a trav\u00e9s de la resoluci\u00f3n.<\/p>\n<p>Y-MIMU-04 utiliza aceler\u00f3metro y giroscopio MEMS con alta calidad y confiabilidad, RS422 y comunicaci\u00f3n externa, la velocidad de transmisi\u00f3n se puede establecer de manera flexible entre 9600 ~ 921600, a trav\u00e9s del protocolo de comunicaci\u00f3n para establecer la tasa de baudios de comunicaci\u00f3n requerida del usuario. Con el aceler\u00f3metro de tres ejes de precisi\u00f3n X, Y, Z de tres ejes, X, Y, Z de tres ejes con alta resoluci\u00f3n, se puede emitir por Rs422 X, Y, Z tres eje de giroscopio y los datos del complemento hexadecimal original del aceler\u00f3metro (la temperatura del complemento hexadecimal, la temperatura num\u00e9rica, el \u00e1ngulo num\u00e9rico, la temperatura num\u00e9rica del aceler\u00f3metro.<\/p>\n<h2><strong><b>Aplicaciones de la unidad de medici\u00f3n de inercia de IMU<\/b><\/strong><\/h2>\n<p>Medici\u00f3n de \u00e1ngulo de inmersi\u00f3n de maquinaria de construcci\u00f3n, control de \u00e1ngulo, monitoreo de operaci\u00f3n de pil\u00f3n, control de \u00e1ngulo de equipo m\u00e9dico, b\u00fasqueda de estrellas de antena satelital, puente, edificio alto, torre, monitoreo de presas y monitoreo de rocas y suelo,\u00a0<a href=\"https:\/\/www.ericcointernational.com\/north-finders\/fiber-optic-gyro-north-finder\/er-fiber-optic-gyro-north-finder-for-mining.html\"><strong><b>miner\u00eda<\/b><\/strong><\/a>, Sistema de referencia de actitud \/heading, navegaci\u00f3n inercial integrada, sistemas de navegaci\u00f3n integrados y sistema de orientaci\u00f3n inercial, sistema de control de vuelo y orientaci\u00f3n, sistemas de referencia de encabezado de actitud (Sistemas de referencia (<a href=\"https:\/\/www.ericcointernational.com\/attitude-heading-reference-system\">AHRS<\/a>), Estabilizaci\u00f3n de antenas, c\u00e1maras y plataformas.<\/p>\n<h2><strong><b>Caracter\u00edsticas\u00a0<\/b><\/strong><\/h2>\n<p>Volumen: 38.6 mm \u00d7 44.8 mm \u00d7 21.8 mm;<\/p>\n<p>Fuente de alimentaci\u00f3n de 5V, bajo consumo de energ\u00eda 1.0W;<\/p>\n<p>peso ligero: 55 g;<\/p>\n<p>Los productos incluyen X, Y, Z Three Axis MEMS Gyro y X, Y, Z Tres Axis MEMS Aceler\u00f3metro;<\/p>\n<p>Comunicaci\u00f3n de bus RS422, se puede establecer una tasa de baudios de 9600 ~ 921600.<\/p>","protected":false},"featured_media":2320,"comment_status":"open","ping_status":"closed","template":"","meta":[],"product_brand":[],"product_cat":[26],"product_tag":[],"class_list":{"0":"post-2319","1":"product","2":"type-product","3":"status-publish","4":"has-post-thumbnail","6":"product_cat-imu-mems-ins","8":"first","9":"instock","10":"shipping-taxable","11":"product-type-simple"},"_links":{"self":[{"href":"https:\/\/www.andelutech.com\/es\/wp-json\/wp\/v2\/product\/2319","targetHints":{"allow":["GET"]}}],"collection":[{"href":"https:\/\/www.andelutech.com\/es\/wp-json\/wp\/v2\/product"}],"about":[{"href":"https:\/\/www.andelutech.com\/es\/wp-json\/wp\/v2\/types\/product"}],"replies":[{"embeddable":true,"href":"https:\/\/www.andelutech.com\/es\/wp-json\/wp\/v2\/comments?post=2319"}],"wp:featuredmedia":[{"embeddable":true,"href":"https:\/\/www.andelutech.com\/es\/wp-json\/wp\/v2\/media\/2320"}],"wp:attachment":[{"href":"https:\/\/www.andelutech.com\/es\/wp-json\/wp\/v2\/media?parent=2319"}],"wp:term":[{"taxonomy":"product_brand","embeddable":true,"href":"https:\/\/www.andelutech.com\/es\/wp-json\/wp\/v2\/product_brand?post=2319"},{"taxonomy":"product_cat","embeddable":true,"href":"https:\/\/www.andelutech.com\/es\/wp-json\/wp\/v2\/product_cat?post=2319"},{"taxonomy":"product_tag","embeddable":true,"href":"https:\/\/www.andelutech.com\/es\/wp-json\/wp\/v2\/product_tag?post=2319"}],"curies":[{"name":"wp","href":"https:\/\/api.w.org\/{rel}","templated":true}]}}