{"id":2317,"date":"2025-05-23T13:45:31","date_gmt":"2025-05-23T05:45:31","guid":{"rendered":"https:\/\/www.andelutech.com\/?post_type=product&#038;p=2317"},"modified":"2025-05-23T13:45:31","modified_gmt":"2025-05-23T05:45:31","slug":"and-mimu-03-high-precision-stable-control-mems-imu","status":"publish","type":"product","link":"https:\/\/www.andelutech.com\/es\/product\/and-mimu-03-high-precision-stable-control-mems-imu\/","title":{"rendered":"Y-MIMU-03 MEMU de control estable de alta precisi\u00f3n IMU"},"content":{"rendered":"","protected":false},"excerpt":{"rendered":"<p>La unidad de medici\u00f3n inercial, denominada IMU, es un dispositivo para medir el \u00e1ngulo de actitud (o velocidad angular) y la aceleraci\u00f3n de los tres eje del objeto.<a href=\"https:\/\/www.ericcointernational.com\/gyroscope\">Giroscopio<\/a>\u00a0y el aceler\u00f3metro son los dispositivos centrales del sistema de NAVEGACI\u00d3N inercial (INS). Con el sensor de aceler\u00f3metro incorporado y el giroscopio, el IMU puede medir la velocidad angular de aceleraci\u00f3n y rotaci\u00f3n lineales de tres direcciones y puede obtener la actitud, la velocidad y la informaci\u00f3n de desplazamiento del portador a trav\u00e9s de la resoluci\u00f3n.<\/p>\n<p>Y-MIMU-03 utiliza aceler\u00f3metro y giroscopio MEMS con alta calidad y confiabilidad, RS422 y comunicaci\u00f3n externa, la velocidad de baudios se puede establecer de manera flexible entre 9600 ~ 921600, a trav\u00e9s del protocolo de comunicaci\u00f3n para establecer la tasa de baudios de comunicaci\u00f3n requerida del usuario. Con el aceler\u00f3metro de tres ejes de tres ejes X, Y, Z de tres ejes, X, X, Y, Z de tres ejes con alta resoluci\u00f3n, se puede emitir por Rs422 X, Y, Z tres eje de giroscopio y los datos del complemento hexadecimal original del aceler\u00f3metro (la temperatura del complemento hexadecimal de Gyro Hexadecimal.<\/p>\n<p><strong><b>Aplicaciones<\/b><\/strong><\/p>\n<p>Control general de aviaci\u00f3n \/ vuelo<\/p>\n<p>AHRS (sistema de referencia de encabezado de actitud)<\/p>\n<p>Navegaci\u00f3n asistida por GPS<\/p>\n<p>Veh\u00edculos aut\u00f3nomos y operados remotamente<\/p>\n<p>Miner\u00eda<\/p>\n<p><strong><b>Caracter\u00edsticas<\/b><\/strong><\/p>\n<p>Volumen: 38.6 mm \u00d7 44.8 mm \u00d7 21.8 mm;<\/p>\n<p>Fuente de alimentaci\u00f3n de 5V, bajo consumo de energ\u00eda 1.0W;<\/p>\n<p>Peso ligero: 55 g;<\/p>\n<p>Los productos incluyen X, Y, Z Three Axis MEMS Gyro y X, Y, Z Tres Axis MEMS Aceler\u00f3metro;<\/p>\n<p>Comunicaci\u00f3n de bus RS422, se puede establecer una tasa de baudios de 9600 ~ 921600.<\/p>","protected":false},"featured_media":2318,"comment_status":"open","ping_status":"closed","template":"","meta":[],"product_brand":[],"product_cat":[26],"product_tag":[],"class_list":{"0":"post-2317","1":"product","2":"type-product","3":"status-publish","4":"has-post-thumbnail","6":"product_cat-imu-mems-ins","8":"first","9":"instock","10":"shipping-taxable","11":"product-type-simple"},"_links":{"self":[{"href":"https:\/\/www.andelutech.com\/es\/wp-json\/wp\/v2\/product\/2317","targetHints":{"allow":["GET"]}}],"collection":[{"href":"https:\/\/www.andelutech.com\/es\/wp-json\/wp\/v2\/product"}],"about":[{"href":"https:\/\/www.andelutech.com\/es\/wp-json\/wp\/v2\/types\/product"}],"replies":[{"embeddable":true,"href":"https:\/\/www.andelutech.com\/es\/wp-json\/wp\/v2\/comments?post=2317"}],"wp:featuredmedia":[{"embeddable":true,"href":"https:\/\/www.andelutech.com\/es\/wp-json\/wp\/v2\/media\/2318"}],"wp:attachment":[{"href":"https:\/\/www.andelutech.com\/es\/wp-json\/wp\/v2\/media?parent=2317"}],"wp:term":[{"taxonomy":"product_brand","embeddable":true,"href":"https:\/\/www.andelutech.com\/es\/wp-json\/wp\/v2\/product_brand?post=2317"},{"taxonomy":"product_cat","embeddable":true,"href":"https:\/\/www.andelutech.com\/es\/wp-json\/wp\/v2\/product_cat?post=2317"},{"taxonomy":"product_tag","embeddable":true,"href":"https:\/\/www.andelutech.com\/es\/wp-json\/wp\/v2\/product_tag?post=2317"}],"curies":[{"name":"wp","href":"https:\/\/api.w.org\/{rel}","templated":true}]}}