{"id":2313,"date":"2025-05-23T13:36:24","date_gmt":"2025-05-23T05:36:24","guid":{"rendered":"https:\/\/www.andelutech.com\/?post_type=product&#038;p=2313"},"modified":"2025-05-23T13:36:25","modified_gmt":"2025-05-23T05:36:25","slug":"and-mimu-02-high-precision-navigation-mems-imu","status":"publish","type":"product","link":"https:\/\/www.andelutech.com\/es\/product\/and-mimu-02-high-precision-navigation-mems-imu\/","title":{"rendered":"Y MEMU de navegaci\u00f3n de alta precisi\u00f3n de MIMU-02 IMU"},"content":{"rendered":"","protected":false},"excerpt":{"rendered":"<p>La unidad de medici\u00f3n inercial, denominada IMU, es un dispositivo para medir el \u00e1ngulo de actitud (o velocidad angular) y la aceleraci\u00f3n de los tres eje del objeto. El giroscopio y el aceler\u00f3metro son los dispositivos centrales del sistema de navegaci\u00f3n inercial (INS). Con el sensor de aceler\u00f3metro incorporado y el giroscopio, el IMU puede medir la velocidad angular de aceleraci\u00f3n y rotaci\u00f3n lineales de tres direcciones y puede obtener la actitud, la velocidad y la informaci\u00f3n de desplazamiento del portador a trav\u00e9s de la resoluci\u00f3n.<\/p>\n<p>Y usos-02\u00a0<a href=\"https:\/\/www.ericcointernational.com\/accelerometer\/mems-accelerometer\">Aceler\u00f3metro MEMS<\/a>\u00a0y giroscopio con alta calidad y confiabilidad, RS422 y comunicaci\u00f3n externa, la tasa de baudios se puede establecer DE manera flexible entre 9600 ~ 921600, a trav\u00e9s del protocolo de comunicaci\u00f3n para establecer la tasa de baudios de comunicaci\u00f3n requerida del usuario. Con el aceler\u00f3metro de tres ejes de tres ejes X, Y, Z de tres ejes, X, X, Y, Z de tres ejes con alta resoluci\u00f3n, se puede emitir por Rs422 X, Y, Z tres eje de giroscopio y los datos del complemento hexadecimal original del aceler\u00f3metro (la temperatura del complemento hexadecimal de Gyro Hexadecimal.<\/p>\n<p><strong><b>Aplicaciones<\/b><\/strong><\/p>\n<p>Antena y sistemas de estabilizaci\u00f3n de la l\u00ednea de visi\u00f3n<\/p>\n<p>Sistemas de navegaci\u00f3n integrados y sistema de orientaci\u00f3n inercial<\/p>\n<p>Sistema de control de vuelo y orientaci\u00f3n<\/p>\n<p>Sistemas de referencia de encabezado de actitud (<a href=\"https:\/\/www.ericcointernational.com\/attitude-heading-reference-system\/\">AHRS<\/a>)<\/p>\n<p>Estabilizaci\u00f3n de antenas, c\u00e1maras y plataformas<\/p>\n<p>Geo-mapeo \/ topograf\u00eda a\u00e9rea y marina<\/p>\n<p><strong><b>Caracter\u00edsticas<\/b><\/strong><\/p>\n<p>Volumen: 38.6 mm \u00d7 44.8 mm \u00d7 21.8 mm;<\/p>\n<p>Fuente de alimentaci\u00f3n de 5V, bajo consumo de energ\u00eda 1.0W;<\/p>\n<p>Ligero: 50 g;<\/p>\n<p>Los productos incluyen X, Y, Z MEMS de tres ejes Gyro y X, Y, Z Aceler\u00f3metro MEMS de tres ejes;<\/p>\n<p>Comunicaci\u00f3n de bus RS422, se puede establecer una tasa de baudios de 9600 ~ 921600.<\/p>","protected":false},"featured_media":2315,"comment_status":"open","ping_status":"closed","template":"","meta":[],"product_brand":[],"product_cat":[26],"product_tag":[],"class_list":{"0":"post-2313","1":"product","2":"type-product","3":"status-publish","4":"has-post-thumbnail","6":"product_cat-imu-mems-ins","8":"first","9":"instock","10":"shipping-taxable","11":"product-type-simple"},"_links":{"self":[{"href":"https:\/\/www.andelutech.com\/es\/wp-json\/wp\/v2\/product\/2313","targetHints":{"allow":["GET"]}}],"collection":[{"href":"https:\/\/www.andelutech.com\/es\/wp-json\/wp\/v2\/product"}],"about":[{"href":"https:\/\/www.andelutech.com\/es\/wp-json\/wp\/v2\/types\/product"}],"replies":[{"embeddable":true,"href":"https:\/\/www.andelutech.com\/es\/wp-json\/wp\/v2\/comments?post=2313"}],"wp:featuredmedia":[{"embeddable":true,"href":"https:\/\/www.andelutech.com\/es\/wp-json\/wp\/v2\/media\/2315"}],"wp:attachment":[{"href":"https:\/\/www.andelutech.com\/es\/wp-json\/wp\/v2\/media?parent=2313"}],"wp:term":[{"taxonomy":"product_brand","embeddable":true,"href":"https:\/\/www.andelutech.com\/es\/wp-json\/wp\/v2\/product_brand?post=2313"},{"taxonomy":"product_cat","embeddable":true,"href":"https:\/\/www.andelutech.com\/es\/wp-json\/wp\/v2\/product_cat?post=2313"},{"taxonomy":"product_tag","embeddable":true,"href":"https:\/\/www.andelutech.com\/es\/wp-json\/wp\/v2\/product_tag?post=2313"}],"curies":[{"name":"wp","href":"https:\/\/api.w.org\/{rel}","templated":true}]}}